{"id":1998,"date":"2023-01-05T14:58:39","date_gmt":"2023-01-05T13:58:39","guid":{"rendered":"https:\/\/shop-physiolac-staging-interne.leserviceweb.com\/nos-produits\/cereales-bebe-cacao-bio-2\/"},"modified":"2024-10-30T10:49:30","modified_gmt":"2024-10-30T09:49:30","slug":"cereales-bebe-cacao-bio-2","status":"publish","type":"product","link":"https:\/\/shop-physiolac-staging-interne.leserviceweb.com\/en\/nos-produits\/cereales-bebe-cacao-bio-2\/","title":{"rendered":"C\u00e9r\u00e9ales B\u00e9b\u00e9 Cacao Bio"},"content":{"rendered":"<p>Les <strong>c\u00e9r\u00e9ales infantiles Physiolac Bio Cacao <\/strong>pour les enfants \u00e0 partir de 6 mois sont compos\u00e9es de farines de bl\u00e9, de riz et d\u2019avoine. Elles contiennent du gluten pour une introduction en douceur dans l\u2019alimentation.<\/p>\n<p>Elles apportent \u00e9galement de la vitamine B1 et des fibres, et sont adapt\u00e9es aux besoins nutritionnels des tout-petits, conform\u00e9ment \u00e0 la r\u00e8glementation sur l&#8217;alimentation infantile.<\/p>\n<p>Les c\u00e9r\u00e9ales pour b\u00e9b\u00e9 participent \u00e0 une alimentation diversifi\u00e9e, \u00e9tape indispensable pour le d\u00e9veloppement de l\u2019enfant pour l\u2019apprentissage des textures et des go\u00fbts. Ainsi le go\u00fbt cacao des c\u00e9r\u00e9ales Physiolac Bio offre une saveur gourmande lors du petit d\u00e9jeuner, du go\u00fbter ou du repas du soir.<\/p>\n<p>Que ce soit sous forme liquide dans un biberon ou avec une texture plus \u00e9paisse en bouillie, la pr\u00e9paration est facile et rapide, sans cuisson. Les c\u00e9r\u00e9ales doivent \u00eatre m\u00e9lang\u00e9es \u00e0 du lait maternel exprim\u00e9 ou \u00e0 du lait maternel dans les quantit\u00e9s habituelles prises par l\u2019enfant.&nbsp;<\/p>\n<p>Conform\u00e9ment \u00e0 la r\u00e9glementation des aliments de l&#8217;enfance, les c\u00e9r\u00e9ales Physiolac Bio sont sans sucres ajout\u00e9s*, sans conservateurs et sans colorants.<\/p>\n<p>*Contient des sucres naturellement pr\u00e9sents.<\/p>\n<p>**Conform\u00e9ment \u00e0 la r\u00e9glementation en vigueur sur l\u2019alimentation infantile.<\/p>\n","protected":false},"excerpt":{"rendered":"<p>Les c\u00e9r\u00e9ales pour B\u00e9b\u00e9 Physiolac Bio Cacao offrent un petit d\u00e9jeuner ou un go\u00fbter savoureux aux enfants de plus 6 mois en phase de diversification alimentaire. Sans sucres ajout\u00e9s* et certifi\u00e9es Bio, elles sont compl\u00e9mentaires au lait habituel de l\u2019enfant.<\/p>\n","protected":false},"featured_media":118088,"template":"","meta":{"_acf_changed":false,"inline_featured_image":false},"product_brand":[],"product_cat":[25],"product_tag":[],"class_list":{"0":"post-1998","1":"product","2":"type-product","3":"status-publish","4":"has-post-thumbnail","6":"product_cat-cereales-bebe","8":"first","9":"instock","10":"taxable","11":"shipping-taxable","12":"purchasable","13":"product-type-simple"},"bundled_by":[],"bundle_stock_status":"instock","bundle_stock_quantity":447,"bundle_virtual":false,"bundle_layout":"","bundle_add_to_cart_form_location":"","bundle_editable_in_cart":false,"bundle_sold_individually_context":"","bundle_item_grouping":"","bundle_min_size":"","bundle_max_size":"","bundle_price":[],"bundled_items":[],"bundle_sell_ids":[],"acf":[],"yoast_head":"<!-- This site is optimized with the Yoast SEO plugin v25.2 - https:\/\/yoast.com\/wordpress\/plugins\/seo\/ -->\n<title>C\u00e9r\u00e9ales B\u00e9b\u00e9 Cacao Bio - D\u00e8s 6 mois | Physiolac<\/title>\n<meta name=\"description\" content=\"D\u00e9couvrez les C\u00e9r\u00e9ales b\u00e9b\u00e9 Bio chocolat d\u00e8s 6 mois. Bl\u00e9, riz, avoine. Sans sucres ajout\u00e9s. C\u00e9r\u00e9ales pour \u00e9paissir le biberon de lait des b\u00e9b\u00e9s ou apporter du go\u00fbt.\" \/>\n<meta name=\"robots\" content=\"noindex, follow, max-snippet:-1, max-image-preview:large, max-video-preview:-1\" \/>\n<meta property=\"og:locale\" content=\"en_US\" \/>\n<meta property=\"og:type\" content=\"article\" \/>\n<meta property=\"og:title\" content=\"C\u00e9r\u00e9ales B\u00e9b\u00e9 Cacao Bio - D\u00e8s 6 mois | Physiolac\" \/>\n<meta property=\"og:description\" content=\"D\u00e9couvrez les C\u00e9r\u00e9ales b\u00e9b\u00e9 Bio chocolat d\u00e8s 6 mois. Bl\u00e9, riz, avoine. Sans sucres ajout\u00e9s. C\u00e9r\u00e9ales pour \u00e9paissir le biberon de lait des b\u00e9b\u00e9s ou apporter du go\u00fbt.\" \/>\n<meta property=\"og:url\" content=\"https:\/\/shop-physiolac-staging-interne.leserviceweb.com\/nos-produits\/cereales-bebe-cacao-bio-2\/\" \/>\n<meta property=\"og:site_name\" content=\"Eshop Physiolac\" \/>\n<meta property=\"article:publisher\" content=\"https:\/\/www.facebook.com\/physiolac.official\" \/>\n<meta property=\"article:modified_time\" content=\"2024-10-30T09:49:30+00:00\" \/>\n<meta property=\"og:image\" content=\"https:\/\/shop-physiolac-staging-interne.leserviceweb.com\/wp-content\/uploads\/2023\/10\/LAC-612522-3518646125225-ES_05-2023.webp\" \/>\n\t<meta property=\"og:image:width\" content=\"1080\" \/>\n\t<meta property=\"og:image:height\" content=\"1080\" \/>\n\t<meta property=\"og:image:type\" content=\"image\/webp\" \/>\n<meta name=\"twitter:card\" content=\"summary_large_image\" \/>\n<meta name=\"twitter:label1\" content=\"Est. reading time\" \/>\n\t<meta name=\"twitter:data1\" content=\"2 minutes\" \/>\n<script type=\"application\/ld+json\" class=\"yoast-schema-graph\">{\"@context\":\"https:\/\/schema.org\",\"@graph\":[{\"@type\":\"WebPage\",\"@id\":\"https:\/\/shop-physiolac-staging-interne.leserviceweb.com\/nos-produits\/cereales-bebe-cacao-bio-2\/\",\"url\":\"https:\/\/shop-physiolac-staging-interne.leserviceweb.com\/nos-produits\/cereales-bebe-cacao-bio-2\/\",\"name\":\"C\u00e9r\u00e9ales B\u00e9b\u00e9 Cacao Bio - D\u00e8s 6 mois | Physiolac\",\"isPartOf\":{\"@id\":\"https:\/\/shop-physiolac-staging-interne.leserviceweb.com\/#website\"},\"primaryImageOfPage\":{\"@id\":\"https:\/\/shop-physiolac-staging-interne.leserviceweb.com\/nos-produits\/cereales-bebe-cacao-bio-2\/#primaryimage\"},\"image\":{\"@id\":\"https:\/\/shop-physiolac-staging-interne.leserviceweb.com\/nos-produits\/cereales-bebe-cacao-bio-2\/#primaryimage\"},\"thumbnailUrl\":\"https:\/\/shop-physiolac-staging-interne.leserviceweb.com\/wp-content\/uploads\/2024\/05\/LAC-612522-3518646125225-ES_05-2023.png\",\"datePublished\":\"2023-01-05T13:58:39+00:00\",\"dateModified\":\"2024-10-30T09:49:30+00:00\",\"description\":\"D\u00e9couvrez les C\u00e9r\u00e9ales b\u00e9b\u00e9 Bio chocolat d\u00e8s 6 mois. Bl\u00e9, riz, avoine. Sans sucres ajout\u00e9s. C\u00e9r\u00e9ales pour \u00e9paissir le biberon de lait des b\u00e9b\u00e9s ou apporter du go\u00fbt.\",\"breadcrumb\":{\"@id\":\"https:\/\/shop-physiolac-staging-interne.leserviceweb.com\/nos-produits\/cereales-bebe-cacao-bio-2\/#breadcrumb\"},\"inLanguage\":\"en-US\",\"potentialAction\":[{\"@type\":\"ReadAction\",\"target\":[\"https:\/\/shop-physiolac-staging-interne.leserviceweb.com\/nos-produits\/cereales-bebe-cacao-bio-2\/\"]}]},{\"@type\":\"ImageObject\",\"inLanguage\":\"en-US\",\"@id\":\"https:\/\/shop-physiolac-staging-interne.leserviceweb.com\/nos-produits\/cereales-bebe-cacao-bio-2\/#primaryimage\",\"url\":\"https:\/\/shop-physiolac-staging-interne.leserviceweb.com\/wp-content\/uploads\/2024\/05\/LAC-612522-3518646125225-ES_05-2023.png\",\"contentUrl\":\"https:\/\/shop-physiolac-staging-interne.leserviceweb.com\/wp-content\/uploads\/2024\/05\/LAC-612522-3518646125225-ES_05-2023.png\",\"width\":1080,\"height\":1080,\"caption\":\"PHYSIOLAC C\u00e9r\u00e9ales B\u00e9b\u00e9 Cacao Bio\"},{\"@type\":\"BreadcrumbList\",\"@id\":\"https:\/\/shop-physiolac-staging-interne.leserviceweb.com\/nos-produits\/cereales-bebe-cacao-bio-2\/#breadcrumb\",\"itemListElement\":[{\"@type\":\"ListItem\",\"position\":1,\"name\":\"Accueil\",\"item\":\"https:\/\/shop-physiolac-staging-interne.leserviceweb.com\/\"},{\"@type\":\"ListItem\",\"position\":2,\"name\":\"Nos Produits\",\"item\":\"https:\/\/shop-physiolac-staging-interne.leserviceweb.com\/nos-produits\/\"},{\"@type\":\"ListItem\",\"position\":3,\"name\":\"C\u00e9r\u00e9ales B\u00e9b\u00e9 Cacao Bio\"}]},{\"@type\":\"WebSite\",\"@id\":\"https:\/\/shop-physiolac-staging-interne.leserviceweb.com\/#website\",\"url\":\"https:\/\/shop-physiolac-staging-interne.leserviceweb.com\/\",\"name\":\"Eshop Physiolac\",\"description\":\"Un site utilisant WordPress\",\"publisher\":{\"@id\":\"https:\/\/shop-physiolac-staging-interne.leserviceweb.com\/#organization\"},\"potentialAction\":[{\"@type\":\"SearchAction\",\"target\":{\"@type\":\"EntryPoint\",\"urlTemplate\":\"https:\/\/shop-physiolac-staging-interne.leserviceweb.com\/?s={search_term_string}\"},\"query-input\":{\"@type\":\"PropertyValueSpecification\",\"valueRequired\":true,\"valueName\":\"search_term_string\"}}],\"inLanguage\":\"en-US\"},{\"@type\":\"Organization\",\"@id\":\"https:\/\/shop-physiolac-staging-interne.leserviceweb.com\/#organization\",\"name\":\"Physiolac\",\"url\":\"https:\/\/shop-physiolac-staging-interne.leserviceweb.com\/\",\"logo\":{\"@type\":\"ImageObject\",\"inLanguage\":\"en-US\",\"@id\":\"https:\/\/shop-physiolac-staging-interne.leserviceweb.com\/#\/schema\/logo\/image\/\",\"url\":\"https:\/\/shop-physiolac-staging-interne.leserviceweb.com\/wp-content\/uploads\/2022\/07\/logo-physiolac-lg.svg\",\"contentUrl\":\"https:\/\/shop-physiolac-staging-interne.leserviceweb.com\/wp-content\/uploads\/2022\/07\/logo-physiolac-lg.svg\",\"width\":\"1024\",\"height\":\"1024\",\"caption\":\"Physiolac\"},\"image\":{\"@id\":\"https:\/\/shop-physiolac-staging-interne.leserviceweb.com\/#\/schema\/logo\/image\/\"},\"sameAs\":[\"https:\/\/www.facebook.com\/physiolac.official\",\"https:\/\/www.instagram.com\/physiolac\/\"]}]}<\/script>\n<!-- \/ Yoast SEO plugin. -->","yoast_head_json":{"title":"C\u00e9r\u00e9ales B\u00e9b\u00e9 Cacao Bio - D\u00e8s 6 mois | Physiolac","description":"D\u00e9couvrez les C\u00e9r\u00e9ales b\u00e9b\u00e9 Bio chocolat d\u00e8s 6 mois. Bl\u00e9, riz, avoine. Sans sucres ajout\u00e9s. C\u00e9r\u00e9ales pour \u00e9paissir le biberon de lait des b\u00e9b\u00e9s ou apporter du go\u00fbt.","robots":{"index":"noindex","follow":"follow","max-snippet":"max-snippet:-1","max-image-preview":"max-image-preview:large","max-video-preview":"max-video-preview:-1"},"og_locale":"en_US","og_type":"article","og_title":"C\u00e9r\u00e9ales B\u00e9b\u00e9 Cacao Bio - D\u00e8s 6 mois | Physiolac","og_description":"D\u00e9couvrez les C\u00e9r\u00e9ales b\u00e9b\u00e9 Bio chocolat d\u00e8s 6 mois. Bl\u00e9, riz, avoine. Sans sucres ajout\u00e9s. C\u00e9r\u00e9ales pour \u00e9paissir le biberon de lait des b\u00e9b\u00e9s ou apporter du go\u00fbt.","og_url":"https:\/\/shop-physiolac-staging-interne.leserviceweb.com\/nos-produits\/cereales-bebe-cacao-bio-2\/","og_site_name":"Eshop Physiolac","article_publisher":"https:\/\/www.facebook.com\/physiolac.official","article_modified_time":"2024-10-30T09:49:30+00:00","og_image":[{"width":1080,"height":1080,"url":"https:\/\/shop-physiolac-staging-interne.leserviceweb.com\/wp-content\/uploads\/2023\/10\/LAC-612522-3518646125225-ES_05-2023.webp","type":"image\/webp"}],"twitter_card":"summary_large_image","twitter_misc":{"Est. reading time":"2 minutes"},"schema":{"@context":"https:\/\/schema.org","@graph":[{"@type":"WebPage","@id":"https:\/\/shop-physiolac-staging-interne.leserviceweb.com\/nos-produits\/cereales-bebe-cacao-bio-2\/","url":"https:\/\/shop-physiolac-staging-interne.leserviceweb.com\/nos-produits\/cereales-bebe-cacao-bio-2\/","name":"C\u00e9r\u00e9ales B\u00e9b\u00e9 Cacao Bio - D\u00e8s 6 mois | Physiolac","isPartOf":{"@id":"https:\/\/shop-physiolac-staging-interne.leserviceweb.com\/#website"},"primaryImageOfPage":{"@id":"https:\/\/shop-physiolac-staging-interne.leserviceweb.com\/nos-produits\/cereales-bebe-cacao-bio-2\/#primaryimage"},"image":{"@id":"https:\/\/shop-physiolac-staging-interne.leserviceweb.com\/nos-produits\/cereales-bebe-cacao-bio-2\/#primaryimage"},"thumbnailUrl":"https:\/\/shop-physiolac-staging-interne.leserviceweb.com\/wp-content\/uploads\/2024\/05\/LAC-612522-3518646125225-ES_05-2023.png","datePublished":"2023-01-05T13:58:39+00:00","dateModified":"2024-10-30T09:49:30+00:00","description":"D\u00e9couvrez les C\u00e9r\u00e9ales b\u00e9b\u00e9 Bio chocolat d\u00e8s 6 mois. Bl\u00e9, riz, avoine. Sans sucres ajout\u00e9s. C\u00e9r\u00e9ales pour \u00e9paissir le biberon de lait des b\u00e9b\u00e9s ou apporter du go\u00fbt.","breadcrumb":{"@id":"https:\/\/shop-physiolac-staging-interne.leserviceweb.com\/nos-produits\/cereales-bebe-cacao-bio-2\/#breadcrumb"},"inLanguage":"en-US","potentialAction":[{"@type":"ReadAction","target":["https:\/\/shop-physiolac-staging-interne.leserviceweb.com\/nos-produits\/cereales-bebe-cacao-bio-2\/"]}]},{"@type":"ImageObject","inLanguage":"en-US","@id":"https:\/\/shop-physiolac-staging-interne.leserviceweb.com\/nos-produits\/cereales-bebe-cacao-bio-2\/#primaryimage","url":"https:\/\/shop-physiolac-staging-interne.leserviceweb.com\/wp-content\/uploads\/2024\/05\/LAC-612522-3518646125225-ES_05-2023.png","contentUrl":"https:\/\/shop-physiolac-staging-interne.leserviceweb.com\/wp-content\/uploads\/2024\/05\/LAC-612522-3518646125225-ES_05-2023.png","width":1080,"height":1080,"caption":"PHYSIOLAC C\u00e9r\u00e9ales B\u00e9b\u00e9 Cacao Bio"},{"@type":"BreadcrumbList","@id":"https:\/\/shop-physiolac-staging-interne.leserviceweb.com\/nos-produits\/cereales-bebe-cacao-bio-2\/#breadcrumb","itemListElement":[{"@type":"ListItem","position":1,"name":"Accueil","item":"https:\/\/shop-physiolac-staging-interne.leserviceweb.com\/"},{"@type":"ListItem","position":2,"name":"Nos Produits","item":"https:\/\/shop-physiolac-staging-interne.leserviceweb.com\/nos-produits\/"},{"@type":"ListItem","position":3,"name":"C\u00e9r\u00e9ales B\u00e9b\u00e9 Cacao Bio"}]},{"@type":"WebSite","@id":"https:\/\/shop-physiolac-staging-interne.leserviceweb.com\/#website","url":"https:\/\/shop-physiolac-staging-interne.leserviceweb.com\/","name":"Eshop Physiolac","description":"Un site utilisant WordPress","publisher":{"@id":"https:\/\/shop-physiolac-staging-interne.leserviceweb.com\/#organization"},"potentialAction":[{"@type":"SearchAction","target":{"@type":"EntryPoint","urlTemplate":"https:\/\/shop-physiolac-staging-interne.leserviceweb.com\/?s={search_term_string}"},"query-input":{"@type":"PropertyValueSpecification","valueRequired":true,"valueName":"search_term_string"}}],"inLanguage":"en-US"},{"@type":"Organization","@id":"https:\/\/shop-physiolac-staging-interne.leserviceweb.com\/#organization","name":"Physiolac","url":"https:\/\/shop-physiolac-staging-interne.leserviceweb.com\/","logo":{"@type":"ImageObject","inLanguage":"en-US","@id":"https:\/\/shop-physiolac-staging-interne.leserviceweb.com\/#\/schema\/logo\/image\/","url":"https:\/\/shop-physiolac-staging-interne.leserviceweb.com\/wp-content\/uploads\/2022\/07\/logo-physiolac-lg.svg","contentUrl":"https:\/\/shop-physiolac-staging-interne.leserviceweb.com\/wp-content\/uploads\/2022\/07\/logo-physiolac-lg.svg","width":"1024","height":"1024","caption":"Physiolac"},"image":{"@id":"https:\/\/shop-physiolac-staging-interne.leserviceweb.com\/#\/schema\/logo\/image\/"},"sameAs":["https:\/\/www.facebook.com\/physiolac.official","https:\/\/www.instagram.com\/physiolac\/"]}]}},"_links":{"self":[{"href":"https:\/\/shop-physiolac-staging-interne.leserviceweb.com\/en\/wp-json\/wp\/v2\/product\/1998","targetHints":{"allow":["GET"]}}],"collection":[{"href":"https:\/\/shop-physiolac-staging-interne.leserviceweb.com\/en\/wp-json\/wp\/v2\/product"}],"about":[{"href":"https:\/\/shop-physiolac-staging-interne.leserviceweb.com\/en\/wp-json\/wp\/v2\/types\/product"}],"wp:featuredmedia":[{"embeddable":true,"href":"https:\/\/shop-physiolac-staging-interne.leserviceweb.com\/en\/wp-json\/wp\/v2\/media\/118088"}],"wp:attachment":[{"href":"https:\/\/shop-physiolac-staging-interne.leserviceweb.com\/en\/wp-json\/wp\/v2\/media?parent=1998"}],"wp:term":[{"taxonomy":"product_brand","embeddable":true,"href":"https:\/\/shop-physiolac-staging-interne.leserviceweb.com\/en\/wp-json\/wp\/v2\/product_brand?post=1998"},{"taxonomy":"product_cat","embeddable":true,"href":"https:\/\/shop-physiolac-staging-interne.leserviceweb.com\/en\/wp-json\/wp\/v2\/product_cat?post=1998"},{"taxonomy":"product_tag","embeddable":true,"href":"https:\/\/shop-physiolac-staging-interne.leserviceweb.com\/en\/wp-json\/wp\/v2\/product_tag?post=1998"}],"curies":[{"name":"wp","href":"https:\/\/api.w.org\/{rel}","templated":true}]}}