{"id":117745,"date":"2024-04-24T18:03:40","date_gmt":"2024-04-24T16:03:40","guid":{"rendered":"https:\/\/shop-physiolac-staging-interne.leserviceweb.com\/?post_type=product&#038;p=117745"},"modified":"2024-10-02T10:05:21","modified_gmt":"2024-10-02T08:05:21","slug":"creme-hydratante-100-ml-neutraderm","status":"publish","type":"product","link":"https:\/\/shop-physiolac-staging-interne.leserviceweb.com\/en\/nos-produits\/creme-hydratante-100-ml-neutraderm\/","title":{"rendered":"Cr\u00e8me hydratante 100 mL Neutraderm"},"content":{"rendered":"<p>Gr\u00e2ce \u00e0 sa formule \u00e0 haute tol\u00e9rance, la Cr\u00e8me Hydratante Apaisante <strong>hydrate<\/strong> le <strong>visage<\/strong> et le <strong>corps<\/strong> tout au long de la journ\u00e9e et laisse un film protecteur sur la peau des <strong>b\u00e9b\u00e9s<\/strong>.<\/p>\n<p>Sa formule <strong>extra-douce prot\u00e8ge<\/strong> les peaux d\u00e9licates et pr\u00e9vient les irritations. La peau est douce et d\u00e9licatement parfum\u00e9e. Gr\u00e2ce \u00e0 son fini non collant, elle permet un habillage imm\u00e9diat.<\/p>\n<p>Sa formule est compos\u00e9e de <strong>93% d\u2019ingr\u00e9dients biod\u00e9gradables<\/strong>. Elle contient 50% d&#8217;Active Oligo Skin Complex.<\/p>\n","protected":false},"excerpt":{"rendered":"<p>Formule \u00e0 haute tol\u00e9rance, la cr\u00e8me hydratante apaisante hydrate le visage et le corps tout au long de la journ\u00e9e et laisse un film protecteur sur la peau des b\u00e9b\u00e9s. Sa formule extra-douce prot\u00e8ge les peaux d\u00e9licates et pr\u00e9vient les irritations.<\/p>\n","protected":false},"featured_media":117748,"template":"","meta":{"_acf_changed":false,"inline_featured_image":false},"product_brand":[],"product_cat":[211],"product_tag":[],"class_list":{"0":"post-117745","1":"product","2":"type-product","3":"status-publish","4":"has-post-thumbnail","6":"product_cat-indispensables-bebe","8":"first","9":"instock","10":"taxable","11":"shipping-taxable","12":"purchasable","13":"product-type-simple"},"bundled_by":[],"bundle_stock_status":"instock","bundle_stock_quantity":14,"bundle_virtual":false,"bundle_layout":"","bundle_add_to_cart_form_location":"","bundle_editable_in_cart":false,"bundle_sold_individually_context":"","bundle_item_grouping":"","bundle_min_size":"","bundle_max_size":"","bundle_price":[],"bundled_items":[],"bundle_sell_ids":[],"acf":[],"yoast_head":"<!-- This site is optimized with the Yoast SEO plugin v25.2 - https:\/\/yoast.com\/wordpress\/plugins\/seo\/ -->\n<title>Cr\u00e8me hydratante b\u00e9b\u00e9 - Visage et corps b\u00e9b\u00e9 | Neutraderm<\/title>\n<meta name=\"description\" content=\"D\u00e9couvrez la cr\u00e8me b\u00e9b\u00e9 pour hydrater le visage et le corps de b\u00e9b\u00e9. Cr\u00e8me hydratante au PH neutre et haute tol\u00e9rance peaux sensibles. Fabriqu\u00e9 en France | Neutraderm\" \/>\n<meta name=\"robots\" content=\"noindex, follow, max-snippet:-1, max-image-preview:large, max-video-preview:-1\" \/>\n<meta property=\"og:locale\" content=\"en_US\" \/>\n<meta property=\"og:type\" content=\"article\" \/>\n<meta property=\"og:title\" content=\"Cr\u00e8me hydratante b\u00e9b\u00e9 - Visage et corps b\u00e9b\u00e9 | Neutraderm\" \/>\n<meta property=\"og:description\" content=\"D\u00e9couvrez la cr\u00e8me b\u00e9b\u00e9 pour hydrater le visage et le corps de b\u00e9b\u00e9. Cr\u00e8me hydratante au PH neutre et haute tol\u00e9rance peaux sensibles. Fabriqu\u00e9 en France | Neutraderm\" \/>\n<meta property=\"og:url\" content=\"https:\/\/shop-physiolac-staging-interne.leserviceweb.com\/nos-produits\/creme-hydratante-100-ml-neutraderm\/\" \/>\n<meta property=\"og:site_name\" content=\"Eshop Physiolac\" \/>\n<meta property=\"article:publisher\" content=\"https:\/\/www.facebook.com\/physiolac.official\" \/>\n<meta property=\"article:modified_time\" content=\"2024-10-02T08:05:21+00:00\" \/>\n<meta property=\"og:image\" content=\"https:\/\/shop-physiolac-staging-interne.leserviceweb.com\/wp-content\/uploads\/2024\/04\/NEM-608908-210893-CREME-HYDRATANTE-APAISANTE-100ML-EP-1-1.png\" \/>\n\t<meta property=\"og:image:width\" content=\"2500\" \/>\n\t<meta property=\"og:image:height\" content=\"2500\" \/>\n\t<meta property=\"og:image:type\" content=\"image\/png\" \/>\n<meta name=\"twitter:card\" content=\"summary_large_image\" \/>\n<meta name=\"twitter:label1\" content=\"Est. reading time\" \/>\n\t<meta name=\"twitter:data1\" content=\"1 minute\" \/>\n<script type=\"application\/ld+json\" class=\"yoast-schema-graph\">{\"@context\":\"https:\/\/schema.org\",\"@graph\":[{\"@type\":\"WebPage\",\"@id\":\"https:\/\/shop-physiolac-staging-interne.leserviceweb.com\/nos-produits\/creme-hydratante-100-ml-neutraderm\/\",\"url\":\"https:\/\/shop-physiolac-staging-interne.leserviceweb.com\/nos-produits\/creme-hydratante-100-ml-neutraderm\/\",\"name\":\"Cr\u00e8me hydratante b\u00e9b\u00e9 - Visage et corps b\u00e9b\u00e9 | Neutraderm\",\"isPartOf\":{\"@id\":\"https:\/\/shop-physiolac-staging-interne.leserviceweb.com\/#website\"},\"primaryImageOfPage\":{\"@id\":\"https:\/\/shop-physiolac-staging-interne.leserviceweb.com\/nos-produits\/creme-hydratante-100-ml-neutraderm\/#primaryimage\"},\"image\":{\"@id\":\"https:\/\/shop-physiolac-staging-interne.leserviceweb.com\/nos-produits\/creme-hydratante-100-ml-neutraderm\/#primaryimage\"},\"thumbnailUrl\":\"https:\/\/shop-physiolac-staging-interne.leserviceweb.com\/wp-content\/uploads\/2024\/04\/NEM-608908-210893-CREME-HYDRATANTE-APAISANTE-100ML-EP-1-1.png\",\"datePublished\":\"2024-04-24T16:03:40+00:00\",\"dateModified\":\"2024-10-02T08:05:21+00:00\",\"description\":\"D\u00e9couvrez la cr\u00e8me b\u00e9b\u00e9 pour hydrater le visage et le corps de b\u00e9b\u00e9. Cr\u00e8me hydratante au PH neutre et haute tol\u00e9rance peaux sensibles. Fabriqu\u00e9 en France | Neutraderm\",\"breadcrumb\":{\"@id\":\"https:\/\/shop-physiolac-staging-interne.leserviceweb.com\/nos-produits\/creme-hydratante-100-ml-neutraderm\/#breadcrumb\"},\"inLanguage\":\"en-US\",\"potentialAction\":[{\"@type\":\"ReadAction\",\"target\":[\"https:\/\/shop-physiolac-staging-interne.leserviceweb.com\/nos-produits\/creme-hydratante-100-ml-neutraderm\/\"]}]},{\"@type\":\"ImageObject\",\"inLanguage\":\"en-US\",\"@id\":\"https:\/\/shop-physiolac-staging-interne.leserviceweb.com\/nos-produits\/creme-hydratante-100-ml-neutraderm\/#primaryimage\",\"url\":\"https:\/\/shop-physiolac-staging-interne.leserviceweb.com\/wp-content\/uploads\/2024\/04\/NEM-608908-210893-CREME-HYDRATANTE-APAISANTE-100ML-EP-1-1.png\",\"contentUrl\":\"https:\/\/shop-physiolac-staging-interne.leserviceweb.com\/wp-content\/uploads\/2024\/04\/NEM-608908-210893-CREME-HYDRATANTE-APAISANTE-100ML-EP-1-1.png\",\"width\":2500,\"height\":2500},{\"@type\":\"BreadcrumbList\",\"@id\":\"https:\/\/shop-physiolac-staging-interne.leserviceweb.com\/nos-produits\/creme-hydratante-100-ml-neutraderm\/#breadcrumb\",\"itemListElement\":[{\"@type\":\"ListItem\",\"position\":1,\"name\":\"Accueil\",\"item\":\"https:\/\/shop-physiolac-staging-interne.leserviceweb.com\/\"},{\"@type\":\"ListItem\",\"position\":2,\"name\":\"Nos Produits\",\"item\":\"https:\/\/shop-physiolac-staging-interne.leserviceweb.com\/nos-produits\/\"},{\"@type\":\"ListItem\",\"position\":3,\"name\":\"Cr\u00e8me hydratante 100 mL Neutraderm\"}]},{\"@type\":\"WebSite\",\"@id\":\"https:\/\/shop-physiolac-staging-interne.leserviceweb.com\/#website\",\"url\":\"https:\/\/shop-physiolac-staging-interne.leserviceweb.com\/\",\"name\":\"Eshop Physiolac\",\"description\":\"Un site utilisant WordPress\",\"publisher\":{\"@id\":\"https:\/\/shop-physiolac-staging-interne.leserviceweb.com\/#organization\"},\"potentialAction\":[{\"@type\":\"SearchAction\",\"target\":{\"@type\":\"EntryPoint\",\"urlTemplate\":\"https:\/\/shop-physiolac-staging-interne.leserviceweb.com\/?s={search_term_string}\"},\"query-input\":{\"@type\":\"PropertyValueSpecification\",\"valueRequired\":true,\"valueName\":\"search_term_string\"}}],\"inLanguage\":\"en-US\"},{\"@type\":\"Organization\",\"@id\":\"https:\/\/shop-physiolac-staging-interne.leserviceweb.com\/#organization\",\"name\":\"Physiolac\",\"url\":\"https:\/\/shop-physiolac-staging-interne.leserviceweb.com\/\",\"logo\":{\"@type\":\"ImageObject\",\"inLanguage\":\"en-US\",\"@id\":\"https:\/\/shop-physiolac-staging-interne.leserviceweb.com\/#\/schema\/logo\/image\/\",\"url\":\"https:\/\/shop-physiolac-staging-interne.leserviceweb.com\/wp-content\/uploads\/2022\/07\/logo-physiolac-lg.svg\",\"contentUrl\":\"https:\/\/shop-physiolac-staging-interne.leserviceweb.com\/wp-content\/uploads\/2022\/07\/logo-physiolac-lg.svg\",\"width\":\"1024\",\"height\":\"1024\",\"caption\":\"Physiolac\"},\"image\":{\"@id\":\"https:\/\/shop-physiolac-staging-interne.leserviceweb.com\/#\/schema\/logo\/image\/\"},\"sameAs\":[\"https:\/\/www.facebook.com\/physiolac.official\",\"https:\/\/www.instagram.com\/physiolac\/\"]}]}<\/script>\n<!-- \/ Yoast SEO plugin. -->","yoast_head_json":{"title":"Cr\u00e8me hydratante b\u00e9b\u00e9 - Visage et corps b\u00e9b\u00e9 | Neutraderm","description":"D\u00e9couvrez la cr\u00e8me b\u00e9b\u00e9 pour hydrater le visage et le corps de b\u00e9b\u00e9. Cr\u00e8me hydratante au PH neutre et haute tol\u00e9rance peaux sensibles. Fabriqu\u00e9 en France | Neutraderm","robots":{"index":"noindex","follow":"follow","max-snippet":"max-snippet:-1","max-image-preview":"max-image-preview:large","max-video-preview":"max-video-preview:-1"},"og_locale":"en_US","og_type":"article","og_title":"Cr\u00e8me hydratante b\u00e9b\u00e9 - Visage et corps b\u00e9b\u00e9 | Neutraderm","og_description":"D\u00e9couvrez la cr\u00e8me b\u00e9b\u00e9 pour hydrater le visage et le corps de b\u00e9b\u00e9. Cr\u00e8me hydratante au PH neutre et haute tol\u00e9rance peaux sensibles. Fabriqu\u00e9 en France | Neutraderm","og_url":"https:\/\/shop-physiolac-staging-interne.leserviceweb.com\/nos-produits\/creme-hydratante-100-ml-neutraderm\/","og_site_name":"Eshop Physiolac","article_publisher":"https:\/\/www.facebook.com\/physiolac.official","article_modified_time":"2024-10-02T08:05:21+00:00","og_image":[{"width":2500,"height":2500,"url":"https:\/\/shop-physiolac-staging-interne.leserviceweb.com\/wp-content\/uploads\/2024\/04\/NEM-608908-210893-CREME-HYDRATANTE-APAISANTE-100ML-EP-1-1.png","type":"image\/png"}],"twitter_card":"summary_large_image","twitter_misc":{"Est. reading time":"1 minute"},"schema":{"@context":"https:\/\/schema.org","@graph":[{"@type":"WebPage","@id":"https:\/\/shop-physiolac-staging-interne.leserviceweb.com\/nos-produits\/creme-hydratante-100-ml-neutraderm\/","url":"https:\/\/shop-physiolac-staging-interne.leserviceweb.com\/nos-produits\/creme-hydratante-100-ml-neutraderm\/","name":"Cr\u00e8me hydratante b\u00e9b\u00e9 - Visage et corps b\u00e9b\u00e9 | Neutraderm","isPartOf":{"@id":"https:\/\/shop-physiolac-staging-interne.leserviceweb.com\/#website"},"primaryImageOfPage":{"@id":"https:\/\/shop-physiolac-staging-interne.leserviceweb.com\/nos-produits\/creme-hydratante-100-ml-neutraderm\/#primaryimage"},"image":{"@id":"https:\/\/shop-physiolac-staging-interne.leserviceweb.com\/nos-produits\/creme-hydratante-100-ml-neutraderm\/#primaryimage"},"thumbnailUrl":"https:\/\/shop-physiolac-staging-interne.leserviceweb.com\/wp-content\/uploads\/2024\/04\/NEM-608908-210893-CREME-HYDRATANTE-APAISANTE-100ML-EP-1-1.png","datePublished":"2024-04-24T16:03:40+00:00","dateModified":"2024-10-02T08:05:21+00:00","description":"D\u00e9couvrez la cr\u00e8me b\u00e9b\u00e9 pour hydrater le visage et le corps de b\u00e9b\u00e9. Cr\u00e8me hydratante au PH neutre et haute tol\u00e9rance peaux sensibles. Fabriqu\u00e9 en France | Neutraderm","breadcrumb":{"@id":"https:\/\/shop-physiolac-staging-interne.leserviceweb.com\/nos-produits\/creme-hydratante-100-ml-neutraderm\/#breadcrumb"},"inLanguage":"en-US","potentialAction":[{"@type":"ReadAction","target":["https:\/\/shop-physiolac-staging-interne.leserviceweb.com\/nos-produits\/creme-hydratante-100-ml-neutraderm\/"]}]},{"@type":"ImageObject","inLanguage":"en-US","@id":"https:\/\/shop-physiolac-staging-interne.leserviceweb.com\/nos-produits\/creme-hydratante-100-ml-neutraderm\/#primaryimage","url":"https:\/\/shop-physiolac-staging-interne.leserviceweb.com\/wp-content\/uploads\/2024\/04\/NEM-608908-210893-CREME-HYDRATANTE-APAISANTE-100ML-EP-1-1.png","contentUrl":"https:\/\/shop-physiolac-staging-interne.leserviceweb.com\/wp-content\/uploads\/2024\/04\/NEM-608908-210893-CREME-HYDRATANTE-APAISANTE-100ML-EP-1-1.png","width":2500,"height":2500},{"@type":"BreadcrumbList","@id":"https:\/\/shop-physiolac-staging-interne.leserviceweb.com\/nos-produits\/creme-hydratante-100-ml-neutraderm\/#breadcrumb","itemListElement":[{"@type":"ListItem","position":1,"name":"Accueil","item":"https:\/\/shop-physiolac-staging-interne.leserviceweb.com\/"},{"@type":"ListItem","position":2,"name":"Nos Produits","item":"https:\/\/shop-physiolac-staging-interne.leserviceweb.com\/nos-produits\/"},{"@type":"ListItem","position":3,"name":"Cr\u00e8me hydratante 100 mL Neutraderm"}]},{"@type":"WebSite","@id":"https:\/\/shop-physiolac-staging-interne.leserviceweb.com\/#website","url":"https:\/\/shop-physiolac-staging-interne.leserviceweb.com\/","name":"Eshop Physiolac","description":"Un site utilisant WordPress","publisher":{"@id":"https:\/\/shop-physiolac-staging-interne.leserviceweb.com\/#organization"},"potentialAction":[{"@type":"SearchAction","target":{"@type":"EntryPoint","urlTemplate":"https:\/\/shop-physiolac-staging-interne.leserviceweb.com\/?s={search_term_string}"},"query-input":{"@type":"PropertyValueSpecification","valueRequired":true,"valueName":"search_term_string"}}],"inLanguage":"en-US"},{"@type":"Organization","@id":"https:\/\/shop-physiolac-staging-interne.leserviceweb.com\/#organization","name":"Physiolac","url":"https:\/\/shop-physiolac-staging-interne.leserviceweb.com\/","logo":{"@type":"ImageObject","inLanguage":"en-US","@id":"https:\/\/shop-physiolac-staging-interne.leserviceweb.com\/#\/schema\/logo\/image\/","url":"https:\/\/shop-physiolac-staging-interne.leserviceweb.com\/wp-content\/uploads\/2022\/07\/logo-physiolac-lg.svg","contentUrl":"https:\/\/shop-physiolac-staging-interne.leserviceweb.com\/wp-content\/uploads\/2022\/07\/logo-physiolac-lg.svg","width":"1024","height":"1024","caption":"Physiolac"},"image":{"@id":"https:\/\/shop-physiolac-staging-interne.leserviceweb.com\/#\/schema\/logo\/image\/"},"sameAs":["https:\/\/www.facebook.com\/physiolac.official","https:\/\/www.instagram.com\/physiolac\/"]}]}},"_links":{"self":[{"href":"https:\/\/shop-physiolac-staging-interne.leserviceweb.com\/en\/wp-json\/wp\/v2\/product\/117745","targetHints":{"allow":["GET"]}}],"collection":[{"href":"https:\/\/shop-physiolac-staging-interne.leserviceweb.com\/en\/wp-json\/wp\/v2\/product"}],"about":[{"href":"https:\/\/shop-physiolac-staging-interne.leserviceweb.com\/en\/wp-json\/wp\/v2\/types\/product"}],"wp:featuredmedia":[{"embeddable":true,"href":"https:\/\/shop-physiolac-staging-interne.leserviceweb.com\/en\/wp-json\/wp\/v2\/media\/117748"}],"wp:attachment":[{"href":"https:\/\/shop-physiolac-staging-interne.leserviceweb.com\/en\/wp-json\/wp\/v2\/media?parent=117745"}],"wp:term":[{"taxonomy":"product_brand","embeddable":true,"href":"https:\/\/shop-physiolac-staging-interne.leserviceweb.com\/en\/wp-json\/wp\/v2\/product_brand?post=117745"},{"taxonomy":"product_cat","embeddable":true,"href":"https:\/\/shop-physiolac-staging-interne.leserviceweb.com\/en\/wp-json\/wp\/v2\/product_cat?post=117745"},{"taxonomy":"product_tag","embeddable":true,"href":"https:\/\/shop-physiolac-staging-interne.leserviceweb.com\/en\/wp-json\/wp\/v2\/product_tag?post=117745"}],"curies":[{"name":"wp","href":"https:\/\/api.w.org\/{rel}","templated":true}]}}