{"id":117743,"date":"2024-04-24T17:55:34","date_gmt":"2024-04-24T15:55:34","guid":{"rendered":"https:\/\/shop-physiolac-staging-interne.leserviceweb.com\/?post_type=product&#038;p=117743"},"modified":"2024-10-02T10:10:55","modified_gmt":"2024-10-02T08:10:55","slug":"baume-certifie-bio-douce-nuit-le-comptoir-aroma","status":"publish","type":"product","link":"https:\/\/shop-physiolac-staging-interne.leserviceweb.com\/en\/nos-produits\/baume-certifie-bio-douce-nuit-le-comptoir-aroma\/","title":{"rendered":"Baume certifi\u00e9 Bio douce nuit Le comptoir Aroma"},"content":{"rendered":"<p>Le baume Douce Nuit est sp\u00e9cialement adapt\u00e9 pour accompagner et r\u00e9conforter b\u00e9b\u00e9 lors du coucher. Sa texture fondante permettra un massage relaxant et apaisant. Un moment de tendresse privil\u00e9gi\u00e9 pour apaiser b\u00e9b\u00e9 et le pr\u00e9parer au sommeil, gr\u00e2ce \u00e0 sa douce odeur de fleur d&#8217;oranger. Favorise l&#8217;apaisement et pr\u00e9pare au sommeil.<\/p>\n","protected":false},"excerpt":{"rendered":"<p>Le baume Douce Nuit est sp\u00e9cialement adapt\u00e9 pour accompagner et r\u00e9conforter b\u00e9b\u00e9 lors du coucher. Il favorise l&#8217;apaisement et pr\u00e9pare au sommeil de b\u00e9b\u00e9.<\/p>\n","protected":false},"featured_media":117744,"template":"","meta":{"_acf_changed":false,"inline_featured_image":false},"product_brand":[],"product_cat":[211],"product_tag":[],"class_list":{"0":"post-117743","1":"product","2":"type-product","3":"status-publish","4":"has-post-thumbnail","6":"product_cat-indispensables-bebe","8":"first","9":"instock","10":"taxable","11":"shipping-taxable","12":"purchasable","13":"product-type-simple"},"bundled_by":[],"bundle_stock_status":"instock","bundle_stock_quantity":10,"bundle_virtual":false,"bundle_layout":"","bundle_add_to_cart_form_location":"","bundle_editable_in_cart":false,"bundle_sold_individually_context":"","bundle_item_grouping":"","bundle_min_size":"","bundle_max_size":"","bundle_price":[],"bundled_items":[],"bundle_sell_ids":[],"acf":[],"yoast_head":"<!-- This site is optimized with the Yoast SEO plugin v25.2 - https:\/\/yoast.com\/wordpress\/plugins\/seo\/ -->\n<title>Baume douce nuit b\u00e9b\u00e9 - Baume sommeil et relaxant | Le comptoir Aroma<\/title>\n<meta name=\"description\" content=\"D\u00e9couvrez le baume relaxant b\u00e9b\u00e9 pour aider b\u00e9b\u00e9 \u00e0 dormir. Baume \u00e0 base d&#039;hydrolat de fleur d&#039;oranger - certifi\u00e9 Bio | Le Comptoir Aroma\" \/>\n<meta name=\"robots\" content=\"noindex, follow, max-snippet:-1, max-image-preview:large, max-video-preview:-1\" \/>\n<meta property=\"og:locale\" content=\"en_US\" \/>\n<meta property=\"og:type\" content=\"article\" \/>\n<meta property=\"og:title\" content=\"Baume douce nuit b\u00e9b\u00e9 - Baume sommeil et relaxant | Le comptoir Aroma\" \/>\n<meta property=\"og:description\" content=\"D\u00e9couvrez le baume relaxant b\u00e9b\u00e9 pour aider b\u00e9b\u00e9 \u00e0 dormir. Baume \u00e0 base d&#039;hydrolat de fleur d&#039;oranger - certifi\u00e9 Bio | Le Comptoir Aroma\" \/>\n<meta property=\"og:url\" content=\"https:\/\/shop-physiolac-staging-interne.leserviceweb.com\/nos-produits\/baume-certifie-bio-douce-nuit-le-comptoir-aroma\/\" \/>\n<meta property=\"og:site_name\" content=\"Eshop Physiolac\" \/>\n<meta property=\"article:publisher\" content=\"https:\/\/www.facebook.com\/physiolac.official\" \/>\n<meta property=\"article:modified_time\" content=\"2024-10-02T08:10:55+00:00\" \/>\n<meta property=\"og:image\" content=\"https:\/\/shop-physiolac-staging-interne.leserviceweb.com\/wp-content\/uploads\/2024\/04\/LCA-883501-3518648835016-EP-11_23-1.png\" \/>\n\t<meta property=\"og:image:width\" content=\"2500\" \/>\n\t<meta property=\"og:image:height\" content=\"2500\" \/>\n\t<meta property=\"og:image:type\" content=\"image\/png\" \/>\n<meta name=\"twitter:card\" content=\"summary_large_image\" \/>\n<meta name=\"twitter:label1\" content=\"Est. reading time\" \/>\n\t<meta name=\"twitter:data1\" content=\"1 minute\" \/>\n<script type=\"application\/ld+json\" class=\"yoast-schema-graph\">{\"@context\":\"https:\/\/schema.org\",\"@graph\":[{\"@type\":\"WebPage\",\"@id\":\"https:\/\/shop-physiolac-staging-interne.leserviceweb.com\/nos-produits\/baume-certifie-bio-douce-nuit-le-comptoir-aroma\/\",\"url\":\"https:\/\/shop-physiolac-staging-interne.leserviceweb.com\/nos-produits\/baume-certifie-bio-douce-nuit-le-comptoir-aroma\/\",\"name\":\"Baume douce nuit b\u00e9b\u00e9 - Baume sommeil et relaxant | Le comptoir Aroma\",\"isPartOf\":{\"@id\":\"https:\/\/shop-physiolac-staging-interne.leserviceweb.com\/#website\"},\"primaryImageOfPage\":{\"@id\":\"https:\/\/shop-physiolac-staging-interne.leserviceweb.com\/nos-produits\/baume-certifie-bio-douce-nuit-le-comptoir-aroma\/#primaryimage\"},\"image\":{\"@id\":\"https:\/\/shop-physiolac-staging-interne.leserviceweb.com\/nos-produits\/baume-certifie-bio-douce-nuit-le-comptoir-aroma\/#primaryimage\"},\"thumbnailUrl\":\"https:\/\/shop-physiolac-staging-interne.leserviceweb.com\/wp-content\/uploads\/2024\/04\/LCA-883501-3518648835016-EP-11_23-1.png\",\"datePublished\":\"2024-04-24T15:55:34+00:00\",\"dateModified\":\"2024-10-02T08:10:55+00:00\",\"description\":\"D\u00e9couvrez le baume relaxant b\u00e9b\u00e9 pour aider b\u00e9b\u00e9 \u00e0 dormir. Baume \u00e0 base d'hydrolat de fleur d'oranger - certifi\u00e9 Bio | Le Comptoir Aroma\",\"breadcrumb\":{\"@id\":\"https:\/\/shop-physiolac-staging-interne.leserviceweb.com\/nos-produits\/baume-certifie-bio-douce-nuit-le-comptoir-aroma\/#breadcrumb\"},\"inLanguage\":\"en-US\",\"potentialAction\":[{\"@type\":\"ReadAction\",\"target\":[\"https:\/\/shop-physiolac-staging-interne.leserviceweb.com\/nos-produits\/baume-certifie-bio-douce-nuit-le-comptoir-aroma\/\"]}]},{\"@type\":\"ImageObject\",\"inLanguage\":\"en-US\",\"@id\":\"https:\/\/shop-physiolac-staging-interne.leserviceweb.com\/nos-produits\/baume-certifie-bio-douce-nuit-le-comptoir-aroma\/#primaryimage\",\"url\":\"https:\/\/shop-physiolac-staging-interne.leserviceweb.com\/wp-content\/uploads\/2024\/04\/LCA-883501-3518648835016-EP-11_23-1.png\",\"contentUrl\":\"https:\/\/shop-physiolac-staging-interne.leserviceweb.com\/wp-content\/uploads\/2024\/04\/LCA-883501-3518648835016-EP-11_23-1.png\",\"width\":2500,\"height\":2500},{\"@type\":\"BreadcrumbList\",\"@id\":\"https:\/\/shop-physiolac-staging-interne.leserviceweb.com\/nos-produits\/baume-certifie-bio-douce-nuit-le-comptoir-aroma\/#breadcrumb\",\"itemListElement\":[{\"@type\":\"ListItem\",\"position\":1,\"name\":\"Accueil\",\"item\":\"https:\/\/shop-physiolac-staging-interne.leserviceweb.com\/\"},{\"@type\":\"ListItem\",\"position\":2,\"name\":\"Nos Produits\",\"item\":\"https:\/\/shop-physiolac-staging-interne.leserviceweb.com\/nos-produits\/\"},{\"@type\":\"ListItem\",\"position\":3,\"name\":\"Baume certifi\u00e9 Bio douce nuit Le comptoir Aroma\"}]},{\"@type\":\"WebSite\",\"@id\":\"https:\/\/shop-physiolac-staging-interne.leserviceweb.com\/#website\",\"url\":\"https:\/\/shop-physiolac-staging-interne.leserviceweb.com\/\",\"name\":\"Eshop Physiolac\",\"description\":\"Un site utilisant WordPress\",\"publisher\":{\"@id\":\"https:\/\/shop-physiolac-staging-interne.leserviceweb.com\/#organization\"},\"potentialAction\":[{\"@type\":\"SearchAction\",\"target\":{\"@type\":\"EntryPoint\",\"urlTemplate\":\"https:\/\/shop-physiolac-staging-interne.leserviceweb.com\/?s={search_term_string}\"},\"query-input\":{\"@type\":\"PropertyValueSpecification\",\"valueRequired\":true,\"valueName\":\"search_term_string\"}}],\"inLanguage\":\"en-US\"},{\"@type\":\"Organization\",\"@id\":\"https:\/\/shop-physiolac-staging-interne.leserviceweb.com\/#organization\",\"name\":\"Physiolac\",\"url\":\"https:\/\/shop-physiolac-staging-interne.leserviceweb.com\/\",\"logo\":{\"@type\":\"ImageObject\",\"inLanguage\":\"en-US\",\"@id\":\"https:\/\/shop-physiolac-staging-interne.leserviceweb.com\/#\/schema\/logo\/image\/\",\"url\":\"https:\/\/shop-physiolac-staging-interne.leserviceweb.com\/wp-content\/uploads\/2022\/07\/logo-physiolac-lg.svg\",\"contentUrl\":\"https:\/\/shop-physiolac-staging-interne.leserviceweb.com\/wp-content\/uploads\/2022\/07\/logo-physiolac-lg.svg\",\"width\":\"1024\",\"height\":\"1024\",\"caption\":\"Physiolac\"},\"image\":{\"@id\":\"https:\/\/shop-physiolac-staging-interne.leserviceweb.com\/#\/schema\/logo\/image\/\"},\"sameAs\":[\"https:\/\/www.facebook.com\/physiolac.official\",\"https:\/\/www.instagram.com\/physiolac\/\"]}]}<\/script>\n<!-- \/ Yoast SEO plugin. -->","yoast_head_json":{"title":"Baume douce nuit b\u00e9b\u00e9 - Baume sommeil et relaxant | Le comptoir Aroma","description":"D\u00e9couvrez le baume relaxant b\u00e9b\u00e9 pour aider b\u00e9b\u00e9 \u00e0 dormir. Baume \u00e0 base d'hydrolat de fleur d'oranger - certifi\u00e9 Bio | Le Comptoir Aroma","robots":{"index":"noindex","follow":"follow","max-snippet":"max-snippet:-1","max-image-preview":"max-image-preview:large","max-video-preview":"max-video-preview:-1"},"og_locale":"en_US","og_type":"article","og_title":"Baume douce nuit b\u00e9b\u00e9 - Baume sommeil et relaxant | Le comptoir Aroma","og_description":"D\u00e9couvrez le baume relaxant b\u00e9b\u00e9 pour aider b\u00e9b\u00e9 \u00e0 dormir. Baume \u00e0 base d'hydrolat de fleur d'oranger - certifi\u00e9 Bio | Le Comptoir Aroma","og_url":"https:\/\/shop-physiolac-staging-interne.leserviceweb.com\/nos-produits\/baume-certifie-bio-douce-nuit-le-comptoir-aroma\/","og_site_name":"Eshop Physiolac","article_publisher":"https:\/\/www.facebook.com\/physiolac.official","article_modified_time":"2024-10-02T08:10:55+00:00","og_image":[{"width":2500,"height":2500,"url":"https:\/\/shop-physiolac-staging-interne.leserviceweb.com\/wp-content\/uploads\/2024\/04\/LCA-883501-3518648835016-EP-11_23-1.png","type":"image\/png"}],"twitter_card":"summary_large_image","twitter_misc":{"Est. reading time":"1 minute"},"schema":{"@context":"https:\/\/schema.org","@graph":[{"@type":"WebPage","@id":"https:\/\/shop-physiolac-staging-interne.leserviceweb.com\/nos-produits\/baume-certifie-bio-douce-nuit-le-comptoir-aroma\/","url":"https:\/\/shop-physiolac-staging-interne.leserviceweb.com\/nos-produits\/baume-certifie-bio-douce-nuit-le-comptoir-aroma\/","name":"Baume douce nuit b\u00e9b\u00e9 - Baume sommeil et relaxant | Le comptoir Aroma","isPartOf":{"@id":"https:\/\/shop-physiolac-staging-interne.leserviceweb.com\/#website"},"primaryImageOfPage":{"@id":"https:\/\/shop-physiolac-staging-interne.leserviceweb.com\/nos-produits\/baume-certifie-bio-douce-nuit-le-comptoir-aroma\/#primaryimage"},"image":{"@id":"https:\/\/shop-physiolac-staging-interne.leserviceweb.com\/nos-produits\/baume-certifie-bio-douce-nuit-le-comptoir-aroma\/#primaryimage"},"thumbnailUrl":"https:\/\/shop-physiolac-staging-interne.leserviceweb.com\/wp-content\/uploads\/2024\/04\/LCA-883501-3518648835016-EP-11_23-1.png","datePublished":"2024-04-24T15:55:34+00:00","dateModified":"2024-10-02T08:10:55+00:00","description":"D\u00e9couvrez le baume relaxant b\u00e9b\u00e9 pour aider b\u00e9b\u00e9 \u00e0 dormir. Baume \u00e0 base d'hydrolat de fleur d'oranger - certifi\u00e9 Bio | Le Comptoir Aroma","breadcrumb":{"@id":"https:\/\/shop-physiolac-staging-interne.leserviceweb.com\/nos-produits\/baume-certifie-bio-douce-nuit-le-comptoir-aroma\/#breadcrumb"},"inLanguage":"en-US","potentialAction":[{"@type":"ReadAction","target":["https:\/\/shop-physiolac-staging-interne.leserviceweb.com\/nos-produits\/baume-certifie-bio-douce-nuit-le-comptoir-aroma\/"]}]},{"@type":"ImageObject","inLanguage":"en-US","@id":"https:\/\/shop-physiolac-staging-interne.leserviceweb.com\/nos-produits\/baume-certifie-bio-douce-nuit-le-comptoir-aroma\/#primaryimage","url":"https:\/\/shop-physiolac-staging-interne.leserviceweb.com\/wp-content\/uploads\/2024\/04\/LCA-883501-3518648835016-EP-11_23-1.png","contentUrl":"https:\/\/shop-physiolac-staging-interne.leserviceweb.com\/wp-content\/uploads\/2024\/04\/LCA-883501-3518648835016-EP-11_23-1.png","width":2500,"height":2500},{"@type":"BreadcrumbList","@id":"https:\/\/shop-physiolac-staging-interne.leserviceweb.com\/nos-produits\/baume-certifie-bio-douce-nuit-le-comptoir-aroma\/#breadcrumb","itemListElement":[{"@type":"ListItem","position":1,"name":"Accueil","item":"https:\/\/shop-physiolac-staging-interne.leserviceweb.com\/"},{"@type":"ListItem","position":2,"name":"Nos Produits","item":"https:\/\/shop-physiolac-staging-interne.leserviceweb.com\/nos-produits\/"},{"@type":"ListItem","position":3,"name":"Baume certifi\u00e9 Bio douce nuit Le comptoir Aroma"}]},{"@type":"WebSite","@id":"https:\/\/shop-physiolac-staging-interne.leserviceweb.com\/#website","url":"https:\/\/shop-physiolac-staging-interne.leserviceweb.com\/","name":"Eshop Physiolac","description":"Un site utilisant WordPress","publisher":{"@id":"https:\/\/shop-physiolac-staging-interne.leserviceweb.com\/#organization"},"potentialAction":[{"@type":"SearchAction","target":{"@type":"EntryPoint","urlTemplate":"https:\/\/shop-physiolac-staging-interne.leserviceweb.com\/?s={search_term_string}"},"query-input":{"@type":"PropertyValueSpecification","valueRequired":true,"valueName":"search_term_string"}}],"inLanguage":"en-US"},{"@type":"Organization","@id":"https:\/\/shop-physiolac-staging-interne.leserviceweb.com\/#organization","name":"Physiolac","url":"https:\/\/shop-physiolac-staging-interne.leserviceweb.com\/","logo":{"@type":"ImageObject","inLanguage":"en-US","@id":"https:\/\/shop-physiolac-staging-interne.leserviceweb.com\/#\/schema\/logo\/image\/","url":"https:\/\/shop-physiolac-staging-interne.leserviceweb.com\/wp-content\/uploads\/2022\/07\/logo-physiolac-lg.svg","contentUrl":"https:\/\/shop-physiolac-staging-interne.leserviceweb.com\/wp-content\/uploads\/2022\/07\/logo-physiolac-lg.svg","width":"1024","height":"1024","caption":"Physiolac"},"image":{"@id":"https:\/\/shop-physiolac-staging-interne.leserviceweb.com\/#\/schema\/logo\/image\/"},"sameAs":["https:\/\/www.facebook.com\/physiolac.official","https:\/\/www.instagram.com\/physiolac\/"]}]}},"_links":{"self":[{"href":"https:\/\/shop-physiolac-staging-interne.leserviceweb.com\/en\/wp-json\/wp\/v2\/product\/117743","targetHints":{"allow":["GET"]}}],"collection":[{"href":"https:\/\/shop-physiolac-staging-interne.leserviceweb.com\/en\/wp-json\/wp\/v2\/product"}],"about":[{"href":"https:\/\/shop-physiolac-staging-interne.leserviceweb.com\/en\/wp-json\/wp\/v2\/types\/product"}],"wp:featuredmedia":[{"embeddable":true,"href":"https:\/\/shop-physiolac-staging-interne.leserviceweb.com\/en\/wp-json\/wp\/v2\/media\/117744"}],"wp:attachment":[{"href":"https:\/\/shop-physiolac-staging-interne.leserviceweb.com\/en\/wp-json\/wp\/v2\/media?parent=117743"}],"wp:term":[{"taxonomy":"product_brand","embeddable":true,"href":"https:\/\/shop-physiolac-staging-interne.leserviceweb.com\/en\/wp-json\/wp\/v2\/product_brand?post=117743"},{"taxonomy":"product_cat","embeddable":true,"href":"https:\/\/shop-physiolac-staging-interne.leserviceweb.com\/en\/wp-json\/wp\/v2\/product_cat?post=117743"},{"taxonomy":"product_tag","embeddable":true,"href":"https:\/\/shop-physiolac-staging-interne.leserviceweb.com\/en\/wp-json\/wp\/v2\/product_tag?post=117743"}],"curies":[{"name":"wp","href":"https:\/\/api.w.org\/{rel}","templated":true}]}}