{"id":117740,"date":"2024-04-24T15:02:05","date_gmt":"2024-04-24T13:02:05","guid":{"rendered":"https:\/\/shop-physiolac-staging-interne.leserviceweb.com\/?post_type=product&#038;p=117740"},"modified":"2024-10-02T10:05:13","modified_gmt":"2024-10-02T08:05:13","slug":"gel-nettoyant-douceur-200-ml-neutraderm","status":"publish","type":"product","link":"https:\/\/shop-physiolac-staging-interne.leserviceweb.com\/en\/nos-produits\/gel-nettoyant-douceur-200-ml-neutraderm\/","title":{"rendered":"Gel nettoyant douceur 200 ml Neutraderm"},"content":{"rendered":"<p>Gr\u00e2ce \u00e0 sa formule \u00e0 haute tol\u00e9rance, le Gel Nettoyant Douceur 3-en-1 <strong>nettoie<\/strong> et <strong>apaise<\/strong> le visage, le corps et les cheveux des <strong>b\u00e9b\u00e9s<\/strong>.<\/p>\n<p>Sa formule <strong>extra-douce<\/strong> <strong>prot\u00e8ge<\/strong> la peau d\u00e9licate et le cuir chevelu. Il mousse et se rince facilement. La peau des b\u00e9b\u00e9s est propre, adoucie et d\u00e9licatement parfum\u00e9e. Les cheveux sont doux et soyeux, facile \u00e0 d\u00e9m\u00ealer. Il compense les effets dess\u00e9chants du bain.<\/p>\n<p>Sa formule est compos\u00e9e de <strong>91% d&#8217;ingr\u00e9dients d&#8217;origine naturelle<\/strong> et de <strong>97% d\u2019ingr\u00e9dients biod\u00e9gradables<\/strong>. Elle contient 10% d&#8217;Active Oligo Skin Complex.<\/p>\n","protected":false},"excerpt":{"rendered":"<p>Le gel nettoyant douceur 3-en-1 nettoie et apaise le visage, le corps et les cheveux des b\u00e9b\u00e9s. Sa formule extra-douce prot\u00e8ge la peau d\u00e9licate et le cuir chevelu. La peau des b\u00e9b\u00e9s est propre, adoucie et d\u00e9licatement parfum\u00e9e.<\/p>\n","protected":false},"featured_media":117742,"template":"","meta":{"_acf_changed":false,"inline_featured_image":false},"product_brand":[],"product_cat":[211],"product_tag":[],"class_list":{"0":"post-117740","1":"product","2":"type-product","3":"status-publish","4":"has-post-thumbnail","6":"product_cat-indispensables-bebe","8":"first","9":"instock","10":"taxable","11":"shipping-taxable","12":"purchasable","13":"product-type-simple"},"bundled_by":[],"bundle_stock_status":"instock","bundle_stock_quantity":18,"bundle_virtual":false,"bundle_layout":"","bundle_add_to_cart_form_location":"","bundle_editable_in_cart":false,"bundle_sold_individually_context":"","bundle_item_grouping":"","bundle_min_size":"","bundle_max_size":"","bundle_price":[],"bundled_items":[],"bundle_sell_ids":[],"acf":[],"yoast_head":"<!-- This site is optimized with the Yoast SEO plugin v25.2 - https:\/\/yoast.com\/wordpress\/plugins\/seo\/ -->\n<title>Gel douche b\u00e9b\u00e9 peaux sensibles - Savon doux b\u00e9b\u00e9 | Neutraderm<\/title>\n<meta name=\"description\" content=\"D\u00e9couvrez le gel nettoyant douceur pour le visage et le corps de b\u00e9b\u00e9, savon pour les peaux sensibles des b\u00e9b\u00e9s. Gel douche b\u00e9b\u00e9 haute tol\u00e9rance cutan\u00e9e | Neutraderm\" \/>\n<meta name=\"robots\" content=\"noindex, follow, max-snippet:-1, max-image-preview:large, max-video-preview:-1\" \/>\n<meta property=\"og:locale\" content=\"en_US\" \/>\n<meta property=\"og:type\" content=\"article\" \/>\n<meta property=\"og:title\" content=\"Gel douche b\u00e9b\u00e9 peaux sensibles - Savon doux b\u00e9b\u00e9 | Neutraderm\" \/>\n<meta property=\"og:description\" content=\"D\u00e9couvrez le gel nettoyant douceur pour le visage et le corps de b\u00e9b\u00e9, savon pour les peaux sensibles des b\u00e9b\u00e9s. Gel douche b\u00e9b\u00e9 haute tol\u00e9rance cutan\u00e9e | Neutraderm\" \/>\n<meta property=\"og:url\" content=\"https:\/\/shop-physiolac-staging-interne.leserviceweb.com\/nos-produits\/gel-nettoyant-douceur-200-ml-neutraderm\/\" \/>\n<meta property=\"og:site_name\" content=\"Eshop Physiolac\" \/>\n<meta property=\"article:publisher\" content=\"https:\/\/www.facebook.com\/physiolac.official\" \/>\n<meta property=\"article:modified_time\" content=\"2024-10-02T08:05:13+00:00\" \/>\n<meta property=\"og:image\" content=\"https:\/\/shop-physiolac-staging-interne.leserviceweb.com\/wp-content\/uploads\/2024\/04\/NEM-608839-3273816088396-EP-605x1024.png\" \/>\n\t<meta property=\"og:image:width\" content=\"605\" \/>\n\t<meta property=\"og:image:height\" content=\"1024\" \/>\n\t<meta property=\"og:image:type\" content=\"image\/png\" \/>\n<meta name=\"twitter:card\" content=\"summary_large_image\" \/>\n<meta name=\"twitter:label1\" content=\"Est. reading time\" \/>\n\t<meta name=\"twitter:data1\" content=\"1 minute\" \/>\n<script type=\"application\/ld+json\" class=\"yoast-schema-graph\">{\"@context\":\"https:\/\/schema.org\",\"@graph\":[{\"@type\":\"WebPage\",\"@id\":\"https:\/\/shop-physiolac-staging-interne.leserviceweb.com\/nos-produits\/gel-nettoyant-douceur-200-ml-neutraderm\/\",\"url\":\"https:\/\/shop-physiolac-staging-interne.leserviceweb.com\/nos-produits\/gel-nettoyant-douceur-200-ml-neutraderm\/\",\"name\":\"Gel douche b\u00e9b\u00e9 peaux sensibles - Savon doux b\u00e9b\u00e9 | Neutraderm\",\"isPartOf\":{\"@id\":\"https:\/\/shop-physiolac-staging-interne.leserviceweb.com\/#website\"},\"primaryImageOfPage\":{\"@id\":\"https:\/\/shop-physiolac-staging-interne.leserviceweb.com\/nos-produits\/gel-nettoyant-douceur-200-ml-neutraderm\/#primaryimage\"},\"image\":{\"@id\":\"https:\/\/shop-physiolac-staging-interne.leserviceweb.com\/nos-produits\/gel-nettoyant-douceur-200-ml-neutraderm\/#primaryimage\"},\"thumbnailUrl\":\"https:\/\/shop-physiolac-staging-interne.leserviceweb.com\/wp-content\/uploads\/2024\/04\/NEM-608839-3273816088396-EP.png\",\"datePublished\":\"2024-04-24T13:02:05+00:00\",\"dateModified\":\"2024-10-02T08:05:13+00:00\",\"description\":\"D\u00e9couvrez le gel nettoyant douceur pour le visage et le corps de b\u00e9b\u00e9, savon pour les peaux sensibles des b\u00e9b\u00e9s. Gel douche b\u00e9b\u00e9 haute tol\u00e9rance cutan\u00e9e | Neutraderm\",\"breadcrumb\":{\"@id\":\"https:\/\/shop-physiolac-staging-interne.leserviceweb.com\/nos-produits\/gel-nettoyant-douceur-200-ml-neutraderm\/#breadcrumb\"},\"inLanguage\":\"en-US\",\"potentialAction\":[{\"@type\":\"ReadAction\",\"target\":[\"https:\/\/shop-physiolac-staging-interne.leserviceweb.com\/nos-produits\/gel-nettoyant-douceur-200-ml-neutraderm\/\"]}]},{\"@type\":\"ImageObject\",\"inLanguage\":\"en-US\",\"@id\":\"https:\/\/shop-physiolac-staging-interne.leserviceweb.com\/nos-produits\/gel-nettoyant-douceur-200-ml-neutraderm\/#primaryimage\",\"url\":\"https:\/\/shop-physiolac-staging-interne.leserviceweb.com\/wp-content\/uploads\/2024\/04\/NEM-608839-3273816088396-EP.png\",\"contentUrl\":\"https:\/\/shop-physiolac-staging-interne.leserviceweb.com\/wp-content\/uploads\/2024\/04\/NEM-608839-3273816088396-EP.png\",\"width\":1475,\"height\":2496},{\"@type\":\"BreadcrumbList\",\"@id\":\"https:\/\/shop-physiolac-staging-interne.leserviceweb.com\/nos-produits\/gel-nettoyant-douceur-200-ml-neutraderm\/#breadcrumb\",\"itemListElement\":[{\"@type\":\"ListItem\",\"position\":1,\"name\":\"Accueil\",\"item\":\"https:\/\/shop-physiolac-staging-interne.leserviceweb.com\/\"},{\"@type\":\"ListItem\",\"position\":2,\"name\":\"Nos Produits\",\"item\":\"https:\/\/shop-physiolac-staging-interne.leserviceweb.com\/nos-produits\/\"},{\"@type\":\"ListItem\",\"position\":3,\"name\":\"Gel nettoyant douceur 200 ml Neutraderm\"}]},{\"@type\":\"WebSite\",\"@id\":\"https:\/\/shop-physiolac-staging-interne.leserviceweb.com\/#website\",\"url\":\"https:\/\/shop-physiolac-staging-interne.leserviceweb.com\/\",\"name\":\"Eshop Physiolac\",\"description\":\"Un site utilisant WordPress\",\"publisher\":{\"@id\":\"https:\/\/shop-physiolac-staging-interne.leserviceweb.com\/#organization\"},\"potentialAction\":[{\"@type\":\"SearchAction\",\"target\":{\"@type\":\"EntryPoint\",\"urlTemplate\":\"https:\/\/shop-physiolac-staging-interne.leserviceweb.com\/?s={search_term_string}\"},\"query-input\":{\"@type\":\"PropertyValueSpecification\",\"valueRequired\":true,\"valueName\":\"search_term_string\"}}],\"inLanguage\":\"en-US\"},{\"@type\":\"Organization\",\"@id\":\"https:\/\/shop-physiolac-staging-interne.leserviceweb.com\/#organization\",\"name\":\"Physiolac\",\"url\":\"https:\/\/shop-physiolac-staging-interne.leserviceweb.com\/\",\"logo\":{\"@type\":\"ImageObject\",\"inLanguage\":\"en-US\",\"@id\":\"https:\/\/shop-physiolac-staging-interne.leserviceweb.com\/#\/schema\/logo\/image\/\",\"url\":\"https:\/\/shop-physiolac-staging-interne.leserviceweb.com\/wp-content\/uploads\/2022\/07\/logo-physiolac-lg.svg\",\"contentUrl\":\"https:\/\/shop-physiolac-staging-interne.leserviceweb.com\/wp-content\/uploads\/2022\/07\/logo-physiolac-lg.svg\",\"width\":\"1024\",\"height\":\"1024\",\"caption\":\"Physiolac\"},\"image\":{\"@id\":\"https:\/\/shop-physiolac-staging-interne.leserviceweb.com\/#\/schema\/logo\/image\/\"},\"sameAs\":[\"https:\/\/www.facebook.com\/physiolac.official\",\"https:\/\/www.instagram.com\/physiolac\/\"]}]}<\/script>\n<!-- \/ Yoast SEO plugin. -->","yoast_head_json":{"title":"Gel douche b\u00e9b\u00e9 peaux sensibles - Savon doux b\u00e9b\u00e9 | Neutraderm","description":"D\u00e9couvrez le gel nettoyant douceur pour le visage et le corps de b\u00e9b\u00e9, savon pour les peaux sensibles des b\u00e9b\u00e9s. Gel douche b\u00e9b\u00e9 haute tol\u00e9rance cutan\u00e9e | Neutraderm","robots":{"index":"noindex","follow":"follow","max-snippet":"max-snippet:-1","max-image-preview":"max-image-preview:large","max-video-preview":"max-video-preview:-1"},"og_locale":"en_US","og_type":"article","og_title":"Gel douche b\u00e9b\u00e9 peaux sensibles - Savon doux b\u00e9b\u00e9 | Neutraderm","og_description":"D\u00e9couvrez le gel nettoyant douceur pour le visage et le corps de b\u00e9b\u00e9, savon pour les peaux sensibles des b\u00e9b\u00e9s. Gel douche b\u00e9b\u00e9 haute tol\u00e9rance cutan\u00e9e | Neutraderm","og_url":"https:\/\/shop-physiolac-staging-interne.leserviceweb.com\/nos-produits\/gel-nettoyant-douceur-200-ml-neutraderm\/","og_site_name":"Eshop Physiolac","article_publisher":"https:\/\/www.facebook.com\/physiolac.official","article_modified_time":"2024-10-02T08:05:13+00:00","og_image":[{"width":605,"height":1024,"url":"https:\/\/shop-physiolac-staging-interne.leserviceweb.com\/wp-content\/uploads\/2024\/04\/NEM-608839-3273816088396-EP-605x1024.png","type":"image\/png"}],"twitter_card":"summary_large_image","twitter_misc":{"Est. reading time":"1 minute"},"schema":{"@context":"https:\/\/schema.org","@graph":[{"@type":"WebPage","@id":"https:\/\/shop-physiolac-staging-interne.leserviceweb.com\/nos-produits\/gel-nettoyant-douceur-200-ml-neutraderm\/","url":"https:\/\/shop-physiolac-staging-interne.leserviceweb.com\/nos-produits\/gel-nettoyant-douceur-200-ml-neutraderm\/","name":"Gel douche b\u00e9b\u00e9 peaux sensibles - Savon doux b\u00e9b\u00e9 | Neutraderm","isPartOf":{"@id":"https:\/\/shop-physiolac-staging-interne.leserviceweb.com\/#website"},"primaryImageOfPage":{"@id":"https:\/\/shop-physiolac-staging-interne.leserviceweb.com\/nos-produits\/gel-nettoyant-douceur-200-ml-neutraderm\/#primaryimage"},"image":{"@id":"https:\/\/shop-physiolac-staging-interne.leserviceweb.com\/nos-produits\/gel-nettoyant-douceur-200-ml-neutraderm\/#primaryimage"},"thumbnailUrl":"https:\/\/shop-physiolac-staging-interne.leserviceweb.com\/wp-content\/uploads\/2024\/04\/NEM-608839-3273816088396-EP.png","datePublished":"2024-04-24T13:02:05+00:00","dateModified":"2024-10-02T08:05:13+00:00","description":"D\u00e9couvrez le gel nettoyant douceur pour le visage et le corps de b\u00e9b\u00e9, savon pour les peaux sensibles des b\u00e9b\u00e9s. Gel douche b\u00e9b\u00e9 haute tol\u00e9rance cutan\u00e9e | Neutraderm","breadcrumb":{"@id":"https:\/\/shop-physiolac-staging-interne.leserviceweb.com\/nos-produits\/gel-nettoyant-douceur-200-ml-neutraderm\/#breadcrumb"},"inLanguage":"en-US","potentialAction":[{"@type":"ReadAction","target":["https:\/\/shop-physiolac-staging-interne.leserviceweb.com\/nos-produits\/gel-nettoyant-douceur-200-ml-neutraderm\/"]}]},{"@type":"ImageObject","inLanguage":"en-US","@id":"https:\/\/shop-physiolac-staging-interne.leserviceweb.com\/nos-produits\/gel-nettoyant-douceur-200-ml-neutraderm\/#primaryimage","url":"https:\/\/shop-physiolac-staging-interne.leserviceweb.com\/wp-content\/uploads\/2024\/04\/NEM-608839-3273816088396-EP.png","contentUrl":"https:\/\/shop-physiolac-staging-interne.leserviceweb.com\/wp-content\/uploads\/2024\/04\/NEM-608839-3273816088396-EP.png","width":1475,"height":2496},{"@type":"BreadcrumbList","@id":"https:\/\/shop-physiolac-staging-interne.leserviceweb.com\/nos-produits\/gel-nettoyant-douceur-200-ml-neutraderm\/#breadcrumb","itemListElement":[{"@type":"ListItem","position":1,"name":"Accueil","item":"https:\/\/shop-physiolac-staging-interne.leserviceweb.com\/"},{"@type":"ListItem","position":2,"name":"Nos Produits","item":"https:\/\/shop-physiolac-staging-interne.leserviceweb.com\/nos-produits\/"},{"@type":"ListItem","position":3,"name":"Gel nettoyant douceur 200 ml Neutraderm"}]},{"@type":"WebSite","@id":"https:\/\/shop-physiolac-staging-interne.leserviceweb.com\/#website","url":"https:\/\/shop-physiolac-staging-interne.leserviceweb.com\/","name":"Eshop Physiolac","description":"Un site utilisant WordPress","publisher":{"@id":"https:\/\/shop-physiolac-staging-interne.leserviceweb.com\/#organization"},"potentialAction":[{"@type":"SearchAction","target":{"@type":"EntryPoint","urlTemplate":"https:\/\/shop-physiolac-staging-interne.leserviceweb.com\/?s={search_term_string}"},"query-input":{"@type":"PropertyValueSpecification","valueRequired":true,"valueName":"search_term_string"}}],"inLanguage":"en-US"},{"@type":"Organization","@id":"https:\/\/shop-physiolac-staging-interne.leserviceweb.com\/#organization","name":"Physiolac","url":"https:\/\/shop-physiolac-staging-interne.leserviceweb.com\/","logo":{"@type":"ImageObject","inLanguage":"en-US","@id":"https:\/\/shop-physiolac-staging-interne.leserviceweb.com\/#\/schema\/logo\/image\/","url":"https:\/\/shop-physiolac-staging-interne.leserviceweb.com\/wp-content\/uploads\/2022\/07\/logo-physiolac-lg.svg","contentUrl":"https:\/\/shop-physiolac-staging-interne.leserviceweb.com\/wp-content\/uploads\/2022\/07\/logo-physiolac-lg.svg","width":"1024","height":"1024","caption":"Physiolac"},"image":{"@id":"https:\/\/shop-physiolac-staging-interne.leserviceweb.com\/#\/schema\/logo\/image\/"},"sameAs":["https:\/\/www.facebook.com\/physiolac.official","https:\/\/www.instagram.com\/physiolac\/"]}]}},"_links":{"self":[{"href":"https:\/\/shop-physiolac-staging-interne.leserviceweb.com\/en\/wp-json\/wp\/v2\/product\/117740","targetHints":{"allow":["GET"]}}],"collection":[{"href":"https:\/\/shop-physiolac-staging-interne.leserviceweb.com\/en\/wp-json\/wp\/v2\/product"}],"about":[{"href":"https:\/\/shop-physiolac-staging-interne.leserviceweb.com\/en\/wp-json\/wp\/v2\/types\/product"}],"wp:featuredmedia":[{"embeddable":true,"href":"https:\/\/shop-physiolac-staging-interne.leserviceweb.com\/en\/wp-json\/wp\/v2\/media\/117742"}],"wp:attachment":[{"href":"https:\/\/shop-physiolac-staging-interne.leserviceweb.com\/en\/wp-json\/wp\/v2\/media?parent=117740"}],"wp:term":[{"taxonomy":"product_brand","embeddable":true,"href":"https:\/\/shop-physiolac-staging-interne.leserviceweb.com\/en\/wp-json\/wp\/v2\/product_brand?post=117740"},{"taxonomy":"product_cat","embeddable":true,"href":"https:\/\/shop-physiolac-staging-interne.leserviceweb.com\/en\/wp-json\/wp\/v2\/product_cat?post=117740"},{"taxonomy":"product_tag","embeddable":true,"href":"https:\/\/shop-physiolac-staging-interne.leserviceweb.com\/en\/wp-json\/wp\/v2\/product_tag?post=117740"}],"curies":[{"name":"wp","href":"https:\/\/api.w.org\/{rel}","templated":true}]}}