{"id":117738,"date":"2024-04-24T14:56:40","date_gmt":"2024-04-24T12:56:40","guid":{"rendered":"https:\/\/shop-physiolac-staging-interne.leserviceweb.com\/?post_type=product&#038;p=117738"},"modified":"2024-10-02T10:09:09","modified_gmt":"2024-10-02T08:09:09","slug":"serum-physiologique-vegetal-physiodose","status":"publish","type":"product","link":"https:\/\/shop-physiolac-staging-interne.leserviceweb.com\/en\/nos-produits\/serum-physiologique-vegetal-physiodose\/","title":{"rendered":"S\u00e9rum physiologique v\u00e9g\u00e9tal Physiodose"},"content":{"rendered":"<p>Compos\u00e9 d\u2019eau purifi\u00e9e et de chlorure de sodium, le s\u00e9rum physiologique Physiodose* est un s\u00e9rum physiologique <strong>st\u00e9rile<\/strong>, <strong>sans conservateur<\/strong>, non injectable. Pr\u00e9sent\u00e9 en unidose, le s\u00e9rum physiologique est <strong>hygi\u00e9nique<\/strong> et permet facilit\u00e9 et s\u00e9curit\u00e9 d&#8217;emploi.<\/p>\n<p>Le s\u00e9rum physiologique\u00a0est conseill\u00e9 chez le <strong>b\u00e9b\u00e9<\/strong>, <strong>l&#8217;enfant<\/strong> et <strong>l&#8217;adulte<\/strong> :<\/p>\n<ul>\n<li>pour l&#8217;<strong>hygi\u00e8ne nasale <\/strong>quotidienne (pour les nez secs ou encombr\u00e9s), \u00e0 raison d&#8217;1 \u00e0 lavages par jour, en fonction des besoins<\/li>\n<li>pour l&#8217;<strong>hygi\u00e8ne oculaire<\/strong> quotidienne, \u00e0 raison d&#8217;1 \u00e0 6 lavages par jour, en fonction des besoins.<\/li>\n<li>pour une parfaite <strong>hygi\u00e8ne auriculaire<\/strong>, afin d&#8217;entra\u00eener les d\u00e9p\u00f4ts solubilis\u00e9s de c\u00e9rumen et rincer le conduit auditif externe apr\u00e8s utilisation d&#8217;une solution tensio-actif<\/li>\n<li>pour le <strong>lavage des plaies<\/strong><\/li>\n<\/ul>\n<p>Gr\u00e2ce \u00e0 son embout doux &#8220;<strong>PHYSIO-SOFT<\/strong>&#8220;, l&#8217;unidose Physiodose ne blesse pas b\u00e9b\u00e9 lors de son utilisation. L\u2019unidose de s\u00e9rum physiologique Physiodose en <strong>plastique d\u2019origine v\u00e9g\u00e9tale<\/strong> est de qualit\u00e9\u00a0pharmaceutique et sans aucun additif. Elle poss\u00e8de les m\u00eames propri\u00e9t\u00e9s de protection et de\u00a0conservation st\u00e9rile que votre unidose habituelle. Soucieux de votre sant\u00e9 et celle des g\u00e9n\u00e9rations futures, les Laboratoires Gilbert s\u2019engagent dans\u00a0<strong>une d\u00e9marche \u00e9co-responsable<\/strong> et cr\u00e9ent une unidose enti\u00e8rement con\u00e7ue en<strong> plastique d\u2019origine\u00a0v\u00e9g\u00e9tale<\/strong> provenant de ressources renouvelables. Cette nouvelle unidose est fabriqu\u00e9e \u00e0 partir\u00a0d\u2019\u00e9thanol issu de la canne \u00e0 sucre, permettant ainsi de limiter l\u2019utilisation de mati\u00e8res fossiles.<\/p>\n<p><em>*Ce dispositif m\u00e9dical est un produit de sant\u00e9 qui porte, au titre de la r\u00e9glementation le marquage<\/em><\/p>\n","protected":false},"excerpt":{"rendered":"<p>Compos\u00e9 d&#8217;eau purifi\u00e9e et de chlorure de sodium, le s\u00e9rum physiologique est conseill\u00e9 chez le b\u00e9b\u00e9 pour le nettoyage du nez, des yeux et des oreilles. Cette unidose de s\u00e9rum physiologique est en plastique d\u2019origine v\u00e9g\u00e9tale.<\/p>\n","protected":false},"featured_media":117739,"template":"","meta":{"_acf_changed":false,"inline_featured_image":false},"product_brand":[],"product_cat":[211],"product_tag":[],"class_list":{"0":"post-117738","1":"product","2":"type-product","3":"status-publish","4":"has-post-thumbnail","6":"product_cat-indispensables-bebe","8":"first","9":"instock","10":"taxable","11":"shipping-taxable","12":"purchasable","13":"product-type-simple"},"bundled_by":[],"bundle_stock_status":"instock","bundle_stock_quantity":44,"bundle_virtual":false,"bundle_layout":"","bundle_add_to_cart_form_location":"","bundle_editable_in_cart":false,"bundle_sold_individually_context":"","bundle_item_grouping":"","bundle_min_size":"","bundle_max_size":"","bundle_price":[],"bundled_items":[],"bundle_sell_ids":[],"acf":[],"yoast_head":"<!-- This site is optimized with the Yoast SEO plugin v25.2 - https:\/\/yoast.com\/wordpress\/plugins\/seo\/ -->\n<title>S\u00e9rum physologique nez b\u00e9b\u00e9 - Nettoyer nez b\u00e9b\u00e9 | Physiodose<\/title>\n<meta name=\"description\" content=\"D\u00e9couvrez le s\u00e9rum physiologique v\u00e9g\u00e9tale pour nettoyer le nez, les oreilles et les yeux de b\u00e9b\u00e9. S\u00e9rum physiologique en cas de rhume de b\u00e9b\u00e9 | Physiodose\" \/>\n<meta name=\"robots\" content=\"noindex, follow, max-snippet:-1, max-image-preview:large, max-video-preview:-1\" \/>\n<meta property=\"og:locale\" content=\"en_US\" \/>\n<meta property=\"og:type\" content=\"article\" \/>\n<meta property=\"og:title\" content=\"S\u00e9rum physologique nez b\u00e9b\u00e9 - Nettoyer nez b\u00e9b\u00e9 | Physiodose\" \/>\n<meta property=\"og:description\" content=\"D\u00e9couvrez le s\u00e9rum physiologique v\u00e9g\u00e9tale pour nettoyer le nez, les oreilles et les yeux de b\u00e9b\u00e9. S\u00e9rum physiologique en cas de rhume de b\u00e9b\u00e9 | Physiodose\" \/>\n<meta property=\"og:url\" content=\"https:\/\/shop-physiolac-staging-interne.leserviceweb.com\/nos-produits\/serum-physiologique-vegetal-physiodose\/\" \/>\n<meta property=\"og:site_name\" content=\"Eshop Physiolac\" \/>\n<meta property=\"article:publisher\" content=\"https:\/\/www.facebook.com\/physiolac.official\" \/>\n<meta property=\"article:modified_time\" content=\"2024-10-02T08:09:09+00:00\" \/>\n<meta property=\"og:image\" content=\"https:\/\/shop-physiolac-staging-interne.leserviceweb.com\/wp-content\/uploads\/2024\/04\/PHY-626600_3518646266003-EP-2.png\" \/>\n\t<meta property=\"og:image:width\" content=\"1181\" \/>\n\t<meta property=\"og:image:height\" content=\"1181\" \/>\n\t<meta property=\"og:image:type\" content=\"image\/png\" \/>\n<meta name=\"twitter:card\" content=\"summary_large_image\" \/>\n<meta name=\"twitter:label1\" content=\"Est. reading time\" \/>\n\t<meta name=\"twitter:data1\" content=\"2 minutes\" \/>\n<script type=\"application\/ld+json\" class=\"yoast-schema-graph\">{\"@context\":\"https:\/\/schema.org\",\"@graph\":[{\"@type\":\"WebPage\",\"@id\":\"https:\/\/shop-physiolac-staging-interne.leserviceweb.com\/nos-produits\/serum-physiologique-vegetal-physiodose\/\",\"url\":\"https:\/\/shop-physiolac-staging-interne.leserviceweb.com\/nos-produits\/serum-physiologique-vegetal-physiodose\/\",\"name\":\"S\u00e9rum physologique nez b\u00e9b\u00e9 - Nettoyer nez b\u00e9b\u00e9 | Physiodose\",\"isPartOf\":{\"@id\":\"https:\/\/shop-physiolac-staging-interne.leserviceweb.com\/#website\"},\"primaryImageOfPage\":{\"@id\":\"https:\/\/shop-physiolac-staging-interne.leserviceweb.com\/nos-produits\/serum-physiologique-vegetal-physiodose\/#primaryimage\"},\"image\":{\"@id\":\"https:\/\/shop-physiolac-staging-interne.leserviceweb.com\/nos-produits\/serum-physiologique-vegetal-physiodose\/#primaryimage\"},\"thumbnailUrl\":\"https:\/\/shop-physiolac-staging-interne.leserviceweb.com\/wp-content\/uploads\/2024\/04\/PHY-626600_3518646266003-EP-2.png\",\"datePublished\":\"2024-04-24T12:56:40+00:00\",\"dateModified\":\"2024-10-02T08:09:09+00:00\",\"description\":\"D\u00e9couvrez le s\u00e9rum physiologique v\u00e9g\u00e9tale pour nettoyer le nez, les oreilles et les yeux de b\u00e9b\u00e9. S\u00e9rum physiologique en cas de rhume de b\u00e9b\u00e9 | Physiodose\",\"breadcrumb\":{\"@id\":\"https:\/\/shop-physiolac-staging-interne.leserviceweb.com\/nos-produits\/serum-physiologique-vegetal-physiodose\/#breadcrumb\"},\"inLanguage\":\"en-US\",\"potentialAction\":[{\"@type\":\"ReadAction\",\"target\":[\"https:\/\/shop-physiolac-staging-interne.leserviceweb.com\/nos-produits\/serum-physiologique-vegetal-physiodose\/\"]}]},{\"@type\":\"ImageObject\",\"inLanguage\":\"en-US\",\"@id\":\"https:\/\/shop-physiolac-staging-interne.leserviceweb.com\/nos-produits\/serum-physiologique-vegetal-physiodose\/#primaryimage\",\"url\":\"https:\/\/shop-physiolac-staging-interne.leserviceweb.com\/wp-content\/uploads\/2024\/04\/PHY-626600_3518646266003-EP-2.png\",\"contentUrl\":\"https:\/\/shop-physiolac-staging-interne.leserviceweb.com\/wp-content\/uploads\/2024\/04\/PHY-626600_3518646266003-EP-2.png\",\"width\":1181,\"height\":1181},{\"@type\":\"BreadcrumbList\",\"@id\":\"https:\/\/shop-physiolac-staging-interne.leserviceweb.com\/nos-produits\/serum-physiologique-vegetal-physiodose\/#breadcrumb\",\"itemListElement\":[{\"@type\":\"ListItem\",\"position\":1,\"name\":\"Accueil\",\"item\":\"https:\/\/shop-physiolac-staging-interne.leserviceweb.com\/\"},{\"@type\":\"ListItem\",\"position\":2,\"name\":\"Nos Produits\",\"item\":\"https:\/\/shop-physiolac-staging-interne.leserviceweb.com\/nos-produits\/\"},{\"@type\":\"ListItem\",\"position\":3,\"name\":\"S\u00e9rum physiologique v\u00e9g\u00e9tal Physiodose\"}]},{\"@type\":\"WebSite\",\"@id\":\"https:\/\/shop-physiolac-staging-interne.leserviceweb.com\/#website\",\"url\":\"https:\/\/shop-physiolac-staging-interne.leserviceweb.com\/\",\"name\":\"Eshop Physiolac\",\"description\":\"Un site utilisant WordPress\",\"publisher\":{\"@id\":\"https:\/\/shop-physiolac-staging-interne.leserviceweb.com\/#organization\"},\"potentialAction\":[{\"@type\":\"SearchAction\",\"target\":{\"@type\":\"EntryPoint\",\"urlTemplate\":\"https:\/\/shop-physiolac-staging-interne.leserviceweb.com\/?s={search_term_string}\"},\"query-input\":{\"@type\":\"PropertyValueSpecification\",\"valueRequired\":true,\"valueName\":\"search_term_string\"}}],\"inLanguage\":\"en-US\"},{\"@type\":\"Organization\",\"@id\":\"https:\/\/shop-physiolac-staging-interne.leserviceweb.com\/#organization\",\"name\":\"Physiolac\",\"url\":\"https:\/\/shop-physiolac-staging-interne.leserviceweb.com\/\",\"logo\":{\"@type\":\"ImageObject\",\"inLanguage\":\"en-US\",\"@id\":\"https:\/\/shop-physiolac-staging-interne.leserviceweb.com\/#\/schema\/logo\/image\/\",\"url\":\"https:\/\/shop-physiolac-staging-interne.leserviceweb.com\/wp-content\/uploads\/2022\/07\/logo-physiolac-lg.svg\",\"contentUrl\":\"https:\/\/shop-physiolac-staging-interne.leserviceweb.com\/wp-content\/uploads\/2022\/07\/logo-physiolac-lg.svg\",\"width\":\"1024\",\"height\":\"1024\",\"caption\":\"Physiolac\"},\"image\":{\"@id\":\"https:\/\/shop-physiolac-staging-interne.leserviceweb.com\/#\/schema\/logo\/image\/\"},\"sameAs\":[\"https:\/\/www.facebook.com\/physiolac.official\",\"https:\/\/www.instagram.com\/physiolac\/\"]}]}<\/script>\n<!-- \/ Yoast SEO plugin. -->","yoast_head_json":{"title":"S\u00e9rum physologique nez b\u00e9b\u00e9 - Nettoyer nez b\u00e9b\u00e9 | Physiodose","description":"D\u00e9couvrez le s\u00e9rum physiologique v\u00e9g\u00e9tale pour nettoyer le nez, les oreilles et les yeux de b\u00e9b\u00e9. S\u00e9rum physiologique en cas de rhume de b\u00e9b\u00e9 | Physiodose","robots":{"index":"noindex","follow":"follow","max-snippet":"max-snippet:-1","max-image-preview":"max-image-preview:large","max-video-preview":"max-video-preview:-1"},"og_locale":"en_US","og_type":"article","og_title":"S\u00e9rum physologique nez b\u00e9b\u00e9 - Nettoyer nez b\u00e9b\u00e9 | Physiodose","og_description":"D\u00e9couvrez le s\u00e9rum physiologique v\u00e9g\u00e9tale pour nettoyer le nez, les oreilles et les yeux de b\u00e9b\u00e9. S\u00e9rum physiologique en cas de rhume de b\u00e9b\u00e9 | Physiodose","og_url":"https:\/\/shop-physiolac-staging-interne.leserviceweb.com\/nos-produits\/serum-physiologique-vegetal-physiodose\/","og_site_name":"Eshop Physiolac","article_publisher":"https:\/\/www.facebook.com\/physiolac.official","article_modified_time":"2024-10-02T08:09:09+00:00","og_image":[{"width":1181,"height":1181,"url":"https:\/\/shop-physiolac-staging-interne.leserviceweb.com\/wp-content\/uploads\/2024\/04\/PHY-626600_3518646266003-EP-2.png","type":"image\/png"}],"twitter_card":"summary_large_image","twitter_misc":{"Est. reading time":"2 minutes"},"schema":{"@context":"https:\/\/schema.org","@graph":[{"@type":"WebPage","@id":"https:\/\/shop-physiolac-staging-interne.leserviceweb.com\/nos-produits\/serum-physiologique-vegetal-physiodose\/","url":"https:\/\/shop-physiolac-staging-interne.leserviceweb.com\/nos-produits\/serum-physiologique-vegetal-physiodose\/","name":"S\u00e9rum physologique nez b\u00e9b\u00e9 - Nettoyer nez b\u00e9b\u00e9 | Physiodose","isPartOf":{"@id":"https:\/\/shop-physiolac-staging-interne.leserviceweb.com\/#website"},"primaryImageOfPage":{"@id":"https:\/\/shop-physiolac-staging-interne.leserviceweb.com\/nos-produits\/serum-physiologique-vegetal-physiodose\/#primaryimage"},"image":{"@id":"https:\/\/shop-physiolac-staging-interne.leserviceweb.com\/nos-produits\/serum-physiologique-vegetal-physiodose\/#primaryimage"},"thumbnailUrl":"https:\/\/shop-physiolac-staging-interne.leserviceweb.com\/wp-content\/uploads\/2024\/04\/PHY-626600_3518646266003-EP-2.png","datePublished":"2024-04-24T12:56:40+00:00","dateModified":"2024-10-02T08:09:09+00:00","description":"D\u00e9couvrez le s\u00e9rum physiologique v\u00e9g\u00e9tale pour nettoyer le nez, les oreilles et les yeux de b\u00e9b\u00e9. S\u00e9rum physiologique en cas de rhume de b\u00e9b\u00e9 | Physiodose","breadcrumb":{"@id":"https:\/\/shop-physiolac-staging-interne.leserviceweb.com\/nos-produits\/serum-physiologique-vegetal-physiodose\/#breadcrumb"},"inLanguage":"en-US","potentialAction":[{"@type":"ReadAction","target":["https:\/\/shop-physiolac-staging-interne.leserviceweb.com\/nos-produits\/serum-physiologique-vegetal-physiodose\/"]}]},{"@type":"ImageObject","inLanguage":"en-US","@id":"https:\/\/shop-physiolac-staging-interne.leserviceweb.com\/nos-produits\/serum-physiologique-vegetal-physiodose\/#primaryimage","url":"https:\/\/shop-physiolac-staging-interne.leserviceweb.com\/wp-content\/uploads\/2024\/04\/PHY-626600_3518646266003-EP-2.png","contentUrl":"https:\/\/shop-physiolac-staging-interne.leserviceweb.com\/wp-content\/uploads\/2024\/04\/PHY-626600_3518646266003-EP-2.png","width":1181,"height":1181},{"@type":"BreadcrumbList","@id":"https:\/\/shop-physiolac-staging-interne.leserviceweb.com\/nos-produits\/serum-physiologique-vegetal-physiodose\/#breadcrumb","itemListElement":[{"@type":"ListItem","position":1,"name":"Accueil","item":"https:\/\/shop-physiolac-staging-interne.leserviceweb.com\/"},{"@type":"ListItem","position":2,"name":"Nos Produits","item":"https:\/\/shop-physiolac-staging-interne.leserviceweb.com\/nos-produits\/"},{"@type":"ListItem","position":3,"name":"S\u00e9rum physiologique v\u00e9g\u00e9tal Physiodose"}]},{"@type":"WebSite","@id":"https:\/\/shop-physiolac-staging-interne.leserviceweb.com\/#website","url":"https:\/\/shop-physiolac-staging-interne.leserviceweb.com\/","name":"Eshop Physiolac","description":"Un site utilisant WordPress","publisher":{"@id":"https:\/\/shop-physiolac-staging-interne.leserviceweb.com\/#organization"},"potentialAction":[{"@type":"SearchAction","target":{"@type":"EntryPoint","urlTemplate":"https:\/\/shop-physiolac-staging-interne.leserviceweb.com\/?s={search_term_string}"},"query-input":{"@type":"PropertyValueSpecification","valueRequired":true,"valueName":"search_term_string"}}],"inLanguage":"en-US"},{"@type":"Organization","@id":"https:\/\/shop-physiolac-staging-interne.leserviceweb.com\/#organization","name":"Physiolac","url":"https:\/\/shop-physiolac-staging-interne.leserviceweb.com\/","logo":{"@type":"ImageObject","inLanguage":"en-US","@id":"https:\/\/shop-physiolac-staging-interne.leserviceweb.com\/#\/schema\/logo\/image\/","url":"https:\/\/shop-physiolac-staging-interne.leserviceweb.com\/wp-content\/uploads\/2022\/07\/logo-physiolac-lg.svg","contentUrl":"https:\/\/shop-physiolac-staging-interne.leserviceweb.com\/wp-content\/uploads\/2022\/07\/logo-physiolac-lg.svg","width":"1024","height":"1024","caption":"Physiolac"},"image":{"@id":"https:\/\/shop-physiolac-staging-interne.leserviceweb.com\/#\/schema\/logo\/image\/"},"sameAs":["https:\/\/www.facebook.com\/physiolac.official","https:\/\/www.instagram.com\/physiolac\/"]}]}},"_links":{"self":[{"href":"https:\/\/shop-physiolac-staging-interne.leserviceweb.com\/en\/wp-json\/wp\/v2\/product\/117738","targetHints":{"allow":["GET"]}}],"collection":[{"href":"https:\/\/shop-physiolac-staging-interne.leserviceweb.com\/en\/wp-json\/wp\/v2\/product"}],"about":[{"href":"https:\/\/shop-physiolac-staging-interne.leserviceweb.com\/en\/wp-json\/wp\/v2\/types\/product"}],"wp:featuredmedia":[{"embeddable":true,"href":"https:\/\/shop-physiolac-staging-interne.leserviceweb.com\/en\/wp-json\/wp\/v2\/media\/117739"}],"wp:attachment":[{"href":"https:\/\/shop-physiolac-staging-interne.leserviceweb.com\/en\/wp-json\/wp\/v2\/media?parent=117738"}],"wp:term":[{"taxonomy":"product_brand","embeddable":true,"href":"https:\/\/shop-physiolac-staging-interne.leserviceweb.com\/en\/wp-json\/wp\/v2\/product_brand?post=117738"},{"taxonomy":"product_cat","embeddable":true,"href":"https:\/\/shop-physiolac-staging-interne.leserviceweb.com\/en\/wp-json\/wp\/v2\/product_cat?post=117738"},{"taxonomy":"product_tag","embeddable":true,"href":"https:\/\/shop-physiolac-staging-interne.leserviceweb.com\/en\/wp-json\/wp\/v2\/product_tag?post=117738"}],"curies":[{"name":"wp","href":"https:\/\/api.w.org\/{rel}","templated":true}]}}