{"id":117728,"date":"2024-04-24T10:40:53","date_gmt":"2024-04-24T08:40:53","guid":{"rendered":"https:\/\/shop-physiolac-staging-interne.leserviceweb.com\/?post_type=product&#038;p=117728"},"modified":"2024-10-15T10:10:08","modified_gmt":"2024-10-15T08:10:08","slug":"pads-bio-liniderm","status":"publish","type":"product","link":"https:\/\/shop-physiolac-staging-interne.leserviceweb.com\/en\/nos-produits\/pads-bio-liniderm\/","title":{"rendered":"Pads Bio Liniderm"},"content":{"rendered":"<p>Les rectangles de coton Liniderm sont constitu\u00e9s \u00e0<strong> 100% de coton biologique<\/strong> et <strong>biod\u00e9gradable<\/strong>, <strong>sans pesticides<\/strong>, OGM, ni plomb.<br \/>\nCes cotons conviennent aux <strong>peaux sensibles<\/strong> pour un usage quotidien et familial. Ils permettent le nettoyage du si\u00e8ge de b\u00e9b\u00e9 ou le d\u00e9maquillage. Ils sont compactes et ne peluchent pas. Format id\u00e9al pour le change et le soin du si\u00e8ge de b\u00e9b\u00e9.<\/p>\n<p><strong>Les avantages du coton biologique :\u00a0<\/strong><\/p>\n<ul>\n<li>Le coton biologique est moins gourmand en eau et en adjuvant chimique,<\/li>\n<li>Sa culture maintient les sols sains et productifs gr\u00e2ce \u00e0 l&#8217;utilisation d&#8217;engrais naturels,<\/li>\n<li>Et respecte les sols et les \u00e9cosyst\u00e8mes.<\/li>\n<\/ul>\n<p>Certifi\u00e9s <strong>ECOCERT<\/strong> et GOTS.\u00a0Paquet de 180 rectangles de coton bio.<\/p>\n<p>Dimensions : 8&#215;10 cm, et comportent 2 faces non tiss\u00e9es pour une extr\u00eame douceur. Fabriqu\u00e9 en Europe, sans blanchiment au chlore.<\/p>\n","protected":false},"excerpt":{"rendered":"<p>Rectangles de cotons bio pour le soin et l&#8217;hygi\u00e8ne de b\u00e9b\u00e9, 100% coton biologique biod\u00e9gradable. Cotons pour le nettoyage du si\u00e8ge de b\u00e9b\u00e9 ou pour se d\u00e9maquiller.<\/p>\n","protected":false},"featured_media":117729,"template":"","meta":{"_acf_changed":false,"inline_featured_image":false},"product_brand":[],"product_cat":[211],"product_tag":[],"class_list":{"0":"post-117728","1":"product","2":"type-product","3":"status-publish","4":"has-post-thumbnail","6":"product_cat-indispensables-bebe","8":"first","9":"instock","10":"taxable","11":"shipping-taxable","12":"purchasable","13":"product-type-simple"},"bundled_by":[],"bundle_stock_status":"instock","bundle_stock_quantity":24,"bundle_virtual":false,"bundle_layout":"","bundle_add_to_cart_form_location":"","bundle_editable_in_cart":false,"bundle_sold_individually_context":"","bundle_item_grouping":"","bundle_min_size":"","bundle_max_size":"","bundle_price":[],"bundled_items":[],"bundle_sell_ids":[],"acf":[],"yoast_head":"<!-- This site is optimized with the Yoast SEO plugin v25.2 - https:\/\/yoast.com\/wordpress\/plugins\/seo\/ -->\n<title>Coton biologique - Change de b\u00e9b\u00e9 | Liniderm des Laboratoires Gilbert<\/title>\n<meta name=\"description\" content=\"D\u00e9couvrez les cotons bio pour b\u00e9b\u00e9, cotons hypoallerg\u00e9niques, 100% coton bio, fabriqu\u00e9s en Europe. Hygi\u00e8ne et soin de b\u00e9b\u00e9, paquet de 180 cotons | Liniderm\" \/>\n<meta name=\"robots\" content=\"noindex, follow, max-snippet:-1, max-image-preview:large, max-video-preview:-1\" \/>\n<meta property=\"og:locale\" content=\"en_US\" \/>\n<meta property=\"og:type\" content=\"article\" \/>\n<meta property=\"og:title\" content=\"Coton biologique - Change de b\u00e9b\u00e9 | Liniderm des Laboratoires Gilbert\" \/>\n<meta property=\"og:description\" content=\"D\u00e9couvrez les cotons bio pour b\u00e9b\u00e9, cotons hypoallerg\u00e9niques, 100% coton bio, fabriqu\u00e9s en Europe. Hygi\u00e8ne et soin de b\u00e9b\u00e9, paquet de 180 cotons | Liniderm\" \/>\n<meta property=\"og:url\" content=\"https:\/\/shop-physiolac-staging-interne.leserviceweb.com\/nos-produits\/pads-bio-liniderm\/\" \/>\n<meta property=\"og:site_name\" content=\"Eshop Physiolac\" \/>\n<meta property=\"article:publisher\" content=\"https:\/\/www.facebook.com\/physiolac.official\" \/>\n<meta property=\"article:modified_time\" content=\"2024-10-15T08:10:08+00:00\" \/>\n<meta property=\"og:image\" content=\"https:\/\/shop-physiolac-staging-interne.leserviceweb.com\/wp-content\/uploads\/2024\/04\/LGB-612593-3518646125935-2.png\" \/>\n\t<meta property=\"og:image:width\" content=\"1181\" \/>\n\t<meta property=\"og:image:height\" content=\"1181\" \/>\n\t<meta property=\"og:image:type\" content=\"image\/png\" \/>\n<meta name=\"twitter:card\" content=\"summary_large_image\" \/>\n<meta name=\"twitter:label1\" content=\"Est. reading time\" \/>\n\t<meta name=\"twitter:data1\" content=\"1 minute\" \/>\n<script type=\"application\/ld+json\" class=\"yoast-schema-graph\">{\"@context\":\"https:\/\/schema.org\",\"@graph\":[{\"@type\":\"WebPage\",\"@id\":\"https:\/\/shop-physiolac-staging-interne.leserviceweb.com\/nos-produits\/pads-bio-liniderm\/\",\"url\":\"https:\/\/shop-physiolac-staging-interne.leserviceweb.com\/nos-produits\/pads-bio-liniderm\/\",\"name\":\"Coton biologique - Change de b\u00e9b\u00e9 | Liniderm des Laboratoires Gilbert\",\"isPartOf\":{\"@id\":\"https:\/\/shop-physiolac-staging-interne.leserviceweb.com\/#website\"},\"primaryImageOfPage\":{\"@id\":\"https:\/\/shop-physiolac-staging-interne.leserviceweb.com\/nos-produits\/pads-bio-liniderm\/#primaryimage\"},\"image\":{\"@id\":\"https:\/\/shop-physiolac-staging-interne.leserviceweb.com\/nos-produits\/pads-bio-liniderm\/#primaryimage\"},\"thumbnailUrl\":\"https:\/\/shop-physiolac-staging-interne.leserviceweb.com\/wp-content\/uploads\/2024\/04\/LGB-612593-3518646125935-2.png\",\"datePublished\":\"2024-04-24T08:40:53+00:00\",\"dateModified\":\"2024-10-15T08:10:08+00:00\",\"description\":\"D\u00e9couvrez les cotons bio pour b\u00e9b\u00e9, cotons hypoallerg\u00e9niques, 100% coton bio, fabriqu\u00e9s en Europe. Hygi\u00e8ne et soin de b\u00e9b\u00e9, paquet de 180 cotons | Liniderm\",\"breadcrumb\":{\"@id\":\"https:\/\/shop-physiolac-staging-interne.leserviceweb.com\/nos-produits\/pads-bio-liniderm\/#breadcrumb\"},\"inLanguage\":\"en-US\",\"potentialAction\":[{\"@type\":\"ReadAction\",\"target\":[\"https:\/\/shop-physiolac-staging-interne.leserviceweb.com\/nos-produits\/pads-bio-liniderm\/\"]}]},{\"@type\":\"ImageObject\",\"inLanguage\":\"en-US\",\"@id\":\"https:\/\/shop-physiolac-staging-interne.leserviceweb.com\/nos-produits\/pads-bio-liniderm\/#primaryimage\",\"url\":\"https:\/\/shop-physiolac-staging-interne.leserviceweb.com\/wp-content\/uploads\/2024\/04\/LGB-612593-3518646125935-2.png\",\"contentUrl\":\"https:\/\/shop-physiolac-staging-interne.leserviceweb.com\/wp-content\/uploads\/2024\/04\/LGB-612593-3518646125935-2.png\",\"width\":1181,\"height\":1181},{\"@type\":\"BreadcrumbList\",\"@id\":\"https:\/\/shop-physiolac-staging-interne.leserviceweb.com\/nos-produits\/pads-bio-liniderm\/#breadcrumb\",\"itemListElement\":[{\"@type\":\"ListItem\",\"position\":1,\"name\":\"Accueil\",\"item\":\"https:\/\/shop-physiolac-staging-interne.leserviceweb.com\/\"},{\"@type\":\"ListItem\",\"position\":2,\"name\":\"Nos Produits\",\"item\":\"https:\/\/shop-physiolac-staging-interne.leserviceweb.com\/nos-produits\/\"},{\"@type\":\"ListItem\",\"position\":3,\"name\":\"Pads Bio Liniderm\"}]},{\"@type\":\"WebSite\",\"@id\":\"https:\/\/shop-physiolac-staging-interne.leserviceweb.com\/#website\",\"url\":\"https:\/\/shop-physiolac-staging-interne.leserviceweb.com\/\",\"name\":\"Eshop Physiolac\",\"description\":\"Un site utilisant WordPress\",\"publisher\":{\"@id\":\"https:\/\/shop-physiolac-staging-interne.leserviceweb.com\/#organization\"},\"potentialAction\":[{\"@type\":\"SearchAction\",\"target\":{\"@type\":\"EntryPoint\",\"urlTemplate\":\"https:\/\/shop-physiolac-staging-interne.leserviceweb.com\/?s={search_term_string}\"},\"query-input\":{\"@type\":\"PropertyValueSpecification\",\"valueRequired\":true,\"valueName\":\"search_term_string\"}}],\"inLanguage\":\"en-US\"},{\"@type\":\"Organization\",\"@id\":\"https:\/\/shop-physiolac-staging-interne.leserviceweb.com\/#organization\",\"name\":\"Physiolac\",\"url\":\"https:\/\/shop-physiolac-staging-interne.leserviceweb.com\/\",\"logo\":{\"@type\":\"ImageObject\",\"inLanguage\":\"en-US\",\"@id\":\"https:\/\/shop-physiolac-staging-interne.leserviceweb.com\/#\/schema\/logo\/image\/\",\"url\":\"https:\/\/shop-physiolac-staging-interne.leserviceweb.com\/wp-content\/uploads\/2022\/07\/logo-physiolac-lg.svg\",\"contentUrl\":\"https:\/\/shop-physiolac-staging-interne.leserviceweb.com\/wp-content\/uploads\/2022\/07\/logo-physiolac-lg.svg\",\"width\":\"1024\",\"height\":\"1024\",\"caption\":\"Physiolac\"},\"image\":{\"@id\":\"https:\/\/shop-physiolac-staging-interne.leserviceweb.com\/#\/schema\/logo\/image\/\"},\"sameAs\":[\"https:\/\/www.facebook.com\/physiolac.official\",\"https:\/\/www.instagram.com\/physiolac\/\"]}]}<\/script>\n<!-- \/ Yoast SEO plugin. -->","yoast_head_json":{"title":"Coton biologique - Change de b\u00e9b\u00e9 | Liniderm des Laboratoires Gilbert","description":"D\u00e9couvrez les cotons bio pour b\u00e9b\u00e9, cotons hypoallerg\u00e9niques, 100% coton bio, fabriqu\u00e9s en Europe. Hygi\u00e8ne et soin de b\u00e9b\u00e9, paquet de 180 cotons | Liniderm","robots":{"index":"noindex","follow":"follow","max-snippet":"max-snippet:-1","max-image-preview":"max-image-preview:large","max-video-preview":"max-video-preview:-1"},"og_locale":"en_US","og_type":"article","og_title":"Coton biologique - Change de b\u00e9b\u00e9 | Liniderm des Laboratoires Gilbert","og_description":"D\u00e9couvrez les cotons bio pour b\u00e9b\u00e9, cotons hypoallerg\u00e9niques, 100% coton bio, fabriqu\u00e9s en Europe. Hygi\u00e8ne et soin de b\u00e9b\u00e9, paquet de 180 cotons | Liniderm","og_url":"https:\/\/shop-physiolac-staging-interne.leserviceweb.com\/nos-produits\/pads-bio-liniderm\/","og_site_name":"Eshop Physiolac","article_publisher":"https:\/\/www.facebook.com\/physiolac.official","article_modified_time":"2024-10-15T08:10:08+00:00","og_image":[{"width":1181,"height":1181,"url":"https:\/\/shop-physiolac-staging-interne.leserviceweb.com\/wp-content\/uploads\/2024\/04\/LGB-612593-3518646125935-2.png","type":"image\/png"}],"twitter_card":"summary_large_image","twitter_misc":{"Est. reading time":"1 minute"},"schema":{"@context":"https:\/\/schema.org","@graph":[{"@type":"WebPage","@id":"https:\/\/shop-physiolac-staging-interne.leserviceweb.com\/nos-produits\/pads-bio-liniderm\/","url":"https:\/\/shop-physiolac-staging-interne.leserviceweb.com\/nos-produits\/pads-bio-liniderm\/","name":"Coton biologique - Change de b\u00e9b\u00e9 | Liniderm des Laboratoires Gilbert","isPartOf":{"@id":"https:\/\/shop-physiolac-staging-interne.leserviceweb.com\/#website"},"primaryImageOfPage":{"@id":"https:\/\/shop-physiolac-staging-interne.leserviceweb.com\/nos-produits\/pads-bio-liniderm\/#primaryimage"},"image":{"@id":"https:\/\/shop-physiolac-staging-interne.leserviceweb.com\/nos-produits\/pads-bio-liniderm\/#primaryimage"},"thumbnailUrl":"https:\/\/shop-physiolac-staging-interne.leserviceweb.com\/wp-content\/uploads\/2024\/04\/LGB-612593-3518646125935-2.png","datePublished":"2024-04-24T08:40:53+00:00","dateModified":"2024-10-15T08:10:08+00:00","description":"D\u00e9couvrez les cotons bio pour b\u00e9b\u00e9, cotons hypoallerg\u00e9niques, 100% coton bio, fabriqu\u00e9s en Europe. Hygi\u00e8ne et soin de b\u00e9b\u00e9, paquet de 180 cotons | Liniderm","breadcrumb":{"@id":"https:\/\/shop-physiolac-staging-interne.leserviceweb.com\/nos-produits\/pads-bio-liniderm\/#breadcrumb"},"inLanguage":"en-US","potentialAction":[{"@type":"ReadAction","target":["https:\/\/shop-physiolac-staging-interne.leserviceweb.com\/nos-produits\/pads-bio-liniderm\/"]}]},{"@type":"ImageObject","inLanguage":"en-US","@id":"https:\/\/shop-physiolac-staging-interne.leserviceweb.com\/nos-produits\/pads-bio-liniderm\/#primaryimage","url":"https:\/\/shop-physiolac-staging-interne.leserviceweb.com\/wp-content\/uploads\/2024\/04\/LGB-612593-3518646125935-2.png","contentUrl":"https:\/\/shop-physiolac-staging-interne.leserviceweb.com\/wp-content\/uploads\/2024\/04\/LGB-612593-3518646125935-2.png","width":1181,"height":1181},{"@type":"BreadcrumbList","@id":"https:\/\/shop-physiolac-staging-interne.leserviceweb.com\/nos-produits\/pads-bio-liniderm\/#breadcrumb","itemListElement":[{"@type":"ListItem","position":1,"name":"Accueil","item":"https:\/\/shop-physiolac-staging-interne.leserviceweb.com\/"},{"@type":"ListItem","position":2,"name":"Nos Produits","item":"https:\/\/shop-physiolac-staging-interne.leserviceweb.com\/nos-produits\/"},{"@type":"ListItem","position":3,"name":"Pads Bio Liniderm"}]},{"@type":"WebSite","@id":"https:\/\/shop-physiolac-staging-interne.leserviceweb.com\/#website","url":"https:\/\/shop-physiolac-staging-interne.leserviceweb.com\/","name":"Eshop Physiolac","description":"Un site utilisant WordPress","publisher":{"@id":"https:\/\/shop-physiolac-staging-interne.leserviceweb.com\/#organization"},"potentialAction":[{"@type":"SearchAction","target":{"@type":"EntryPoint","urlTemplate":"https:\/\/shop-physiolac-staging-interne.leserviceweb.com\/?s={search_term_string}"},"query-input":{"@type":"PropertyValueSpecification","valueRequired":true,"valueName":"search_term_string"}}],"inLanguage":"en-US"},{"@type":"Organization","@id":"https:\/\/shop-physiolac-staging-interne.leserviceweb.com\/#organization","name":"Physiolac","url":"https:\/\/shop-physiolac-staging-interne.leserviceweb.com\/","logo":{"@type":"ImageObject","inLanguage":"en-US","@id":"https:\/\/shop-physiolac-staging-interne.leserviceweb.com\/#\/schema\/logo\/image\/","url":"https:\/\/shop-physiolac-staging-interne.leserviceweb.com\/wp-content\/uploads\/2022\/07\/logo-physiolac-lg.svg","contentUrl":"https:\/\/shop-physiolac-staging-interne.leserviceweb.com\/wp-content\/uploads\/2022\/07\/logo-physiolac-lg.svg","width":"1024","height":"1024","caption":"Physiolac"},"image":{"@id":"https:\/\/shop-physiolac-staging-interne.leserviceweb.com\/#\/schema\/logo\/image\/"},"sameAs":["https:\/\/www.facebook.com\/physiolac.official","https:\/\/www.instagram.com\/physiolac\/"]}]}},"_links":{"self":[{"href":"https:\/\/shop-physiolac-staging-interne.leserviceweb.com\/en\/wp-json\/wp\/v2\/product\/117728","targetHints":{"allow":["GET"]}}],"collection":[{"href":"https:\/\/shop-physiolac-staging-interne.leserviceweb.com\/en\/wp-json\/wp\/v2\/product"}],"about":[{"href":"https:\/\/shop-physiolac-staging-interne.leserviceweb.com\/en\/wp-json\/wp\/v2\/types\/product"}],"wp:featuredmedia":[{"embeddable":true,"href":"https:\/\/shop-physiolac-staging-interne.leserviceweb.com\/en\/wp-json\/wp\/v2\/media\/117729"}],"wp:attachment":[{"href":"https:\/\/shop-physiolac-staging-interne.leserviceweb.com\/en\/wp-json\/wp\/v2\/media?parent=117728"}],"wp:term":[{"taxonomy":"product_brand","embeddable":true,"href":"https:\/\/shop-physiolac-staging-interne.leserviceweb.com\/en\/wp-json\/wp\/v2\/product_brand?post=117728"},{"taxonomy":"product_cat","embeddable":true,"href":"https:\/\/shop-physiolac-staging-interne.leserviceweb.com\/en\/wp-json\/wp\/v2\/product_cat?post=117728"},{"taxonomy":"product_tag","embeddable":true,"href":"https:\/\/shop-physiolac-staging-interne.leserviceweb.com\/en\/wp-json\/wp\/v2\/product_tag?post=117728"}],"curies":[{"name":"wp","href":"https:\/\/api.w.org\/{rel}","templated":true}]}}