{"id":117725,"date":"2024-04-24T10:24:34","date_gmt":"2024-04-24T08:24:34","guid":{"rendered":"https:\/\/shop-physiolac-staging-interne.leserviceweb.com\/?post_type=product&#038;p=117725"},"modified":"2024-10-02T10:09:25","modified_gmt":"2024-10-02T08:09:25","slug":"lunettes-de-soleil-bebe-bleu-drage-luc-et-lea","status":"publish","type":"product","link":"https:\/\/shop-physiolac-staging-interne.leserviceweb.com\/en\/nos-produits\/lunettes-de-soleil-bebe-bleu-drage-luc-et-lea\/","title":{"rendered":"Lunettes de soleil b\u00e9b\u00e9 bleu drag\u00e9 Luc et L\u00e9a"},"content":{"rendered":"<p>Ces <strong>lunettes solaires v\u00e9g\u00e9tales<\/strong>\u00a0bleu drag\u00e9 Luc et L\u00e9a ont \u00e9t\u00e9 sp\u00e9cialement con\u00e7ues pour les b\u00e9b\u00e9s \u00e2g\u00e9s de<strong> 0 \u00e0 1 an<\/strong> :<\/p>\n<ul>\n<li>Protection maximale des yeux de b\u00e9b\u00e9 gr\u00e2ce aux verres en polycarbonate de<strong> cat\u00e9gorie 4<\/strong> : protection la plus \u00e9lev\u00e9e contre les rayonnements solaires extr\u00eames<\/li>\n<li>Montures et verres <strong>incassables<\/strong> : charni\u00e8res sans vis pour encore plus de s\u00e9curit\u00e9<\/li>\n<li>Branches lat\u00e9rales \u00e9paisses : enveloppent les yeux de b\u00e9b\u00e9 pour les prot\u00e9ger de fa\u00e7on optimale, \u00e0 la fois de face et sur le c\u00f4t\u00e9<\/li>\n<li>Forme des montures <strong>adapt\u00e9e \u00e0 la morphologie<\/strong> du petit nez de b\u00e9b\u00e9, afin qu&#8217;elles ne glissent pas<\/li>\n<li><strong>Ultra-l\u00e9g\u00e8res<\/strong> : elles ne p\u00e8sent que 8 grammes pour assurer le confort de b\u00e9b\u00e9<\/li>\n<li>Bandeau \u00e9lastique ajustable et d\u00e9tachable int\u00e9gr\u00e9 sur chacune de nos montures<\/li>\n<\/ul>\n<p><strong>Le + : Montures fabriqu\u00e9es \u00e0 partir d&#8217;huile de ricin, nos montures de lunettes sont biosourc\u00e9es (plastique d&#8217;origine v\u00e9g\u00e9tale) et issues de ressources renouvelables !<\/strong><\/p>\n<p>Livr\u00e9es avec un \u00e9tui en carton recyclable et r\u00e9utilisable + une pochette en microfibre pour les ranger sans les ab\u00eemer.<\/p>\n<p>Laissez-vous tenter par nos lunettes solaires aux teintes pastels : elles deviendront un accessoire indispensable pour les sorties de b\u00e9b\u00e9 ! Lunettes solaires conformes \u00e0 la directive europ\u00e9enne 89\/686\/CEE et la norme ISO 12312-1: 2013 \/ A1: 2015.<\/p>\n","protected":false},"excerpt":{"rendered":"<p>Lunettes de soleil de cat\u00e9gorie 4 (protection maximale) sp\u00e9cialement con\u00e7ues pour les b\u00e9b\u00e9s de 0 \u00e0 1 an, 100% couvrantes pour un enveloppement optimal de l&#8217;\u0153il. Couleur bleu drag\u00e9.<\/p>\n","protected":false},"featured_media":117727,"template":"","meta":{"_acf_changed":false,"inline_featured_image":false},"product_brand":[],"product_cat":[211],"product_tag":[],"class_list":{"0":"post-117725","1":"product","2":"type-product","3":"status-publish","4":"has-post-thumbnail","6":"product_cat-indispensables-bebe","8":"first","9":"instock","10":"taxable","11":"shipping-taxable","12":"purchasable","13":"product-type-simple"},"bundled_by":[],"bundle_stock_status":"instock","bundle_stock_quantity":11,"bundle_virtual":false,"bundle_layout":"","bundle_add_to_cart_form_location":"","bundle_editable_in_cart":false,"bundle_sold_individually_context":"","bundle_item_grouping":"","bundle_min_size":"","bundle_max_size":"","bundle_price":[],"bundled_items":[],"bundle_sell_ids":[],"acf":[],"yoast_head":"<!-- This site is optimized with the Yoast SEO plugin v25.2 - https:\/\/yoast.com\/wordpress\/plugins\/seo\/ -->\n<title>Lunettes de soleil b\u00e9b\u00e9 - solaires 0-1 an | Luc et L\u00e9a<\/title>\n<meta name=\"description\" content=\"D\u00e9couvrez les solaires b\u00e9b\u00e9 0-1 an de couleur bleu drag\u00e9 anti-UV avec protection solaire maximal cat 4 pour prot\u00e9ger les yeux sensibles des b\u00e9b\u00e9s | Luc et L\u00e9a\" \/>\n<meta name=\"robots\" content=\"noindex, follow, max-snippet:-1, max-image-preview:large, max-video-preview:-1\" \/>\n<meta property=\"og:locale\" content=\"en_US\" \/>\n<meta property=\"og:type\" content=\"article\" \/>\n<meta property=\"og:title\" content=\"Lunettes de soleil b\u00e9b\u00e9 - solaires 0-1 an | Luc et L\u00e9a\" \/>\n<meta property=\"og:description\" content=\"D\u00e9couvrez les solaires b\u00e9b\u00e9 0-1 an de couleur bleu drag\u00e9 anti-UV avec protection solaire maximal cat 4 pour prot\u00e9ger les yeux sensibles des b\u00e9b\u00e9s | Luc et L\u00e9a\" \/>\n<meta property=\"og:url\" content=\"https:\/\/shop-physiolac-staging-interne.leserviceweb.com\/nos-produits\/lunettes-de-soleil-bebe-bleu-drage-luc-et-lea\/\" \/>\n<meta property=\"og:site_name\" content=\"Eshop Physiolac\" \/>\n<meta property=\"article:publisher\" content=\"https:\/\/www.facebook.com\/physiolac.official\" \/>\n<meta property=\"article:modified_time\" content=\"2024-10-02T08:09:25+00:00\" \/>\n<meta property=\"og:image\" content=\"https:\/\/shop-physiolac-staging-interne.leserviceweb.com\/wp-content\/uploads\/2024\/04\/LEL-635155-3518646351556-EP.png\" \/>\n\t<meta property=\"og:image:width\" content=\"2500\" \/>\n\t<meta property=\"og:image:height\" content=\"1274\" \/>\n\t<meta property=\"og:image:type\" content=\"image\/png\" \/>\n<meta name=\"twitter:card\" content=\"summary_large_image\" \/>\n<meta name=\"twitter:label1\" content=\"Est. reading time\" \/>\n\t<meta name=\"twitter:data1\" content=\"2 minutes\" \/>\n<script type=\"application\/ld+json\" class=\"yoast-schema-graph\">{\"@context\":\"https:\/\/schema.org\",\"@graph\":[{\"@type\":\"WebPage\",\"@id\":\"https:\/\/shop-physiolac-staging-interne.leserviceweb.com\/nos-produits\/lunettes-de-soleil-bebe-bleu-drage-luc-et-lea\/\",\"url\":\"https:\/\/shop-physiolac-staging-interne.leserviceweb.com\/nos-produits\/lunettes-de-soleil-bebe-bleu-drage-luc-et-lea\/\",\"name\":\"Lunettes de soleil b\u00e9b\u00e9 - solaires 0-1 an | Luc et L\u00e9a\",\"isPartOf\":{\"@id\":\"https:\/\/shop-physiolac-staging-interne.leserviceweb.com\/#website\"},\"primaryImageOfPage\":{\"@id\":\"https:\/\/shop-physiolac-staging-interne.leserviceweb.com\/nos-produits\/lunettes-de-soleil-bebe-bleu-drage-luc-et-lea\/#primaryimage\"},\"image\":{\"@id\":\"https:\/\/shop-physiolac-staging-interne.leserviceweb.com\/nos-produits\/lunettes-de-soleil-bebe-bleu-drage-luc-et-lea\/#primaryimage\"},\"thumbnailUrl\":\"https:\/\/shop-physiolac-staging-interne.leserviceweb.com\/wp-content\/uploads\/2024\/04\/LEL-635155-3518646351556-EP.png\",\"datePublished\":\"2024-04-24T08:24:34+00:00\",\"dateModified\":\"2024-10-02T08:09:25+00:00\",\"description\":\"D\u00e9couvrez les solaires b\u00e9b\u00e9 0-1 an de couleur bleu drag\u00e9 anti-UV avec protection solaire maximal cat 4 pour prot\u00e9ger les yeux sensibles des b\u00e9b\u00e9s | Luc et L\u00e9a\",\"breadcrumb\":{\"@id\":\"https:\/\/shop-physiolac-staging-interne.leserviceweb.com\/nos-produits\/lunettes-de-soleil-bebe-bleu-drage-luc-et-lea\/#breadcrumb\"},\"inLanguage\":\"en-US\",\"potentialAction\":[{\"@type\":\"ReadAction\",\"target\":[\"https:\/\/shop-physiolac-staging-interne.leserviceweb.com\/nos-produits\/lunettes-de-soleil-bebe-bleu-drage-luc-et-lea\/\"]}]},{\"@type\":\"ImageObject\",\"inLanguage\":\"en-US\",\"@id\":\"https:\/\/shop-physiolac-staging-interne.leserviceweb.com\/nos-produits\/lunettes-de-soleil-bebe-bleu-drage-luc-et-lea\/#primaryimage\",\"url\":\"https:\/\/shop-physiolac-staging-interne.leserviceweb.com\/wp-content\/uploads\/2024\/04\/LEL-635155-3518646351556-EP.png\",\"contentUrl\":\"https:\/\/shop-physiolac-staging-interne.leserviceweb.com\/wp-content\/uploads\/2024\/04\/LEL-635155-3518646351556-EP.png\",\"width\":2500,\"height\":1274},{\"@type\":\"BreadcrumbList\",\"@id\":\"https:\/\/shop-physiolac-staging-interne.leserviceweb.com\/nos-produits\/lunettes-de-soleil-bebe-bleu-drage-luc-et-lea\/#breadcrumb\",\"itemListElement\":[{\"@type\":\"ListItem\",\"position\":1,\"name\":\"Accueil\",\"item\":\"https:\/\/shop-physiolac-staging-interne.leserviceweb.com\/\"},{\"@type\":\"ListItem\",\"position\":2,\"name\":\"Nos Produits\",\"item\":\"https:\/\/shop-physiolac-staging-interne.leserviceweb.com\/nos-produits\/\"},{\"@type\":\"ListItem\",\"position\":3,\"name\":\"Lunettes de soleil b\u00e9b\u00e9 bleu drag\u00e9 Luc et L\u00e9a\"}]},{\"@type\":\"WebSite\",\"@id\":\"https:\/\/shop-physiolac-staging-interne.leserviceweb.com\/#website\",\"url\":\"https:\/\/shop-physiolac-staging-interne.leserviceweb.com\/\",\"name\":\"Eshop Physiolac\",\"description\":\"Un site utilisant WordPress\",\"publisher\":{\"@id\":\"https:\/\/shop-physiolac-staging-interne.leserviceweb.com\/#organization\"},\"potentialAction\":[{\"@type\":\"SearchAction\",\"target\":{\"@type\":\"EntryPoint\",\"urlTemplate\":\"https:\/\/shop-physiolac-staging-interne.leserviceweb.com\/?s={search_term_string}\"},\"query-input\":{\"@type\":\"PropertyValueSpecification\",\"valueRequired\":true,\"valueName\":\"search_term_string\"}}],\"inLanguage\":\"en-US\"},{\"@type\":\"Organization\",\"@id\":\"https:\/\/shop-physiolac-staging-interne.leserviceweb.com\/#organization\",\"name\":\"Physiolac\",\"url\":\"https:\/\/shop-physiolac-staging-interne.leserviceweb.com\/\",\"logo\":{\"@type\":\"ImageObject\",\"inLanguage\":\"en-US\",\"@id\":\"https:\/\/shop-physiolac-staging-interne.leserviceweb.com\/#\/schema\/logo\/image\/\",\"url\":\"https:\/\/shop-physiolac-staging-interne.leserviceweb.com\/wp-content\/uploads\/2022\/07\/logo-physiolac-lg.svg\",\"contentUrl\":\"https:\/\/shop-physiolac-staging-interne.leserviceweb.com\/wp-content\/uploads\/2022\/07\/logo-physiolac-lg.svg\",\"width\":\"1024\",\"height\":\"1024\",\"caption\":\"Physiolac\"},\"image\":{\"@id\":\"https:\/\/shop-physiolac-staging-interne.leserviceweb.com\/#\/schema\/logo\/image\/\"},\"sameAs\":[\"https:\/\/www.facebook.com\/physiolac.official\",\"https:\/\/www.instagram.com\/physiolac\/\"]}]}<\/script>\n<!-- \/ Yoast SEO plugin. -->","yoast_head_json":{"title":"Lunettes de soleil b\u00e9b\u00e9 - solaires 0-1 an | Luc et L\u00e9a","description":"D\u00e9couvrez les solaires b\u00e9b\u00e9 0-1 an de couleur bleu drag\u00e9 anti-UV avec protection solaire maximal cat 4 pour prot\u00e9ger les yeux sensibles des b\u00e9b\u00e9s | Luc et L\u00e9a","robots":{"index":"noindex","follow":"follow","max-snippet":"max-snippet:-1","max-image-preview":"max-image-preview:large","max-video-preview":"max-video-preview:-1"},"og_locale":"en_US","og_type":"article","og_title":"Lunettes de soleil b\u00e9b\u00e9 - solaires 0-1 an | Luc et L\u00e9a","og_description":"D\u00e9couvrez les solaires b\u00e9b\u00e9 0-1 an de couleur bleu drag\u00e9 anti-UV avec protection solaire maximal cat 4 pour prot\u00e9ger les yeux sensibles des b\u00e9b\u00e9s | Luc et L\u00e9a","og_url":"https:\/\/shop-physiolac-staging-interne.leserviceweb.com\/nos-produits\/lunettes-de-soleil-bebe-bleu-drage-luc-et-lea\/","og_site_name":"Eshop Physiolac","article_publisher":"https:\/\/www.facebook.com\/physiolac.official","article_modified_time":"2024-10-02T08:09:25+00:00","og_image":[{"width":2500,"height":1274,"url":"https:\/\/shop-physiolac-staging-interne.leserviceweb.com\/wp-content\/uploads\/2024\/04\/LEL-635155-3518646351556-EP.png","type":"image\/png"}],"twitter_card":"summary_large_image","twitter_misc":{"Est. reading time":"2 minutes"},"schema":{"@context":"https:\/\/schema.org","@graph":[{"@type":"WebPage","@id":"https:\/\/shop-physiolac-staging-interne.leserviceweb.com\/nos-produits\/lunettes-de-soleil-bebe-bleu-drage-luc-et-lea\/","url":"https:\/\/shop-physiolac-staging-interne.leserviceweb.com\/nos-produits\/lunettes-de-soleil-bebe-bleu-drage-luc-et-lea\/","name":"Lunettes de soleil b\u00e9b\u00e9 - solaires 0-1 an | Luc et L\u00e9a","isPartOf":{"@id":"https:\/\/shop-physiolac-staging-interne.leserviceweb.com\/#website"},"primaryImageOfPage":{"@id":"https:\/\/shop-physiolac-staging-interne.leserviceweb.com\/nos-produits\/lunettes-de-soleil-bebe-bleu-drage-luc-et-lea\/#primaryimage"},"image":{"@id":"https:\/\/shop-physiolac-staging-interne.leserviceweb.com\/nos-produits\/lunettes-de-soleil-bebe-bleu-drage-luc-et-lea\/#primaryimage"},"thumbnailUrl":"https:\/\/shop-physiolac-staging-interne.leserviceweb.com\/wp-content\/uploads\/2024\/04\/LEL-635155-3518646351556-EP.png","datePublished":"2024-04-24T08:24:34+00:00","dateModified":"2024-10-02T08:09:25+00:00","description":"D\u00e9couvrez les solaires b\u00e9b\u00e9 0-1 an de couleur bleu drag\u00e9 anti-UV avec protection solaire maximal cat 4 pour prot\u00e9ger les yeux sensibles des b\u00e9b\u00e9s | Luc et L\u00e9a","breadcrumb":{"@id":"https:\/\/shop-physiolac-staging-interne.leserviceweb.com\/nos-produits\/lunettes-de-soleil-bebe-bleu-drage-luc-et-lea\/#breadcrumb"},"inLanguage":"en-US","potentialAction":[{"@type":"ReadAction","target":["https:\/\/shop-physiolac-staging-interne.leserviceweb.com\/nos-produits\/lunettes-de-soleil-bebe-bleu-drage-luc-et-lea\/"]}]},{"@type":"ImageObject","inLanguage":"en-US","@id":"https:\/\/shop-physiolac-staging-interne.leserviceweb.com\/nos-produits\/lunettes-de-soleil-bebe-bleu-drage-luc-et-lea\/#primaryimage","url":"https:\/\/shop-physiolac-staging-interne.leserviceweb.com\/wp-content\/uploads\/2024\/04\/LEL-635155-3518646351556-EP.png","contentUrl":"https:\/\/shop-physiolac-staging-interne.leserviceweb.com\/wp-content\/uploads\/2024\/04\/LEL-635155-3518646351556-EP.png","width":2500,"height":1274},{"@type":"BreadcrumbList","@id":"https:\/\/shop-physiolac-staging-interne.leserviceweb.com\/nos-produits\/lunettes-de-soleil-bebe-bleu-drage-luc-et-lea\/#breadcrumb","itemListElement":[{"@type":"ListItem","position":1,"name":"Accueil","item":"https:\/\/shop-physiolac-staging-interne.leserviceweb.com\/"},{"@type":"ListItem","position":2,"name":"Nos Produits","item":"https:\/\/shop-physiolac-staging-interne.leserviceweb.com\/nos-produits\/"},{"@type":"ListItem","position":3,"name":"Lunettes de soleil b\u00e9b\u00e9 bleu drag\u00e9 Luc et L\u00e9a"}]},{"@type":"WebSite","@id":"https:\/\/shop-physiolac-staging-interne.leserviceweb.com\/#website","url":"https:\/\/shop-physiolac-staging-interne.leserviceweb.com\/","name":"Eshop Physiolac","description":"Un site utilisant WordPress","publisher":{"@id":"https:\/\/shop-physiolac-staging-interne.leserviceweb.com\/#organization"},"potentialAction":[{"@type":"SearchAction","target":{"@type":"EntryPoint","urlTemplate":"https:\/\/shop-physiolac-staging-interne.leserviceweb.com\/?s={search_term_string}"},"query-input":{"@type":"PropertyValueSpecification","valueRequired":true,"valueName":"search_term_string"}}],"inLanguage":"en-US"},{"@type":"Organization","@id":"https:\/\/shop-physiolac-staging-interne.leserviceweb.com\/#organization","name":"Physiolac","url":"https:\/\/shop-physiolac-staging-interne.leserviceweb.com\/","logo":{"@type":"ImageObject","inLanguage":"en-US","@id":"https:\/\/shop-physiolac-staging-interne.leserviceweb.com\/#\/schema\/logo\/image\/","url":"https:\/\/shop-physiolac-staging-interne.leserviceweb.com\/wp-content\/uploads\/2022\/07\/logo-physiolac-lg.svg","contentUrl":"https:\/\/shop-physiolac-staging-interne.leserviceweb.com\/wp-content\/uploads\/2022\/07\/logo-physiolac-lg.svg","width":"1024","height":"1024","caption":"Physiolac"},"image":{"@id":"https:\/\/shop-physiolac-staging-interne.leserviceweb.com\/#\/schema\/logo\/image\/"},"sameAs":["https:\/\/www.facebook.com\/physiolac.official","https:\/\/www.instagram.com\/physiolac\/"]}]}},"_links":{"self":[{"href":"https:\/\/shop-physiolac-staging-interne.leserviceweb.com\/en\/wp-json\/wp\/v2\/product\/117725","targetHints":{"allow":["GET"]}}],"collection":[{"href":"https:\/\/shop-physiolac-staging-interne.leserviceweb.com\/en\/wp-json\/wp\/v2\/product"}],"about":[{"href":"https:\/\/shop-physiolac-staging-interne.leserviceweb.com\/en\/wp-json\/wp\/v2\/types\/product"}],"wp:featuredmedia":[{"embeddable":true,"href":"https:\/\/shop-physiolac-staging-interne.leserviceweb.com\/en\/wp-json\/wp\/v2\/media\/117727"}],"wp:attachment":[{"href":"https:\/\/shop-physiolac-staging-interne.leserviceweb.com\/en\/wp-json\/wp\/v2\/media?parent=117725"}],"wp:term":[{"taxonomy":"product_brand","embeddable":true,"href":"https:\/\/shop-physiolac-staging-interne.leserviceweb.com\/en\/wp-json\/wp\/v2\/product_brand?post=117725"},{"taxonomy":"product_cat","embeddable":true,"href":"https:\/\/shop-physiolac-staging-interne.leserviceweb.com\/en\/wp-json\/wp\/v2\/product_cat?post=117725"},{"taxonomy":"product_tag","embeddable":true,"href":"https:\/\/shop-physiolac-staging-interne.leserviceweb.com\/en\/wp-json\/wp\/v2\/product_tag?post=117725"}],"curies":[{"name":"wp","href":"https:\/\/api.w.org\/{rel}","templated":true}]}}