{"id":117703,"date":"2024-04-22T14:59:04","date_gmt":"2024-04-22T12:59:04","guid":{"rendered":"https:\/\/shop-physiolac-staging-interne.leserviceweb.com\/?post_type=product&#038;p=117703"},"modified":"2024-10-02T10:09:58","modified_gmt":"2024-10-02T08:09:58","slug":"sucettes-anatomiques-extra-fines-0-6-mois-luc-et-lea-2","status":"publish","type":"product","link":"https:\/\/shop-physiolac-staging-interne.leserviceweb.com\/en\/nos-produits\/sucettes-anatomiques-extra-fines-0-6-mois-luc-et-lea-2\/","title":{"rendered":"Sucettes anatomiques extra-fines 0-6 mois Luc et L\u00e9a"},"content":{"rendered":"<p>Attach\u00e9s \u00e0 offrir des produits\u00a0de haute qualit\u00e9\u00a0\u00e0 votre enfant, ces deux sucettes &#8220;Nature&#8221; 0-6 mois\u00a0au d\u00e9cor Lapin sont <strong>m\u00e9dicalement\u00a0recommand\u00e9es par les dentistes et odontop\u00e9diatres de l&#8217;UFSBD<\/strong> (Union Fran\u00e7aise pour la Sant\u00e9 Bucco-Dentaire) gr\u00e2ce \u00e0 sa <strong>t\u00e9terelle extra-fine<\/strong>.<\/p>\n<p>La t\u00e9terelle, de forme anatomique, est\u00a0<strong>43%* plus fine qu&#8217;une sucette anatomique<\/strong>&#8220;&#8221; ordinaire, assurant ainsi :<\/p>\n<ul>\n<li>un bon d\u00e9veloppement du palais, des m\u00e2choires et des gencives<\/li>\n<li>un d\u00e9veloppement des dents sain, en r\u00e9duisant le risque de mauvais positionnement des dents et de b\u00e9ance entre les dents du haut et du bas<\/li>\n<li>une bonne fermeture de la bouche, en exer\u00e7ant moins de pression sur les dents<\/li>\n<li>une succion plus naturelle et confortable, b\u00e9b\u00e9 pouvant positionner sa langue plus naturellement dans sa petite bouche (t\u00e9terelle plus petite dans la cavit\u00e9 buccale).<\/li>\n<\/ul>\n<p>La t\u00e9terelle est en <strong>silicone de grade m\u00e9dical<\/strong>, reconnue pour sa r\u00e9sistance, sa souplesse et sa douceur.<\/p>\n<p>Associ\u00e9 \u00e0 cette t\u00e9terelle experte, la collerette des sucettes &#8220;Nature&#8221; est fabriqu\u00e9e en <strong>plastique d&#8217;origine v\u00e9g\u00e9tale<\/strong>, plastique issu de d\u00e9chets v\u00e9g\u00e9taux recycl\u00e9s et certifi\u00e9 par l&#8217;organisme ISCC** (favorisant l&#8217;\u00e9conomie circulaire). En effet Luc et L\u00e9a fait le choix de minimiser l&#8217;utilisation de plastique d&#8217;origine p\u00e9trochimique, pour un mat\u00e9riau plus sain pour b\u00e9b\u00e9 et afin de vous offrir une tranquilit\u00e9 d&#8217;esprit totale.<\/p>\n<p>La collerette Luc et L\u00e9a a \u00e9t\u00e9 pens\u00e9e pour \u00eatre <strong>la plus respectueuse de la peau de b\u00e9b\u00e9<\/strong>, elle convient aux peaux les plus sensibles gr\u00e2ce \u00e0 ses larges a\u00e9rations :<\/p>\n<ul>\n<li>anti-irritations,<\/li>\n<li>anti-rougeurs et anti-\u00e9ruptions cutan\u00e9es : laisse la peau respirer et garantit un \u00e9change d&#8217;air continu entre la peau et la sucette<\/li>\n<li>ne marque pas le visage<\/li>\n<\/ul>\n<p>Sucettes &#8220;Nature&#8221; <strong>cr\u00e9\u00e9es en France<\/strong> et fabriqu\u00e9es en Allemagne, gage de qualit\u00e9.<\/p>\n<p>La s\u00e9curit\u00e9 est notre priorit\u00e9 absolue : nous nous engageons \u00e0 fournir des produits s\u00fbrs pour les b\u00e9b\u00e9s en effectuant des tests rigoureux. Produit conforme \u00e0 la norme europ\u00e9enne EN 1400.<\/p>\n<p>*En comparaison avec les t\u00e9terelles anatomiques ordinaires Luc et L\u00e9a : 43% plus fines sur les 6-18 mois et +18 mois, et 35% plus fine sur les 0-6 mois.<\/p>\n<p>**Syst\u00e8me d&#8217;\u00e9quilibrage des masses v\u00e9rifi\u00e9 par l&#8217;organisme ISCC. La production de nos collerettes en plastique d&#8217;origine v\u00e9g\u00e9tale est pionni\u00e8re dans l&#8217;utilisation combin\u00e9e de mat\u00e9riaux renouvelables (d\u00e9chets v\u00e9g\u00e9taux) et de combustibles fossiles. Mais nous parions qu\u2019\u00e0 l\u2019avenir, en faisant ce choix, nous pourrons augmenter la part v\u00e9g\u00e9tale jusqu\u2019\u00e0 produire un plastique 100% d\u2019origine v\u00e9g\u00e9tale.<\/p>\n","protected":false},"excerpt":{"rendered":"<p>Duo de sucettes anatomiques extra-fine adapt\u00e9es pour les b\u00e9b\u00e9s de 0-6 mois. Ces sucettes Luc et L\u00e9a disposent une t\u00e9terelle extra-fine et collerette en plastique d&#8217;origine v\u00e9g\u00e9tale. Sucettes m\u00e9dicalement recommand\u00e9es par les dentistes et odontop\u00e9diatres de l&#8217;UFSBD (Union Fran\u00e7aise pour la Sant\u00e9 Bucco-Dentaire). Motif Lapin.<\/p>\n","protected":false},"featured_media":117705,"template":"","meta":{"_acf_changed":false,"inline_featured_image":false},"product_brand":[],"product_cat":[211],"product_tag":[],"class_list":{"0":"post-117703","1":"product","2":"type-product","3":"status-publish","4":"has-post-thumbnail","6":"product_cat-indispensables-bebe","8":"first","9":"instock","10":"taxable","11":"shipping-taxable","12":"purchasable","13":"product-type-simple"},"bundled_by":[],"bundle_stock_status":"instock","bundle_stock_quantity":12,"bundle_virtual":false,"bundle_layout":"","bundle_add_to_cart_form_location":"","bundle_editable_in_cart":false,"bundle_sold_individually_context":"","bundle_item_grouping":"","bundle_min_size":"","bundle_max_size":"","bundle_price":[],"bundled_items":[],"bundle_sell_ids":[],"acf":[],"yoast_head":"<!-- This site is optimized with the Yoast SEO plugin v25.2 - https:\/\/yoast.com\/wordpress\/plugins\/seo\/ -->\n<title>Sucettes 0-6 mois anatomiques extra-fines Lapin | Luc et L\u00e9a<\/title>\n<meta name=\"description\" content=\"D\u00e9couvrez les sucettes 0-6 mois anatomiques extra-fines Lapin. Sucettes en plastique d&#039;origine v\u00e9g\u00e9tale recommand\u00e9es par les dentistes et vendues en pharmacie | Luc et L\u00e9a\" \/>\n<meta name=\"robots\" content=\"noindex, follow, max-snippet:-1, max-image-preview:large, max-video-preview:-1\" \/>\n<meta property=\"og:locale\" content=\"en_US\" \/>\n<meta property=\"og:type\" content=\"article\" \/>\n<meta property=\"og:title\" content=\"Sucettes 0-6 mois anatomiques extra-fines Lapin | Luc et L\u00e9a\" \/>\n<meta property=\"og:description\" content=\"D\u00e9couvrez les sucettes 0-6 mois anatomiques extra-fines Lapin. Sucettes en plastique d&#039;origine v\u00e9g\u00e9tale recommand\u00e9es par les dentistes et vendues en pharmacie | Luc et L\u00e9a\" \/>\n<meta property=\"og:url\" content=\"https:\/\/shop-physiolac-staging-interne.leserviceweb.com\/nos-produits\/sucettes-anatomiques-extra-fines-0-6-mois-luc-et-lea-2\/\" \/>\n<meta property=\"og:site_name\" content=\"Eshop Physiolac\" \/>\n<meta property=\"article:publisher\" content=\"https:\/\/www.facebook.com\/physiolac.official\" \/>\n<meta property=\"article:modified_time\" content=\"2024-10-02T08:09:58+00:00\" \/>\n<meta property=\"og:image\" content=\"https:\/\/shop-physiolac-staging-interne.leserviceweb.com\/wp-content\/uploads\/2024\/04\/LEL-635233-3518646352331-ES-C-1024x1024.png\" \/>\n\t<meta property=\"og:image:width\" content=\"1024\" \/>\n\t<meta property=\"og:image:height\" content=\"1024\" \/>\n\t<meta property=\"og:image:type\" content=\"image\/png\" \/>\n<meta name=\"twitter:card\" content=\"summary_large_image\" \/>\n<meta name=\"twitter:label1\" content=\"Est. reading time\" \/>\n\t<meta name=\"twitter:data1\" content=\"3 minutes\" \/>\n<script type=\"application\/ld+json\" class=\"yoast-schema-graph\">{\"@context\":\"https:\/\/schema.org\",\"@graph\":[{\"@type\":\"WebPage\",\"@id\":\"https:\/\/shop-physiolac-staging-interne.leserviceweb.com\/nos-produits\/sucettes-anatomiques-extra-fines-0-6-mois-luc-et-lea-2\/\",\"url\":\"https:\/\/shop-physiolac-staging-interne.leserviceweb.com\/nos-produits\/sucettes-anatomiques-extra-fines-0-6-mois-luc-et-lea-2\/\",\"name\":\"Sucettes 0-6 mois anatomiques extra-fines Lapin | Luc et L\u00e9a\",\"isPartOf\":{\"@id\":\"https:\/\/shop-physiolac-staging-interne.leserviceweb.com\/#website\"},\"primaryImageOfPage\":{\"@id\":\"https:\/\/shop-physiolac-staging-interne.leserviceweb.com\/nos-produits\/sucettes-anatomiques-extra-fines-0-6-mois-luc-et-lea-2\/#primaryimage\"},\"image\":{\"@id\":\"https:\/\/shop-physiolac-staging-interne.leserviceweb.com\/nos-produits\/sucettes-anatomiques-extra-fines-0-6-mois-luc-et-lea-2\/#primaryimage\"},\"thumbnailUrl\":\"https:\/\/shop-physiolac-staging-interne.leserviceweb.com\/wp-content\/uploads\/2024\/04\/LEL-635233-3518646352331-ES-C.png\",\"datePublished\":\"2024-04-22T12:59:04+00:00\",\"dateModified\":\"2024-10-02T08:09:58+00:00\",\"description\":\"D\u00e9couvrez les sucettes 0-6 mois anatomiques extra-fines Lapin. Sucettes en plastique d'origine v\u00e9g\u00e9tale recommand\u00e9es par les dentistes et vendues en pharmacie | Luc et L\u00e9a\",\"breadcrumb\":{\"@id\":\"https:\/\/shop-physiolac-staging-interne.leserviceweb.com\/nos-produits\/sucettes-anatomiques-extra-fines-0-6-mois-luc-et-lea-2\/#breadcrumb\"},\"inLanguage\":\"en-US\",\"potentialAction\":[{\"@type\":\"ReadAction\",\"target\":[\"https:\/\/shop-physiolac-staging-interne.leserviceweb.com\/nos-produits\/sucettes-anatomiques-extra-fines-0-6-mois-luc-et-lea-2\/\"]}]},{\"@type\":\"ImageObject\",\"inLanguage\":\"en-US\",\"@id\":\"https:\/\/shop-physiolac-staging-interne.leserviceweb.com\/nos-produits\/sucettes-anatomiques-extra-fines-0-6-mois-luc-et-lea-2\/#primaryimage\",\"url\":\"https:\/\/shop-physiolac-staging-interne.leserviceweb.com\/wp-content\/uploads\/2024\/04\/LEL-635233-3518646352331-ES-C.png\",\"contentUrl\":\"https:\/\/shop-physiolac-staging-interne.leserviceweb.com\/wp-content\/uploads\/2024\/04\/LEL-635233-3518646352331-ES-C.png\",\"width\":2500,\"height\":2500},{\"@type\":\"BreadcrumbList\",\"@id\":\"https:\/\/shop-physiolac-staging-interne.leserviceweb.com\/nos-produits\/sucettes-anatomiques-extra-fines-0-6-mois-luc-et-lea-2\/#breadcrumb\",\"itemListElement\":[{\"@type\":\"ListItem\",\"position\":1,\"name\":\"Accueil\",\"item\":\"https:\/\/shop-physiolac-staging-interne.leserviceweb.com\/\"},{\"@type\":\"ListItem\",\"position\":2,\"name\":\"Nos Produits\",\"item\":\"https:\/\/shop-physiolac-staging-interne.leserviceweb.com\/nos-produits\/\"},{\"@type\":\"ListItem\",\"position\":3,\"name\":\"Sucettes anatomiques extra-fines 0-6 mois Luc et L\u00e9a\"}]},{\"@type\":\"WebSite\",\"@id\":\"https:\/\/shop-physiolac-staging-interne.leserviceweb.com\/#website\",\"url\":\"https:\/\/shop-physiolac-staging-interne.leserviceweb.com\/\",\"name\":\"Eshop Physiolac\",\"description\":\"Un site utilisant WordPress\",\"publisher\":{\"@id\":\"https:\/\/shop-physiolac-staging-interne.leserviceweb.com\/#organization\"},\"potentialAction\":[{\"@type\":\"SearchAction\",\"target\":{\"@type\":\"EntryPoint\",\"urlTemplate\":\"https:\/\/shop-physiolac-staging-interne.leserviceweb.com\/?s={search_term_string}\"},\"query-input\":{\"@type\":\"PropertyValueSpecification\",\"valueRequired\":true,\"valueName\":\"search_term_string\"}}],\"inLanguage\":\"en-US\"},{\"@type\":\"Organization\",\"@id\":\"https:\/\/shop-physiolac-staging-interne.leserviceweb.com\/#organization\",\"name\":\"Physiolac\",\"url\":\"https:\/\/shop-physiolac-staging-interne.leserviceweb.com\/\",\"logo\":{\"@type\":\"ImageObject\",\"inLanguage\":\"en-US\",\"@id\":\"https:\/\/shop-physiolac-staging-interne.leserviceweb.com\/#\/schema\/logo\/image\/\",\"url\":\"https:\/\/shop-physiolac-staging-interne.leserviceweb.com\/wp-content\/uploads\/2022\/07\/logo-physiolac-lg.svg\",\"contentUrl\":\"https:\/\/shop-physiolac-staging-interne.leserviceweb.com\/wp-content\/uploads\/2022\/07\/logo-physiolac-lg.svg\",\"width\":\"1024\",\"height\":\"1024\",\"caption\":\"Physiolac\"},\"image\":{\"@id\":\"https:\/\/shop-physiolac-staging-interne.leserviceweb.com\/#\/schema\/logo\/image\/\"},\"sameAs\":[\"https:\/\/www.facebook.com\/physiolac.official\",\"https:\/\/www.instagram.com\/physiolac\/\"]}]}<\/script>\n<!-- \/ Yoast SEO plugin. -->","yoast_head_json":{"title":"Sucettes 0-6 mois anatomiques extra-fines Lapin | Luc et L\u00e9a","description":"D\u00e9couvrez les sucettes 0-6 mois anatomiques extra-fines Lapin. Sucettes en plastique d'origine v\u00e9g\u00e9tale recommand\u00e9es par les dentistes et vendues en pharmacie | Luc et L\u00e9a","robots":{"index":"noindex","follow":"follow","max-snippet":"max-snippet:-1","max-image-preview":"max-image-preview:large","max-video-preview":"max-video-preview:-1"},"og_locale":"en_US","og_type":"article","og_title":"Sucettes 0-6 mois anatomiques extra-fines Lapin | Luc et L\u00e9a","og_description":"D\u00e9couvrez les sucettes 0-6 mois anatomiques extra-fines Lapin. Sucettes en plastique d'origine v\u00e9g\u00e9tale recommand\u00e9es par les dentistes et vendues en pharmacie | Luc et L\u00e9a","og_url":"https:\/\/shop-physiolac-staging-interne.leserviceweb.com\/nos-produits\/sucettes-anatomiques-extra-fines-0-6-mois-luc-et-lea-2\/","og_site_name":"Eshop Physiolac","article_publisher":"https:\/\/www.facebook.com\/physiolac.official","article_modified_time":"2024-10-02T08:09:58+00:00","og_image":[{"width":1024,"height":1024,"url":"https:\/\/shop-physiolac-staging-interne.leserviceweb.com\/wp-content\/uploads\/2024\/04\/LEL-635233-3518646352331-ES-C-1024x1024.png","type":"image\/png"}],"twitter_card":"summary_large_image","twitter_misc":{"Est. reading time":"3 minutes"},"schema":{"@context":"https:\/\/schema.org","@graph":[{"@type":"WebPage","@id":"https:\/\/shop-physiolac-staging-interne.leserviceweb.com\/nos-produits\/sucettes-anatomiques-extra-fines-0-6-mois-luc-et-lea-2\/","url":"https:\/\/shop-physiolac-staging-interne.leserviceweb.com\/nos-produits\/sucettes-anatomiques-extra-fines-0-6-mois-luc-et-lea-2\/","name":"Sucettes 0-6 mois anatomiques extra-fines Lapin | Luc et L\u00e9a","isPartOf":{"@id":"https:\/\/shop-physiolac-staging-interne.leserviceweb.com\/#website"},"primaryImageOfPage":{"@id":"https:\/\/shop-physiolac-staging-interne.leserviceweb.com\/nos-produits\/sucettes-anatomiques-extra-fines-0-6-mois-luc-et-lea-2\/#primaryimage"},"image":{"@id":"https:\/\/shop-physiolac-staging-interne.leserviceweb.com\/nos-produits\/sucettes-anatomiques-extra-fines-0-6-mois-luc-et-lea-2\/#primaryimage"},"thumbnailUrl":"https:\/\/shop-physiolac-staging-interne.leserviceweb.com\/wp-content\/uploads\/2024\/04\/LEL-635233-3518646352331-ES-C.png","datePublished":"2024-04-22T12:59:04+00:00","dateModified":"2024-10-02T08:09:58+00:00","description":"D\u00e9couvrez les sucettes 0-6 mois anatomiques extra-fines Lapin. Sucettes en plastique d'origine v\u00e9g\u00e9tale recommand\u00e9es par les dentistes et vendues en pharmacie | Luc et L\u00e9a","breadcrumb":{"@id":"https:\/\/shop-physiolac-staging-interne.leserviceweb.com\/nos-produits\/sucettes-anatomiques-extra-fines-0-6-mois-luc-et-lea-2\/#breadcrumb"},"inLanguage":"en-US","potentialAction":[{"@type":"ReadAction","target":["https:\/\/shop-physiolac-staging-interne.leserviceweb.com\/nos-produits\/sucettes-anatomiques-extra-fines-0-6-mois-luc-et-lea-2\/"]}]},{"@type":"ImageObject","inLanguage":"en-US","@id":"https:\/\/shop-physiolac-staging-interne.leserviceweb.com\/nos-produits\/sucettes-anatomiques-extra-fines-0-6-mois-luc-et-lea-2\/#primaryimage","url":"https:\/\/shop-physiolac-staging-interne.leserviceweb.com\/wp-content\/uploads\/2024\/04\/LEL-635233-3518646352331-ES-C.png","contentUrl":"https:\/\/shop-physiolac-staging-interne.leserviceweb.com\/wp-content\/uploads\/2024\/04\/LEL-635233-3518646352331-ES-C.png","width":2500,"height":2500},{"@type":"BreadcrumbList","@id":"https:\/\/shop-physiolac-staging-interne.leserviceweb.com\/nos-produits\/sucettes-anatomiques-extra-fines-0-6-mois-luc-et-lea-2\/#breadcrumb","itemListElement":[{"@type":"ListItem","position":1,"name":"Accueil","item":"https:\/\/shop-physiolac-staging-interne.leserviceweb.com\/"},{"@type":"ListItem","position":2,"name":"Nos Produits","item":"https:\/\/shop-physiolac-staging-interne.leserviceweb.com\/nos-produits\/"},{"@type":"ListItem","position":3,"name":"Sucettes anatomiques extra-fines 0-6 mois Luc et L\u00e9a"}]},{"@type":"WebSite","@id":"https:\/\/shop-physiolac-staging-interne.leserviceweb.com\/#website","url":"https:\/\/shop-physiolac-staging-interne.leserviceweb.com\/","name":"Eshop Physiolac","description":"Un site utilisant WordPress","publisher":{"@id":"https:\/\/shop-physiolac-staging-interne.leserviceweb.com\/#organization"},"potentialAction":[{"@type":"SearchAction","target":{"@type":"EntryPoint","urlTemplate":"https:\/\/shop-physiolac-staging-interne.leserviceweb.com\/?s={search_term_string}"},"query-input":{"@type":"PropertyValueSpecification","valueRequired":true,"valueName":"search_term_string"}}],"inLanguage":"en-US"},{"@type":"Organization","@id":"https:\/\/shop-physiolac-staging-interne.leserviceweb.com\/#organization","name":"Physiolac","url":"https:\/\/shop-physiolac-staging-interne.leserviceweb.com\/","logo":{"@type":"ImageObject","inLanguage":"en-US","@id":"https:\/\/shop-physiolac-staging-interne.leserviceweb.com\/#\/schema\/logo\/image\/","url":"https:\/\/shop-physiolac-staging-interne.leserviceweb.com\/wp-content\/uploads\/2022\/07\/logo-physiolac-lg.svg","contentUrl":"https:\/\/shop-physiolac-staging-interne.leserviceweb.com\/wp-content\/uploads\/2022\/07\/logo-physiolac-lg.svg","width":"1024","height":"1024","caption":"Physiolac"},"image":{"@id":"https:\/\/shop-physiolac-staging-interne.leserviceweb.com\/#\/schema\/logo\/image\/"},"sameAs":["https:\/\/www.facebook.com\/physiolac.official","https:\/\/www.instagram.com\/physiolac\/"]}]}},"_links":{"self":[{"href":"https:\/\/shop-physiolac-staging-interne.leserviceweb.com\/en\/wp-json\/wp\/v2\/product\/117703","targetHints":{"allow":["GET"]}}],"collection":[{"href":"https:\/\/shop-physiolac-staging-interne.leserviceweb.com\/en\/wp-json\/wp\/v2\/product"}],"about":[{"href":"https:\/\/shop-physiolac-staging-interne.leserviceweb.com\/en\/wp-json\/wp\/v2\/types\/product"}],"wp:featuredmedia":[{"embeddable":true,"href":"https:\/\/shop-physiolac-staging-interne.leserviceweb.com\/en\/wp-json\/wp\/v2\/media\/117705"}],"wp:attachment":[{"href":"https:\/\/shop-physiolac-staging-interne.leserviceweb.com\/en\/wp-json\/wp\/v2\/media?parent=117703"}],"wp:term":[{"taxonomy":"product_brand","embeddable":true,"href":"https:\/\/shop-physiolac-staging-interne.leserviceweb.com\/en\/wp-json\/wp\/v2\/product_brand?post=117703"},{"taxonomy":"product_cat","embeddable":true,"href":"https:\/\/shop-physiolac-staging-interne.leserviceweb.com\/en\/wp-json\/wp\/v2\/product_cat?post=117703"},{"taxonomy":"product_tag","embeddable":true,"href":"https:\/\/shop-physiolac-staging-interne.leserviceweb.com\/en\/wp-json\/wp\/v2\/product_tag?post=117703"}],"curies":[{"name":"wp","href":"https:\/\/api.w.org\/{rel}","templated":true}]}}