{"id":117696,"date":"2024-04-22T12:10:10","date_gmt":"2024-04-22T10:10:10","guid":{"rendered":"https:\/\/shop-physiolac-staging-interne.leserviceweb.com\/?post_type=product&#038;p=117696"},"modified":"2024-10-02T10:09:41","modified_gmt":"2024-10-02T08:09:41","slug":"biberon-270-ml-tetine-debit-moyen-luc-et-lea","status":"publish","type":"product","link":"https:\/\/shop-physiolac-staging-interne.leserviceweb.com\/en\/nos-produits\/biberon-270-ml-tetine-debit-moyen-luc-et-lea\/","title":{"rendered":"Biberon 270 ml t\u00e9tine d\u00e9bit moyen Luc et L\u00e9a"},"content":{"rendered":"<p>Le biberon anti-colique en plastique Luc et L\u00e9a a \u00e9t\u00e9 d\u00e9velopp\u00e9 pour le confort de b\u00e9b\u00e9, pour faire de la t\u00e9t\u00e9e un moment de plaisir partag\u00e9. Sa contenance de <strong>270 mL<\/strong> et sa <strong>t\u00e9tine d\u00e9bit moyen <\/strong>(2) sont id\u00e9als pour les biberons de b\u00e9b\u00e9 \u00e0 partir de 2 mois. Son nouveau d\u00e9cor color\u00e9 autour des animaux de la savane a \u00e9t\u00e9 pens\u00e9 pour \u00eatre mixte, afin de plaire au plus grand nombre.<\/p>\n<p><strong>Caract\u00e9ristiques techniques de ce biberon Luc et L\u00e9a :<\/strong><\/p>\n<ul>\n<li>En polypropyl\u00e8ne, garanti sans BPA* ni BPS : mat\u00e9riau de haute qualit\u00e9, hygi\u00e9nique et facile \u00e0 nettoyer.<\/li>\n<li>Robuste : r\u00e9sistant aux chocs thermiques (chauffe-biberon, micro-ondes, st\u00e9rilisateur, lave-vaisselle&#8230;) et m\u00e9caniques.<\/li>\n<li>Forme ergonomique : pour une bonne tenue en main par les parents et l&#8217;enfant<\/li>\n<li>A col large : pour verser et m\u00e9langer sans difficult\u00e9 la poudre de lait et permettre un nettoyage rapide et facile.<\/li>\n<\/ul>\n<p>Chaque biberon en verre est vendu avec une <strong>t\u00e9tine anti-colique<\/strong> exclusive Luc et L\u00e9a. Associ\u00e9e \u00e0 la technologie &#8220;Ergosense&#8221;, chaque t\u00e9tine a \u00e9t\u00e9 \u00e9tudi\u00e9e pour s\u2019adapter \u00e0 tous les b\u00e9b\u00e9s.<\/p>\n<p><strong>Caract\u00e9ristiques techniques de la t\u00e9tine &#8220;Ergosense&#8221; Luc et L\u00e9a :<\/strong><\/p>\n<ul>\n<li>Une valve anti-colique : r\u00e9duit la quantit\u00e9 d\u2019air absorb\u00e9e pour favoriser le confort digestif et diminuer les r\u00e9gurgitations.<\/li>\n<li>En silicone m\u00e9dical : une mati\u00e8re douce et r\u00e9sistante.<\/li>\n<li>Test\u00e9e et approuv\u00e9e par les b\u00e9b\u00e9s : t\u00e9t\u00e9e confortable pour 95% des b\u00e9b\u00e9s**<\/li>\n<li>Une forme ergonomique : gr\u00e2ce \u00e0 la base \u00e9largie le b\u00e9b\u00e9 positionne sa bouche naturellement comme au sein maternel.<\/li>\n<li>Un renfort structurel : \u00e9vite l\u2019\u00e9crasement de la t\u00e9tine et r\u00e9gule le d\u00e9bit, pour faciliter la t\u00e9t\u00e9e et la rendre plus confortable.<\/li>\n<\/ul>\n<p><strong>Biberon<\/strong> et <strong>t\u00e9tine fabriqu\u00e9s en Allemagne<\/strong> : gage de qualit\u00e9 et de confiance.<\/p>\n<p>*Conform\u00e9ment \u00e0 la r\u00e9glementation en vigueur.<br \/>\n**\u00c9tude r\u00e9alis\u00e9e en avril 2016 par l&#8217;Institut des Mamans aupr\u00e8s de 80 b\u00e9b\u00e9s \u00e2g\u00e9s de 0 \u00e0 11 mois, pendant 7 jours.<\/p>\n","protected":false},"excerpt":{"rendered":"<p>Biberon anti-colique d\u00e8s 2 mois avec une t\u00e9tine d\u00e9bit moyen. La forme du biberon est ergonomique pour faciliter la prise en main. Biberon b\u00e9b\u00e9 de la marque Luc et L\u00e9a, une marque Fran\u00e7aise.<\/p>\n","protected":false},"featured_media":117697,"template":"","meta":{"_acf_changed":false,"inline_featured_image":false},"product_brand":[],"product_cat":[211],"product_tag":[],"class_list":{"0":"post-117696","1":"product","2":"type-product","3":"status-publish","4":"has-post-thumbnail","6":"product_cat-indispensables-bebe","8":"first","9":"instock","10":"taxable","11":"shipping-taxable","12":"purchasable","13":"product-type-simple"},"bundled_by":[],"bundle_stock_status":"instock","bundle_stock_quantity":16,"bundle_virtual":false,"bundle_layout":"","bundle_add_to_cart_form_location":"","bundle_editable_in_cart":false,"bundle_sold_individually_context":"","bundle_item_grouping":"","bundle_min_size":"","bundle_max_size":"","bundle_price":[],"bundled_items":[],"bundle_sell_ids":[],"acf":[],"yoast_head":"<!-- This site is optimized with the Yoast SEO plugin v25.2 - https:\/\/yoast.com\/wordpress\/plugins\/seo\/ -->\n<title>Biberon b\u00e9b\u00e9 270 ml - Biberon anti-colique | Luc et L\u00e9a<\/title>\n<meta name=\"description\" content=\"D\u00e9couvrez le biberon anti-colique d\u00e8s 2 mois avec une t\u00e9tine d\u00e9bit moyen. Biberon ergonomique d&#039;une contenance de 270 mL vendu en pharmacie | Luc et L\u00e9a\" \/>\n<meta name=\"robots\" content=\"noindex, follow, max-snippet:-1, max-image-preview:large, max-video-preview:-1\" \/>\n<meta property=\"og:locale\" content=\"en_US\" \/>\n<meta property=\"og:type\" content=\"article\" \/>\n<meta property=\"og:title\" content=\"Biberon b\u00e9b\u00e9 270 ml - Biberon anti-colique | Luc et L\u00e9a\" \/>\n<meta property=\"og:description\" content=\"D\u00e9couvrez le biberon anti-colique d\u00e8s 2 mois avec une t\u00e9tine d\u00e9bit moyen. Biberon ergonomique d&#039;une contenance de 270 mL vendu en pharmacie | Luc et L\u00e9a\" \/>\n<meta property=\"og:url\" content=\"https:\/\/shop-physiolac-staging-interne.leserviceweb.com\/nos-produits\/biberon-270-ml-tetine-debit-moyen-luc-et-lea\/\" \/>\n<meta property=\"og:site_name\" content=\"Eshop Physiolac\" \/>\n<meta property=\"article:publisher\" content=\"https:\/\/www.facebook.com\/physiolac.official\" \/>\n<meta property=\"article:modified_time\" content=\"2024-10-02T08:09:41+00:00\" \/>\n<meta property=\"og:image\" content=\"https:\/\/shop-physiolac-staging-interne.leserviceweb.com\/wp-content\/uploads\/2024\/04\/LEL-635210-3518646352102-EP.png\" \/>\n\t<meta property=\"og:image:width\" content=\"2500\" \/>\n\t<meta property=\"og:image:height\" content=\"2500\" \/>\n\t<meta property=\"og:image:type\" content=\"image\/png\" \/>\n<meta name=\"twitter:card\" content=\"summary_large_image\" \/>\n<meta name=\"twitter:label1\" content=\"Est. reading time\" \/>\n\t<meta name=\"twitter:data1\" content=\"2 minutes\" \/>\n<script type=\"application\/ld+json\" class=\"yoast-schema-graph\">{\"@context\":\"https:\/\/schema.org\",\"@graph\":[{\"@type\":\"WebPage\",\"@id\":\"https:\/\/shop-physiolac-staging-interne.leserviceweb.com\/nos-produits\/biberon-270-ml-tetine-debit-moyen-luc-et-lea\/\",\"url\":\"https:\/\/shop-physiolac-staging-interne.leserviceweb.com\/nos-produits\/biberon-270-ml-tetine-debit-moyen-luc-et-lea\/\",\"name\":\"Biberon b\u00e9b\u00e9 270 ml - Biberon anti-colique | Luc et L\u00e9a\",\"isPartOf\":{\"@id\":\"https:\/\/shop-physiolac-staging-interne.leserviceweb.com\/#website\"},\"primaryImageOfPage\":{\"@id\":\"https:\/\/shop-physiolac-staging-interne.leserviceweb.com\/nos-produits\/biberon-270-ml-tetine-debit-moyen-luc-et-lea\/#primaryimage\"},\"image\":{\"@id\":\"https:\/\/shop-physiolac-staging-interne.leserviceweb.com\/nos-produits\/biberon-270-ml-tetine-debit-moyen-luc-et-lea\/#primaryimage\"},\"thumbnailUrl\":\"https:\/\/shop-physiolac-staging-interne.leserviceweb.com\/wp-content\/uploads\/2024\/04\/LEL-635210-3518646352102-EP.png\",\"datePublished\":\"2024-04-22T10:10:10+00:00\",\"dateModified\":\"2024-10-02T08:09:41+00:00\",\"description\":\"D\u00e9couvrez le biberon anti-colique d\u00e8s 2 mois avec une t\u00e9tine d\u00e9bit moyen. Biberon ergonomique d'une contenance de 270 mL vendu en pharmacie | Luc et L\u00e9a\",\"breadcrumb\":{\"@id\":\"https:\/\/shop-physiolac-staging-interne.leserviceweb.com\/nos-produits\/biberon-270-ml-tetine-debit-moyen-luc-et-lea\/#breadcrumb\"},\"inLanguage\":\"en-US\",\"potentialAction\":[{\"@type\":\"ReadAction\",\"target\":[\"https:\/\/shop-physiolac-staging-interne.leserviceweb.com\/nos-produits\/biberon-270-ml-tetine-debit-moyen-luc-et-lea\/\"]}]},{\"@type\":\"ImageObject\",\"inLanguage\":\"en-US\",\"@id\":\"https:\/\/shop-physiolac-staging-interne.leserviceweb.com\/nos-produits\/biberon-270-ml-tetine-debit-moyen-luc-et-lea\/#primaryimage\",\"url\":\"https:\/\/shop-physiolac-staging-interne.leserviceweb.com\/wp-content\/uploads\/2024\/04\/LEL-635210-3518646352102-EP.png\",\"contentUrl\":\"https:\/\/shop-physiolac-staging-interne.leserviceweb.com\/wp-content\/uploads\/2024\/04\/LEL-635210-3518646352102-EP.png\",\"width\":2500,\"height\":2500},{\"@type\":\"BreadcrumbList\",\"@id\":\"https:\/\/shop-physiolac-staging-interne.leserviceweb.com\/nos-produits\/biberon-270-ml-tetine-debit-moyen-luc-et-lea\/#breadcrumb\",\"itemListElement\":[{\"@type\":\"ListItem\",\"position\":1,\"name\":\"Accueil\",\"item\":\"https:\/\/shop-physiolac-staging-interne.leserviceweb.com\/\"},{\"@type\":\"ListItem\",\"position\":2,\"name\":\"Nos Produits\",\"item\":\"https:\/\/shop-physiolac-staging-interne.leserviceweb.com\/nos-produits\/\"},{\"@type\":\"ListItem\",\"position\":3,\"name\":\"Biberon 270 ml t\u00e9tine d\u00e9bit moyen Luc et L\u00e9a\"}]},{\"@type\":\"WebSite\",\"@id\":\"https:\/\/shop-physiolac-staging-interne.leserviceweb.com\/#website\",\"url\":\"https:\/\/shop-physiolac-staging-interne.leserviceweb.com\/\",\"name\":\"Eshop Physiolac\",\"description\":\"Un site utilisant WordPress\",\"publisher\":{\"@id\":\"https:\/\/shop-physiolac-staging-interne.leserviceweb.com\/#organization\"},\"potentialAction\":[{\"@type\":\"SearchAction\",\"target\":{\"@type\":\"EntryPoint\",\"urlTemplate\":\"https:\/\/shop-physiolac-staging-interne.leserviceweb.com\/?s={search_term_string}\"},\"query-input\":{\"@type\":\"PropertyValueSpecification\",\"valueRequired\":true,\"valueName\":\"search_term_string\"}}],\"inLanguage\":\"en-US\"},{\"@type\":\"Organization\",\"@id\":\"https:\/\/shop-physiolac-staging-interne.leserviceweb.com\/#organization\",\"name\":\"Physiolac\",\"url\":\"https:\/\/shop-physiolac-staging-interne.leserviceweb.com\/\",\"logo\":{\"@type\":\"ImageObject\",\"inLanguage\":\"en-US\",\"@id\":\"https:\/\/shop-physiolac-staging-interne.leserviceweb.com\/#\/schema\/logo\/image\/\",\"url\":\"https:\/\/shop-physiolac-staging-interne.leserviceweb.com\/wp-content\/uploads\/2022\/07\/logo-physiolac-lg.svg\",\"contentUrl\":\"https:\/\/shop-physiolac-staging-interne.leserviceweb.com\/wp-content\/uploads\/2022\/07\/logo-physiolac-lg.svg\",\"width\":\"1024\",\"height\":\"1024\",\"caption\":\"Physiolac\"},\"image\":{\"@id\":\"https:\/\/shop-physiolac-staging-interne.leserviceweb.com\/#\/schema\/logo\/image\/\"},\"sameAs\":[\"https:\/\/www.facebook.com\/physiolac.official\",\"https:\/\/www.instagram.com\/physiolac\/\"]}]}<\/script>\n<!-- \/ Yoast SEO plugin. -->","yoast_head_json":{"title":"Biberon b\u00e9b\u00e9 270 ml - Biberon anti-colique | Luc et L\u00e9a","description":"D\u00e9couvrez le biberon anti-colique d\u00e8s 2 mois avec une t\u00e9tine d\u00e9bit moyen. Biberon ergonomique d'une contenance de 270 mL vendu en pharmacie | Luc et L\u00e9a","robots":{"index":"noindex","follow":"follow","max-snippet":"max-snippet:-1","max-image-preview":"max-image-preview:large","max-video-preview":"max-video-preview:-1"},"og_locale":"en_US","og_type":"article","og_title":"Biberon b\u00e9b\u00e9 270 ml - Biberon anti-colique | Luc et L\u00e9a","og_description":"D\u00e9couvrez le biberon anti-colique d\u00e8s 2 mois avec une t\u00e9tine d\u00e9bit moyen. Biberon ergonomique d'une contenance de 270 mL vendu en pharmacie | Luc et L\u00e9a","og_url":"https:\/\/shop-physiolac-staging-interne.leserviceweb.com\/nos-produits\/biberon-270-ml-tetine-debit-moyen-luc-et-lea\/","og_site_name":"Eshop Physiolac","article_publisher":"https:\/\/www.facebook.com\/physiolac.official","article_modified_time":"2024-10-02T08:09:41+00:00","og_image":[{"width":2500,"height":2500,"url":"https:\/\/shop-physiolac-staging-interne.leserviceweb.com\/wp-content\/uploads\/2024\/04\/LEL-635210-3518646352102-EP.png","type":"image\/png"}],"twitter_card":"summary_large_image","twitter_misc":{"Est. reading time":"2 minutes"},"schema":{"@context":"https:\/\/schema.org","@graph":[{"@type":"WebPage","@id":"https:\/\/shop-physiolac-staging-interne.leserviceweb.com\/nos-produits\/biberon-270-ml-tetine-debit-moyen-luc-et-lea\/","url":"https:\/\/shop-physiolac-staging-interne.leserviceweb.com\/nos-produits\/biberon-270-ml-tetine-debit-moyen-luc-et-lea\/","name":"Biberon b\u00e9b\u00e9 270 ml - Biberon anti-colique | Luc et L\u00e9a","isPartOf":{"@id":"https:\/\/shop-physiolac-staging-interne.leserviceweb.com\/#website"},"primaryImageOfPage":{"@id":"https:\/\/shop-physiolac-staging-interne.leserviceweb.com\/nos-produits\/biberon-270-ml-tetine-debit-moyen-luc-et-lea\/#primaryimage"},"image":{"@id":"https:\/\/shop-physiolac-staging-interne.leserviceweb.com\/nos-produits\/biberon-270-ml-tetine-debit-moyen-luc-et-lea\/#primaryimage"},"thumbnailUrl":"https:\/\/shop-physiolac-staging-interne.leserviceweb.com\/wp-content\/uploads\/2024\/04\/LEL-635210-3518646352102-EP.png","datePublished":"2024-04-22T10:10:10+00:00","dateModified":"2024-10-02T08:09:41+00:00","description":"D\u00e9couvrez le biberon anti-colique d\u00e8s 2 mois avec une t\u00e9tine d\u00e9bit moyen. Biberon ergonomique d'une contenance de 270 mL vendu en pharmacie | Luc et L\u00e9a","breadcrumb":{"@id":"https:\/\/shop-physiolac-staging-interne.leserviceweb.com\/nos-produits\/biberon-270-ml-tetine-debit-moyen-luc-et-lea\/#breadcrumb"},"inLanguage":"en-US","potentialAction":[{"@type":"ReadAction","target":["https:\/\/shop-physiolac-staging-interne.leserviceweb.com\/nos-produits\/biberon-270-ml-tetine-debit-moyen-luc-et-lea\/"]}]},{"@type":"ImageObject","inLanguage":"en-US","@id":"https:\/\/shop-physiolac-staging-interne.leserviceweb.com\/nos-produits\/biberon-270-ml-tetine-debit-moyen-luc-et-lea\/#primaryimage","url":"https:\/\/shop-physiolac-staging-interne.leserviceweb.com\/wp-content\/uploads\/2024\/04\/LEL-635210-3518646352102-EP.png","contentUrl":"https:\/\/shop-physiolac-staging-interne.leserviceweb.com\/wp-content\/uploads\/2024\/04\/LEL-635210-3518646352102-EP.png","width":2500,"height":2500},{"@type":"BreadcrumbList","@id":"https:\/\/shop-physiolac-staging-interne.leserviceweb.com\/nos-produits\/biberon-270-ml-tetine-debit-moyen-luc-et-lea\/#breadcrumb","itemListElement":[{"@type":"ListItem","position":1,"name":"Accueil","item":"https:\/\/shop-physiolac-staging-interne.leserviceweb.com\/"},{"@type":"ListItem","position":2,"name":"Nos Produits","item":"https:\/\/shop-physiolac-staging-interne.leserviceweb.com\/nos-produits\/"},{"@type":"ListItem","position":3,"name":"Biberon 270 ml t\u00e9tine d\u00e9bit moyen Luc et L\u00e9a"}]},{"@type":"WebSite","@id":"https:\/\/shop-physiolac-staging-interne.leserviceweb.com\/#website","url":"https:\/\/shop-physiolac-staging-interne.leserviceweb.com\/","name":"Eshop Physiolac","description":"Un site utilisant WordPress","publisher":{"@id":"https:\/\/shop-physiolac-staging-interne.leserviceweb.com\/#organization"},"potentialAction":[{"@type":"SearchAction","target":{"@type":"EntryPoint","urlTemplate":"https:\/\/shop-physiolac-staging-interne.leserviceweb.com\/?s={search_term_string}"},"query-input":{"@type":"PropertyValueSpecification","valueRequired":true,"valueName":"search_term_string"}}],"inLanguage":"en-US"},{"@type":"Organization","@id":"https:\/\/shop-physiolac-staging-interne.leserviceweb.com\/#organization","name":"Physiolac","url":"https:\/\/shop-physiolac-staging-interne.leserviceweb.com\/","logo":{"@type":"ImageObject","inLanguage":"en-US","@id":"https:\/\/shop-physiolac-staging-interne.leserviceweb.com\/#\/schema\/logo\/image\/","url":"https:\/\/shop-physiolac-staging-interne.leserviceweb.com\/wp-content\/uploads\/2022\/07\/logo-physiolac-lg.svg","contentUrl":"https:\/\/shop-physiolac-staging-interne.leserviceweb.com\/wp-content\/uploads\/2022\/07\/logo-physiolac-lg.svg","width":"1024","height":"1024","caption":"Physiolac"},"image":{"@id":"https:\/\/shop-physiolac-staging-interne.leserviceweb.com\/#\/schema\/logo\/image\/"},"sameAs":["https:\/\/www.facebook.com\/physiolac.official","https:\/\/www.instagram.com\/physiolac\/"]}]}},"_links":{"self":[{"href":"https:\/\/shop-physiolac-staging-interne.leserviceweb.com\/en\/wp-json\/wp\/v2\/product\/117696","targetHints":{"allow":["GET"]}}],"collection":[{"href":"https:\/\/shop-physiolac-staging-interne.leserviceweb.com\/en\/wp-json\/wp\/v2\/product"}],"about":[{"href":"https:\/\/shop-physiolac-staging-interne.leserviceweb.com\/en\/wp-json\/wp\/v2\/types\/product"}],"wp:featuredmedia":[{"embeddable":true,"href":"https:\/\/shop-physiolac-staging-interne.leserviceweb.com\/en\/wp-json\/wp\/v2\/media\/117697"}],"wp:attachment":[{"href":"https:\/\/shop-physiolac-staging-interne.leserviceweb.com\/en\/wp-json\/wp\/v2\/media?parent=117696"}],"wp:term":[{"taxonomy":"product_brand","embeddable":true,"href":"https:\/\/shop-physiolac-staging-interne.leserviceweb.com\/en\/wp-json\/wp\/v2\/product_brand?post=117696"},{"taxonomy":"product_cat","embeddable":true,"href":"https:\/\/shop-physiolac-staging-interne.leserviceweb.com\/en\/wp-json\/wp\/v2\/product_cat?post=117696"},{"taxonomy":"product_tag","embeddable":true,"href":"https:\/\/shop-physiolac-staging-interne.leserviceweb.com\/en\/wp-json\/wp\/v2\/product_tag?post=117696"}],"curies":[{"name":"wp","href":"https:\/\/api.w.org\/{rel}","templated":true}]}}