{"id":117626,"date":"2024-04-30T10:48:17","date_gmt":"2024-04-30T08:48:17","guid":{"rendered":"https:\/\/shop-physiolac-staging-interne.leserviceweb.com\/?post_type=product&#038;p=117626"},"modified":"2024-10-24T15:26:18","modified_gmt":"2024-10-24T13:26:18","slug":"bebe-lingette-waterwipes","status":"publish","type":"product","link":"https:\/\/shop-physiolac-staging-interne.leserviceweb.com\/en\/nos-produits\/bebe-lingette-waterwipes\/","title":{"rendered":"Lingette b\u00e9b\u00e9 \u00e0 l&#8217;eau Waterwipes"},"content":{"rendered":"<p>Les <strong>lingettes b\u00e9b\u00e9<\/strong> les plus pures du monde maintenant d&#8217;origine v\u00e9g\u00e9tale et compostables !<\/p>\n<p>Formul\u00e9es avec <strong>99.9% d\u2019eau purifi\u00e9e<\/strong>, une goutte d\u2019extrait de fruit, et c\u2019est tout ! L&#8217;extrait de p\u00e9pins de pamplemousse est id\u00e9al pour les<strong> peaux sensibles des b\u00e9b\u00e9<\/strong>s car, riche en bioflavono\u00efdes et glucosides, c&#8217;est un excellent anti bact\u00e9rien naturel. Il poss\u00e8de \u00e9galement des propri\u00e9t\u00e9s adoucissantes et hydratantes pour que b\u00e9b\u00e9 garde tout son confort.<\/p>\n<p>Les <strong>lingettes Waterwipes<\/strong> nettoient, hydratent et prot\u00e8gent la peau de b\u00e9b\u00e9 en un seul geste. Les lingettes sont fabriqu\u00e9es \u00e0 partir de fibres renouvelables <strong>100 % d&#8217;origine v\u00e9g\u00e9tale<\/strong> qui vont se d\u00e9composer en 4 semaines.<\/p>\n<p>A la naissance, la peau de b\u00e9b\u00e9 est beaucoup plus fine que celle d&#8217;un adulte et donc plus d\u00e9licate. C&#8217;est pourquoi les lingettes WaterWipes sont parfaitement adapt\u00e9es \u00e0 la peau des b\u00e9b\u00e9s car elles ne contiennent aucun produit chimique et vont emp\u00eacher la croissance des micro-organismes tels que les bact\u00e9ries gr\u00e2ce \u00e0 leur extrait de fruit. Ces lingettes \u00e0 l\u2019<strong>innocuit\u00e9 parfaite<\/strong> sont adapt\u00e9es au peaux les plus sensibles des <strong>nouveaux n\u00e9s<\/strong> et des <strong>pr\u00e9matur\u00e9s<\/strong>. Elles sont approuv\u00e9es par l&#8217;AFPRAL, Association fran\u00e7aise pour la pr\u00e9vention des allergies.<\/p>\n<p><strong>Paquet de 60 lingettes b\u00e9b\u00e9 \u00e0 l&#8217;eau.<\/strong><\/p>\n<p>&nbsp;<\/p>\n<p>&nbsp;<\/p>\n","protected":false},"excerpt":{"rendered":"<p>Lingettes b\u00e9b\u00e9 formul\u00e9es avec 99.9% d\u2019eau purifi\u00e9e et une goutte d\u2019extrait de fruit. Id\u00e9ales pour nettoyer la peau sensible des nouveaux n\u00e9s et pr\u00e9matur\u00e9s. Fabriqu\u00e9es \u00e0 partir de fibres renouvelables 100 % v\u00e9g\u00e9tales qui se d\u00e9composent en 4 semaines. Paquet de 60 lingettes b\u00e9b\u00e9.<\/p>\n","protected":false},"featured_media":117630,"template":"","meta":{"_acf_changed":false,"inline_featured_image":false},"product_brand":[],"product_cat":[211],"product_tag":[],"class_list":{"0":"post-117626","1":"product","2":"type-product","3":"status-publish","4":"has-post-thumbnail","6":"product_cat-indispensables-bebe","8":"first","9":"instock","10":"taxable","11":"shipping-taxable","12":"purchasable","13":"product-type-simple"},"bundled_by":[],"bundle_stock_status":"instock","bundle_stock_quantity":30,"bundle_virtual":false,"bundle_layout":"","bundle_add_to_cart_form_location":"","bundle_editable_in_cart":false,"bundle_sold_individually_context":"","bundle_item_grouping":"","bundle_min_size":"","bundle_max_size":"","bundle_price":[],"bundled_items":[],"bundle_sell_ids":[],"acf":[],"yoast_head":"<!-- This site is optimized with the Yoast SEO plugin v25.2 - https:\/\/yoast.com\/wordpress\/plugins\/seo\/ -->\n<title>B\u00e9b\u00e9 lingette \u00e0 l&#039;eau | Peaux sensibles | Waterwipes<\/title>\n<meta name=\"description\" content=\"D\u00e9couvrez la b\u00e9b\u00e9 lingette \u00e0 l&#039;eau Waterwipes pour nettoyer la peau sensible des nouveaux n\u00e9s et pr\u00e9matur\u00e9s. Test\u00e9es et approuv\u00e9es dermatologiquement | Waterwipes\" \/>\n<meta name=\"robots\" content=\"noindex, follow, max-snippet:-1, max-image-preview:large, max-video-preview:-1\" \/>\n<meta property=\"og:locale\" content=\"en_US\" \/>\n<meta property=\"og:type\" content=\"article\" \/>\n<meta property=\"og:title\" content=\"B\u00e9b\u00e9 lingette \u00e0 l&#039;eau | Peaux sensibles | Waterwipes\" \/>\n<meta property=\"og:description\" content=\"D\u00e9couvrez la b\u00e9b\u00e9 lingette \u00e0 l&#039;eau Waterwipes pour nettoyer la peau sensible des nouveaux n\u00e9s et pr\u00e9matur\u00e9s. Test\u00e9es et approuv\u00e9es dermatologiquement | Waterwipes\" \/>\n<meta property=\"og:url\" content=\"https:\/\/shop-physiolac-staging-interne.leserviceweb.com\/nos-produits\/bebe-lingette-waterwipes\/\" \/>\n<meta property=\"og:site_name\" content=\"Eshop Physiolac\" \/>\n<meta property=\"article:publisher\" content=\"https:\/\/www.facebook.com\/physiolac.official\" \/>\n<meta property=\"article:modified_time\" content=\"2024-10-24T13:26:18+00:00\" \/>\n<meta property=\"og:image\" content=\"https:\/\/shop-physiolac-staging-interne.leserviceweb.com\/wp-content\/uploads\/2024\/04\/WAT-652470-5099514200186-EP.png\" \/>\n\t<meta property=\"og:image:width\" content=\"1181\" \/>\n\t<meta property=\"og:image:height\" content=\"1181\" \/>\n\t<meta property=\"og:image:type\" content=\"image\/png\" \/>\n<meta name=\"twitter:card\" content=\"summary_large_image\" \/>\n<meta name=\"twitter:title\" content=\"B\u00e9b\u00e9 lingette \u00e0 l&#039;eau | Peaux sensibles | Waterwipes\" \/>\n<meta name=\"twitter:description\" content=\"B\u00e9b\u00e9 lingette \u00e0 l&#039;eau Waterwipes pour nettoyer la peau sensible des nouveaux n\u00e9s et pr\u00e9matur\u00e9s. Paquet de 60 b\u00e9b\u00e9 lingette. Approuv\u00e9es dermatologiquement.\" \/>\n<meta name=\"twitter:label1\" content=\"Est. reading time\" \/>\n\t<meta name=\"twitter:data1\" content=\"2 minutes\" \/>\n<script type=\"application\/ld+json\" class=\"yoast-schema-graph\">{\"@context\":\"https:\/\/schema.org\",\"@graph\":[{\"@type\":\"WebPage\",\"@id\":\"https:\/\/shop-physiolac-staging-interne.leserviceweb.com\/nos-produits\/bebe-lingette-waterwipes\/\",\"url\":\"https:\/\/shop-physiolac-staging-interne.leserviceweb.com\/nos-produits\/bebe-lingette-waterwipes\/\",\"name\":\"B\u00e9b\u00e9 lingette \u00e0 l'eau | Peaux sensibles | Waterwipes\",\"isPartOf\":{\"@id\":\"https:\/\/shop-physiolac-staging-interne.leserviceweb.com\/#website\"},\"primaryImageOfPage\":{\"@id\":\"https:\/\/shop-physiolac-staging-interne.leserviceweb.com\/nos-produits\/bebe-lingette-waterwipes\/#primaryimage\"},\"image\":{\"@id\":\"https:\/\/shop-physiolac-staging-interne.leserviceweb.com\/nos-produits\/bebe-lingette-waterwipes\/#primaryimage\"},\"thumbnailUrl\":\"https:\/\/shop-physiolac-staging-interne.leserviceweb.com\/wp-content\/uploads\/2024\/04\/WAT-652470-5099514200186-EP.png\",\"datePublished\":\"2024-04-30T08:48:17+00:00\",\"dateModified\":\"2024-10-24T13:26:18+00:00\",\"description\":\"D\u00e9couvrez la b\u00e9b\u00e9 lingette \u00e0 l'eau Waterwipes pour nettoyer la peau sensible des nouveaux n\u00e9s et pr\u00e9matur\u00e9s. Test\u00e9es et approuv\u00e9es dermatologiquement | Waterwipes\",\"breadcrumb\":{\"@id\":\"https:\/\/shop-physiolac-staging-interne.leserviceweb.com\/nos-produits\/bebe-lingette-waterwipes\/#breadcrumb\"},\"inLanguage\":\"en-US\",\"potentialAction\":[{\"@type\":\"ReadAction\",\"target\":[\"https:\/\/shop-physiolac-staging-interne.leserviceweb.com\/nos-produits\/bebe-lingette-waterwipes\/\"]}]},{\"@type\":\"ImageObject\",\"inLanguage\":\"en-US\",\"@id\":\"https:\/\/shop-physiolac-staging-interne.leserviceweb.com\/nos-produits\/bebe-lingette-waterwipes\/#primaryimage\",\"url\":\"https:\/\/shop-physiolac-staging-interne.leserviceweb.com\/wp-content\/uploads\/2024\/04\/WAT-652470-5099514200186-EP.png\",\"contentUrl\":\"https:\/\/shop-physiolac-staging-interne.leserviceweb.com\/wp-content\/uploads\/2024\/04\/WAT-652470-5099514200186-EP.png\",\"width\":1181,\"height\":1181},{\"@type\":\"BreadcrumbList\",\"@id\":\"https:\/\/shop-physiolac-staging-interne.leserviceweb.com\/nos-produits\/bebe-lingette-waterwipes\/#breadcrumb\",\"itemListElement\":[{\"@type\":\"ListItem\",\"position\":1,\"name\":\"Accueil\",\"item\":\"https:\/\/shop-physiolac-staging-interne.leserviceweb.com\/\"},{\"@type\":\"ListItem\",\"position\":2,\"name\":\"Nos Produits\",\"item\":\"https:\/\/shop-physiolac-staging-interne.leserviceweb.com\/nos-produits\/\"},{\"@type\":\"ListItem\",\"position\":3,\"name\":\"Lingette b\u00e9b\u00e9 \u00e0 l'eau Waterwipes\"}]},{\"@type\":\"WebSite\",\"@id\":\"https:\/\/shop-physiolac-staging-interne.leserviceweb.com\/#website\",\"url\":\"https:\/\/shop-physiolac-staging-interne.leserviceweb.com\/\",\"name\":\"Eshop Physiolac\",\"description\":\"Un site utilisant WordPress\",\"publisher\":{\"@id\":\"https:\/\/shop-physiolac-staging-interne.leserviceweb.com\/#organization\"},\"potentialAction\":[{\"@type\":\"SearchAction\",\"target\":{\"@type\":\"EntryPoint\",\"urlTemplate\":\"https:\/\/shop-physiolac-staging-interne.leserviceweb.com\/?s={search_term_string}\"},\"query-input\":{\"@type\":\"PropertyValueSpecification\",\"valueRequired\":true,\"valueName\":\"search_term_string\"}}],\"inLanguage\":\"en-US\"},{\"@type\":\"Organization\",\"@id\":\"https:\/\/shop-physiolac-staging-interne.leserviceweb.com\/#organization\",\"name\":\"Physiolac\",\"url\":\"https:\/\/shop-physiolac-staging-interne.leserviceweb.com\/\",\"logo\":{\"@type\":\"ImageObject\",\"inLanguage\":\"en-US\",\"@id\":\"https:\/\/shop-physiolac-staging-interne.leserviceweb.com\/#\/schema\/logo\/image\/\",\"url\":\"https:\/\/shop-physiolac-staging-interne.leserviceweb.com\/wp-content\/uploads\/2022\/07\/logo-physiolac-lg.svg\",\"contentUrl\":\"https:\/\/shop-physiolac-staging-interne.leserviceweb.com\/wp-content\/uploads\/2022\/07\/logo-physiolac-lg.svg\",\"width\":\"1024\",\"height\":\"1024\",\"caption\":\"Physiolac\"},\"image\":{\"@id\":\"https:\/\/shop-physiolac-staging-interne.leserviceweb.com\/#\/schema\/logo\/image\/\"},\"sameAs\":[\"https:\/\/www.facebook.com\/physiolac.official\",\"https:\/\/www.instagram.com\/physiolac\/\"]}]}<\/script>\n<!-- \/ Yoast SEO plugin. -->","yoast_head_json":{"title":"B\u00e9b\u00e9 lingette \u00e0 l'eau | Peaux sensibles | Waterwipes","description":"D\u00e9couvrez la b\u00e9b\u00e9 lingette \u00e0 l'eau Waterwipes pour nettoyer la peau sensible des nouveaux n\u00e9s et pr\u00e9matur\u00e9s. Test\u00e9es et approuv\u00e9es dermatologiquement | Waterwipes","robots":{"index":"noindex","follow":"follow","max-snippet":"max-snippet:-1","max-image-preview":"max-image-preview:large","max-video-preview":"max-video-preview:-1"},"og_locale":"en_US","og_type":"article","og_title":"B\u00e9b\u00e9 lingette \u00e0 l'eau | Peaux sensibles | Waterwipes","og_description":"D\u00e9couvrez la b\u00e9b\u00e9 lingette \u00e0 l'eau Waterwipes pour nettoyer la peau sensible des nouveaux n\u00e9s et pr\u00e9matur\u00e9s. Test\u00e9es et approuv\u00e9es dermatologiquement | Waterwipes","og_url":"https:\/\/shop-physiolac-staging-interne.leserviceweb.com\/nos-produits\/bebe-lingette-waterwipes\/","og_site_name":"Eshop Physiolac","article_publisher":"https:\/\/www.facebook.com\/physiolac.official","article_modified_time":"2024-10-24T13:26:18+00:00","og_image":[{"width":1181,"height":1181,"url":"https:\/\/shop-physiolac-staging-interne.leserviceweb.com\/wp-content\/uploads\/2024\/04\/WAT-652470-5099514200186-EP.png","type":"image\/png"}],"twitter_card":"summary_large_image","twitter_title":"B\u00e9b\u00e9 lingette \u00e0 l'eau | Peaux sensibles | Waterwipes","twitter_description":"B\u00e9b\u00e9 lingette \u00e0 l'eau Waterwipes pour nettoyer la peau sensible des nouveaux n\u00e9s et pr\u00e9matur\u00e9s. Paquet de 60 b\u00e9b\u00e9 lingette. Approuv\u00e9es dermatologiquement.","twitter_misc":{"Est. reading time":"2 minutes"},"schema":{"@context":"https:\/\/schema.org","@graph":[{"@type":"WebPage","@id":"https:\/\/shop-physiolac-staging-interne.leserviceweb.com\/nos-produits\/bebe-lingette-waterwipes\/","url":"https:\/\/shop-physiolac-staging-interne.leserviceweb.com\/nos-produits\/bebe-lingette-waterwipes\/","name":"B\u00e9b\u00e9 lingette \u00e0 l'eau | Peaux sensibles | Waterwipes","isPartOf":{"@id":"https:\/\/shop-physiolac-staging-interne.leserviceweb.com\/#website"},"primaryImageOfPage":{"@id":"https:\/\/shop-physiolac-staging-interne.leserviceweb.com\/nos-produits\/bebe-lingette-waterwipes\/#primaryimage"},"image":{"@id":"https:\/\/shop-physiolac-staging-interne.leserviceweb.com\/nos-produits\/bebe-lingette-waterwipes\/#primaryimage"},"thumbnailUrl":"https:\/\/shop-physiolac-staging-interne.leserviceweb.com\/wp-content\/uploads\/2024\/04\/WAT-652470-5099514200186-EP.png","datePublished":"2024-04-30T08:48:17+00:00","dateModified":"2024-10-24T13:26:18+00:00","description":"D\u00e9couvrez la b\u00e9b\u00e9 lingette \u00e0 l'eau Waterwipes pour nettoyer la peau sensible des nouveaux n\u00e9s et pr\u00e9matur\u00e9s. Test\u00e9es et approuv\u00e9es dermatologiquement | Waterwipes","breadcrumb":{"@id":"https:\/\/shop-physiolac-staging-interne.leserviceweb.com\/nos-produits\/bebe-lingette-waterwipes\/#breadcrumb"},"inLanguage":"en-US","potentialAction":[{"@type":"ReadAction","target":["https:\/\/shop-physiolac-staging-interne.leserviceweb.com\/nos-produits\/bebe-lingette-waterwipes\/"]}]},{"@type":"ImageObject","inLanguage":"en-US","@id":"https:\/\/shop-physiolac-staging-interne.leserviceweb.com\/nos-produits\/bebe-lingette-waterwipes\/#primaryimage","url":"https:\/\/shop-physiolac-staging-interne.leserviceweb.com\/wp-content\/uploads\/2024\/04\/WAT-652470-5099514200186-EP.png","contentUrl":"https:\/\/shop-physiolac-staging-interne.leserviceweb.com\/wp-content\/uploads\/2024\/04\/WAT-652470-5099514200186-EP.png","width":1181,"height":1181},{"@type":"BreadcrumbList","@id":"https:\/\/shop-physiolac-staging-interne.leserviceweb.com\/nos-produits\/bebe-lingette-waterwipes\/#breadcrumb","itemListElement":[{"@type":"ListItem","position":1,"name":"Accueil","item":"https:\/\/shop-physiolac-staging-interne.leserviceweb.com\/"},{"@type":"ListItem","position":2,"name":"Nos Produits","item":"https:\/\/shop-physiolac-staging-interne.leserviceweb.com\/nos-produits\/"},{"@type":"ListItem","position":3,"name":"Lingette b\u00e9b\u00e9 \u00e0 l'eau Waterwipes"}]},{"@type":"WebSite","@id":"https:\/\/shop-physiolac-staging-interne.leserviceweb.com\/#website","url":"https:\/\/shop-physiolac-staging-interne.leserviceweb.com\/","name":"Eshop Physiolac","description":"Un site utilisant WordPress","publisher":{"@id":"https:\/\/shop-physiolac-staging-interne.leserviceweb.com\/#organization"},"potentialAction":[{"@type":"SearchAction","target":{"@type":"EntryPoint","urlTemplate":"https:\/\/shop-physiolac-staging-interne.leserviceweb.com\/?s={search_term_string}"},"query-input":{"@type":"PropertyValueSpecification","valueRequired":true,"valueName":"search_term_string"}}],"inLanguage":"en-US"},{"@type":"Organization","@id":"https:\/\/shop-physiolac-staging-interne.leserviceweb.com\/#organization","name":"Physiolac","url":"https:\/\/shop-physiolac-staging-interne.leserviceweb.com\/","logo":{"@type":"ImageObject","inLanguage":"en-US","@id":"https:\/\/shop-physiolac-staging-interne.leserviceweb.com\/#\/schema\/logo\/image\/","url":"https:\/\/shop-physiolac-staging-interne.leserviceweb.com\/wp-content\/uploads\/2022\/07\/logo-physiolac-lg.svg","contentUrl":"https:\/\/shop-physiolac-staging-interne.leserviceweb.com\/wp-content\/uploads\/2022\/07\/logo-physiolac-lg.svg","width":"1024","height":"1024","caption":"Physiolac"},"image":{"@id":"https:\/\/shop-physiolac-staging-interne.leserviceweb.com\/#\/schema\/logo\/image\/"},"sameAs":["https:\/\/www.facebook.com\/physiolac.official","https:\/\/www.instagram.com\/physiolac\/"]}]}},"_links":{"self":[{"href":"https:\/\/shop-physiolac-staging-interne.leserviceweb.com\/en\/wp-json\/wp\/v2\/product\/117626","targetHints":{"allow":["GET"]}}],"collection":[{"href":"https:\/\/shop-physiolac-staging-interne.leserviceweb.com\/en\/wp-json\/wp\/v2\/product"}],"about":[{"href":"https:\/\/shop-physiolac-staging-interne.leserviceweb.com\/en\/wp-json\/wp\/v2\/types\/product"}],"wp:featuredmedia":[{"embeddable":true,"href":"https:\/\/shop-physiolac-staging-interne.leserviceweb.com\/en\/wp-json\/wp\/v2\/media\/117630"}],"wp:attachment":[{"href":"https:\/\/shop-physiolac-staging-interne.leserviceweb.com\/en\/wp-json\/wp\/v2\/media?parent=117626"}],"wp:term":[{"taxonomy":"product_brand","embeddable":true,"href":"https:\/\/shop-physiolac-staging-interne.leserviceweb.com\/en\/wp-json\/wp\/v2\/product_brand?post=117626"},{"taxonomy":"product_cat","embeddable":true,"href":"https:\/\/shop-physiolac-staging-interne.leserviceweb.com\/en\/wp-json\/wp\/v2\/product_cat?post=117626"},{"taxonomy":"product_tag","embeddable":true,"href":"https:\/\/shop-physiolac-staging-interne.leserviceweb.com\/en\/wp-json\/wp\/v2\/product_tag?post=117626"}],"curies":[{"name":"wp","href":"https:\/\/api.w.org\/{rel}","templated":true}]}}