{"id":116193,"date":"2023-10-06T13:32:29","date_gmt":"2023-10-06T11:32:29","guid":{"rendered":"https:\/\/shop-physiolac-staging-interne.leserviceweb.com\/?post_type=product&#038;p=116193"},"modified":"2024-10-30T10:49:29","modified_gmt":"2024-10-30T09:49:29","slug":"cereales-bebe-nuit-bio","status":"publish","type":"product","link":"https:\/\/shop-physiolac-staging-interne.leserviceweb.com\/en\/nos-produits\/cereales-bebe-nuit-bio\/","title":{"rendered":"C\u00e9r\u00e9ales B\u00e9b\u00e9 Nuit Bio"},"content":{"rendered":"<p>Les <strong>premi\u00e8res c\u00e9r\u00e9ales Physiolac Bio&nbsp;Nuit <\/strong>pour b\u00e9b\u00e9 permettent de commencer la diversification alimentaire de b\u00e9b\u00e9, et de l\u2019initier \u00e0 de nouvelles textures.<\/p>\n<p>Sur les conseils de votre m\u00e9decin ou de votre pharmacien, elles peuvent \u00eatre introduites dans l\u2019alimentation de b\u00e9b\u00e9&nbsp;d\u00e8s 4 mois. Ces c\u00e9r\u00e9ales infantiles, sans gluten, sans sucres ajout\u00e9s* se reconstituent avec du lait maternel exprim\u00e9 ou du lait infantile correspondant \u00e0 l&#8217;\u00e2ge de l&#8217;enfant. En fonction des habitudes et des envies de l\u2019enfant, elles peuvent se consommer au biberon ou \u00e0 la cuill\u00e8re sous forme de bouillie lisse et onctueuse.<\/p>\n<p>Les c\u00e9r\u00e9ales infantiles sont un aliment de compl\u00e9ment et ne sont pas destin\u00e9es \u00e0 remplacer le lait maternel qui reste l\u2019aliment principal de l\u2019enfant. Elles peuvent \u00eatre donn\u00e9es au d\u00e9jeuner du matin, lors du repas du soir, ou \u00e0 tout autre moment de la journ\u00e9e en fonction des besoins de votre enfant.<\/p>\n<p>Les c\u00e9r\u00e9ales infantiles Physiolac Bio Nuit sont principalement compos\u00e9es de riz, millet et quinoa. Elles sont&nbsp;certifi\u00e9es Agriculture Biologique.<\/p>\n<p>Ces c\u00e9r\u00e9ales pour b\u00e9b\u00e9 sont sans colorant et sans conservateur, conform\u00e9ment \u00e0 la&nbsp;r\u00e9glementation en vigueur sur le mode de production biologique et la r\u00e9glementation des aliments de l&#8217;enfance.<\/p>\n<p>*Contient des sucres naturellement pr\u00e9sents.<\/p>\n<p>**Conform\u00e9ment \u00e0 la r\u00e9glementation en vigueur sur l\u2019alimentation infantile.<\/p>\n","protected":false},"excerpt":{"rendered":"<p>Les c\u00e9r\u00e9ales infantiles Physiolac Bio Nuit sont id\u00e9ales pour la premi\u00e8re \u00e9tape de la diversification alimentaire de b\u00e9b\u00e9. Sans gluten et sans sucres ajout\u00e9s*, elles sont destin\u00e9es \u00e0 l\u2019alimentation du tout petit d\u00e8s 4 mois.<\/p>\n","protected":false},"featured_media":118092,"template":"","meta":{"_acf_changed":false,"inline_featured_image":false},"product_brand":[],"product_cat":[25],"product_tag":[],"class_list":{"0":"post-116193","1":"product","2":"type-product","3":"status-publish","4":"has-post-thumbnail","6":"product_cat-cereales-bebe","8":"first","9":"instock","10":"taxable","11":"shipping-taxable","12":"purchasable","13":"product-type-simple"},"bundled_by":[],"bundle_stock_status":"instock","bundle_stock_quantity":122,"bundle_virtual":false,"bundle_layout":"","bundle_add_to_cart_form_location":"","bundle_editable_in_cart":false,"bundle_sold_individually_context":"","bundle_item_grouping":"","bundle_min_size":"","bundle_max_size":"","bundle_price":[],"bundled_items":[],"bundle_sell_ids":[],"acf":[],"yoast_head":"<!-- This site is optimized with the Yoast SEO plugin v25.2 - https:\/\/yoast.com\/wordpress\/plugins\/seo\/ -->\n<title>C\u00e9r\u00e9ales B\u00e9b\u00e9 Nuit Bio - D\u00e8s 4 mois | Physiolac<\/title>\n<meta name=\"description\" content=\"D\u00e9couvrez les C\u00e9r\u00e9ales b\u00e9b\u00e9 Bio nuit d\u00e8s 4 mois. Riz, millet, quinoa et des extraits de fleur d&#039;oranger, de verveine, et de tilleul. C\u00e9r\u00e9ales pour \u00e9paissir le biberon de lait des b\u00e9b\u00e9s ou apporter du go\u00fbt.\" \/>\n<meta name=\"robots\" content=\"noindex, follow, max-snippet:-1, max-image-preview:large, max-video-preview:-1\" \/>\n<meta property=\"og:locale\" content=\"en_US\" \/>\n<meta property=\"og:type\" content=\"article\" \/>\n<meta property=\"og:title\" content=\"C\u00e9r\u00e9ales B\u00e9b\u00e9 Nuit Bio - D\u00e8s 4 mois | Physiolac\" \/>\n<meta property=\"og:description\" content=\"D\u00e9couvrez les C\u00e9r\u00e9ales b\u00e9b\u00e9 Bio nuit d\u00e8s 4 mois. Riz, millet, quinoa et des extraits de fleur d&#039;oranger, de verveine, et de tilleul. C\u00e9r\u00e9ales pour \u00e9paissir le biberon de lait des b\u00e9b\u00e9s ou apporter du go\u00fbt.\" \/>\n<meta property=\"og:url\" content=\"https:\/\/shop-physiolac-staging-interne.leserviceweb.com\/nos-produits\/cereales-bebe-nuit-bio\/\" \/>\n<meta property=\"og:site_name\" content=\"Eshop Physiolac\" \/>\n<meta property=\"article:publisher\" content=\"https:\/\/www.facebook.com\/physiolac.official\" \/>\n<meta property=\"article:modified_time\" content=\"2024-10-30T09:49:29+00:00\" \/>\n<meta property=\"og:image\" content=\"https:\/\/shop-physiolac-staging-interne.leserviceweb.com\/wp-content\/uploads\/2023\/10\/LAC-612524-3518646124518-ES_05-2023-1024x1024.png\" \/>\n\t<meta property=\"og:image:width\" content=\"1024\" \/>\n\t<meta property=\"og:image:height\" content=\"1024\" \/>\n\t<meta property=\"og:image:type\" content=\"image\/png\" \/>\n<meta name=\"twitter:card\" content=\"summary_large_image\" \/>\n<meta name=\"twitter:title\" content=\"C\u00e9r\u00e9ales B\u00e9b\u00e9 Nuit Bio - D\u00e8s 4 mois | Acheter en ligne | Physiolac\" \/>\n<meta name=\"twitter:description\" content=\"C\u00e9r\u00e9ales b\u00e9b\u00e9 Bio nuit d\u00e8s 4 mois. Riz, millet, quinoa et des extraits de fleur d&#039;oranger, de verveine, et de tilleul. C\u00e9r\u00e9ales pour \u00e9paissir le biberon de lait des b\u00e9b\u00e9s ou apporter du go\u00fbt.\" \/>\n<meta name=\"twitter:image\" content=\"https:\/\/shop-physiolac-staging-interne.leserviceweb.com\/wp-content\/uploads\/2023\/10\/LAC-612524-3518646124518-ES_05-2023.png\" \/>\n<meta name=\"twitter:label1\" content=\"Est. reading time\" \/>\n\t<meta name=\"twitter:data1\" content=\"2 minutes\" \/>\n<script type=\"application\/ld+json\" class=\"yoast-schema-graph\">{\"@context\":\"https:\/\/schema.org\",\"@graph\":[{\"@type\":\"WebPage\",\"@id\":\"https:\/\/shop-physiolac-staging-interne.leserviceweb.com\/nos-produits\/cereales-bebe-nuit-bio\/\",\"url\":\"https:\/\/shop-physiolac-staging-interne.leserviceweb.com\/nos-produits\/cereales-bebe-nuit-bio\/\",\"name\":\"C\u00e9r\u00e9ales B\u00e9b\u00e9 Nuit Bio - D\u00e8s 4 mois | Physiolac\",\"isPartOf\":{\"@id\":\"https:\/\/shop-physiolac-staging-interne.leserviceweb.com\/#website\"},\"primaryImageOfPage\":{\"@id\":\"https:\/\/shop-physiolac-staging-interne.leserviceweb.com\/nos-produits\/cereales-bebe-nuit-bio\/#primaryimage\"},\"image\":{\"@id\":\"https:\/\/shop-physiolac-staging-interne.leserviceweb.com\/nos-produits\/cereales-bebe-nuit-bio\/#primaryimage\"},\"thumbnailUrl\":\"https:\/\/shop-physiolac-staging-interne.leserviceweb.com\/wp-content\/uploads\/2024\/05\/LAC-612524-3518646124518-ES_05-2023.png\",\"datePublished\":\"2023-10-06T11:32:29+00:00\",\"dateModified\":\"2024-10-30T09:49:29+00:00\",\"description\":\"D\u00e9couvrez les C\u00e9r\u00e9ales b\u00e9b\u00e9 Bio nuit d\u00e8s 4 mois. Riz, millet, quinoa et des extraits de fleur d'oranger, de verveine, et de tilleul. C\u00e9r\u00e9ales pour \u00e9paissir le biberon de lait des b\u00e9b\u00e9s ou apporter du go\u00fbt.\",\"breadcrumb\":{\"@id\":\"https:\/\/shop-physiolac-staging-interne.leserviceweb.com\/nos-produits\/cereales-bebe-nuit-bio\/#breadcrumb\"},\"inLanguage\":\"en-US\",\"potentialAction\":[{\"@type\":\"ReadAction\",\"target\":[\"https:\/\/shop-physiolac-staging-interne.leserviceweb.com\/nos-produits\/cereales-bebe-nuit-bio\/\"]}]},{\"@type\":\"ImageObject\",\"inLanguage\":\"en-US\",\"@id\":\"https:\/\/shop-physiolac-staging-interne.leserviceweb.com\/nos-produits\/cereales-bebe-nuit-bio\/#primaryimage\",\"url\":\"https:\/\/shop-physiolac-staging-interne.leserviceweb.com\/wp-content\/uploads\/2024\/05\/LAC-612524-3518646124518-ES_05-2023.png\",\"contentUrl\":\"https:\/\/shop-physiolac-staging-interne.leserviceweb.com\/wp-content\/uploads\/2024\/05\/LAC-612524-3518646124518-ES_05-2023.png\",\"width\":1080,\"height\":1080,\"caption\":\"PHYSIOLAC C\u00e9r\u00e9ales B\u00e9b\u00e9 Nuit Bio\"},{\"@type\":\"BreadcrumbList\",\"@id\":\"https:\/\/shop-physiolac-staging-interne.leserviceweb.com\/nos-produits\/cereales-bebe-nuit-bio\/#breadcrumb\",\"itemListElement\":[{\"@type\":\"ListItem\",\"position\":1,\"name\":\"Accueil\",\"item\":\"https:\/\/shop-physiolac-staging-interne.leserviceweb.com\/\"},{\"@type\":\"ListItem\",\"position\":2,\"name\":\"Nos Produits\",\"item\":\"https:\/\/shop-physiolac-staging-interne.leserviceweb.com\/nos-produits\/\"},{\"@type\":\"ListItem\",\"position\":3,\"name\":\"C\u00e9r\u00e9ales B\u00e9b\u00e9 Nuit Bio\"}]},{\"@type\":\"WebSite\",\"@id\":\"https:\/\/shop-physiolac-staging-interne.leserviceweb.com\/#website\",\"url\":\"https:\/\/shop-physiolac-staging-interne.leserviceweb.com\/\",\"name\":\"Eshop Physiolac\",\"description\":\"Un site utilisant WordPress\",\"publisher\":{\"@id\":\"https:\/\/shop-physiolac-staging-interne.leserviceweb.com\/#organization\"},\"potentialAction\":[{\"@type\":\"SearchAction\",\"target\":{\"@type\":\"EntryPoint\",\"urlTemplate\":\"https:\/\/shop-physiolac-staging-interne.leserviceweb.com\/?s={search_term_string}\"},\"query-input\":{\"@type\":\"PropertyValueSpecification\",\"valueRequired\":true,\"valueName\":\"search_term_string\"}}],\"inLanguage\":\"en-US\"},{\"@type\":\"Organization\",\"@id\":\"https:\/\/shop-physiolac-staging-interne.leserviceweb.com\/#organization\",\"name\":\"Physiolac\",\"url\":\"https:\/\/shop-physiolac-staging-interne.leserviceweb.com\/\",\"logo\":{\"@type\":\"ImageObject\",\"inLanguage\":\"en-US\",\"@id\":\"https:\/\/shop-physiolac-staging-interne.leserviceweb.com\/#\/schema\/logo\/image\/\",\"url\":\"https:\/\/shop-physiolac-staging-interne.leserviceweb.com\/wp-content\/uploads\/2022\/07\/logo-physiolac-lg.svg\",\"contentUrl\":\"https:\/\/shop-physiolac-staging-interne.leserviceweb.com\/wp-content\/uploads\/2022\/07\/logo-physiolac-lg.svg\",\"width\":\"1024\",\"height\":\"1024\",\"caption\":\"Physiolac\"},\"image\":{\"@id\":\"https:\/\/shop-physiolac-staging-interne.leserviceweb.com\/#\/schema\/logo\/image\/\"},\"sameAs\":[\"https:\/\/www.facebook.com\/physiolac.official\",\"https:\/\/www.instagram.com\/physiolac\/\"]}]}<\/script>\n<!-- \/ Yoast SEO plugin. -->","yoast_head_json":{"title":"C\u00e9r\u00e9ales B\u00e9b\u00e9 Nuit Bio - D\u00e8s 4 mois | Physiolac","description":"D\u00e9couvrez les C\u00e9r\u00e9ales b\u00e9b\u00e9 Bio nuit d\u00e8s 4 mois. Riz, millet, quinoa et des extraits de fleur d'oranger, de verveine, et de tilleul. C\u00e9r\u00e9ales pour \u00e9paissir le biberon de lait des b\u00e9b\u00e9s ou apporter du go\u00fbt.","robots":{"index":"noindex","follow":"follow","max-snippet":"max-snippet:-1","max-image-preview":"max-image-preview:large","max-video-preview":"max-video-preview:-1"},"og_locale":"en_US","og_type":"article","og_title":"C\u00e9r\u00e9ales B\u00e9b\u00e9 Nuit Bio - D\u00e8s 4 mois | Physiolac","og_description":"D\u00e9couvrez les C\u00e9r\u00e9ales b\u00e9b\u00e9 Bio nuit d\u00e8s 4 mois. Riz, millet, quinoa et des extraits de fleur d'oranger, de verveine, et de tilleul. C\u00e9r\u00e9ales pour \u00e9paissir le biberon de lait des b\u00e9b\u00e9s ou apporter du go\u00fbt.","og_url":"https:\/\/shop-physiolac-staging-interne.leserviceweb.com\/nos-produits\/cereales-bebe-nuit-bio\/","og_site_name":"Eshop Physiolac","article_publisher":"https:\/\/www.facebook.com\/physiolac.official","article_modified_time":"2024-10-30T09:49:29+00:00","og_image":[{"width":1024,"height":1024,"url":"https:\/\/shop-physiolac-staging-interne.leserviceweb.com\/wp-content\/uploads\/2023\/10\/LAC-612524-3518646124518-ES_05-2023-1024x1024.png","type":"image\/png"}],"twitter_card":"summary_large_image","twitter_title":"C\u00e9r\u00e9ales B\u00e9b\u00e9 Nuit Bio - D\u00e8s 4 mois | Acheter en ligne | Physiolac","twitter_description":"C\u00e9r\u00e9ales b\u00e9b\u00e9 Bio nuit d\u00e8s 4 mois. Riz, millet, quinoa et des extraits de fleur d'oranger, de verveine, et de tilleul. C\u00e9r\u00e9ales pour \u00e9paissir le biberon de lait des b\u00e9b\u00e9s ou apporter du go\u00fbt.","twitter_image":"https:\/\/shop-physiolac-staging-interne.leserviceweb.com\/wp-content\/uploads\/2023\/10\/LAC-612524-3518646124518-ES_05-2023.png","twitter_misc":{"Est. reading time":"2 minutes"},"schema":{"@context":"https:\/\/schema.org","@graph":[{"@type":"WebPage","@id":"https:\/\/shop-physiolac-staging-interne.leserviceweb.com\/nos-produits\/cereales-bebe-nuit-bio\/","url":"https:\/\/shop-physiolac-staging-interne.leserviceweb.com\/nos-produits\/cereales-bebe-nuit-bio\/","name":"C\u00e9r\u00e9ales B\u00e9b\u00e9 Nuit Bio - D\u00e8s 4 mois | Physiolac","isPartOf":{"@id":"https:\/\/shop-physiolac-staging-interne.leserviceweb.com\/#website"},"primaryImageOfPage":{"@id":"https:\/\/shop-physiolac-staging-interne.leserviceweb.com\/nos-produits\/cereales-bebe-nuit-bio\/#primaryimage"},"image":{"@id":"https:\/\/shop-physiolac-staging-interne.leserviceweb.com\/nos-produits\/cereales-bebe-nuit-bio\/#primaryimage"},"thumbnailUrl":"https:\/\/shop-physiolac-staging-interne.leserviceweb.com\/wp-content\/uploads\/2024\/05\/LAC-612524-3518646124518-ES_05-2023.png","datePublished":"2023-10-06T11:32:29+00:00","dateModified":"2024-10-30T09:49:29+00:00","description":"D\u00e9couvrez les C\u00e9r\u00e9ales b\u00e9b\u00e9 Bio nuit d\u00e8s 4 mois. Riz, millet, quinoa et des extraits de fleur d'oranger, de verveine, et de tilleul. C\u00e9r\u00e9ales pour \u00e9paissir le biberon de lait des b\u00e9b\u00e9s ou apporter du go\u00fbt.","breadcrumb":{"@id":"https:\/\/shop-physiolac-staging-interne.leserviceweb.com\/nos-produits\/cereales-bebe-nuit-bio\/#breadcrumb"},"inLanguage":"en-US","potentialAction":[{"@type":"ReadAction","target":["https:\/\/shop-physiolac-staging-interne.leserviceweb.com\/nos-produits\/cereales-bebe-nuit-bio\/"]}]},{"@type":"ImageObject","inLanguage":"en-US","@id":"https:\/\/shop-physiolac-staging-interne.leserviceweb.com\/nos-produits\/cereales-bebe-nuit-bio\/#primaryimage","url":"https:\/\/shop-physiolac-staging-interne.leserviceweb.com\/wp-content\/uploads\/2024\/05\/LAC-612524-3518646124518-ES_05-2023.png","contentUrl":"https:\/\/shop-physiolac-staging-interne.leserviceweb.com\/wp-content\/uploads\/2024\/05\/LAC-612524-3518646124518-ES_05-2023.png","width":1080,"height":1080,"caption":"PHYSIOLAC C\u00e9r\u00e9ales B\u00e9b\u00e9 Nuit Bio"},{"@type":"BreadcrumbList","@id":"https:\/\/shop-physiolac-staging-interne.leserviceweb.com\/nos-produits\/cereales-bebe-nuit-bio\/#breadcrumb","itemListElement":[{"@type":"ListItem","position":1,"name":"Accueil","item":"https:\/\/shop-physiolac-staging-interne.leserviceweb.com\/"},{"@type":"ListItem","position":2,"name":"Nos Produits","item":"https:\/\/shop-physiolac-staging-interne.leserviceweb.com\/nos-produits\/"},{"@type":"ListItem","position":3,"name":"C\u00e9r\u00e9ales B\u00e9b\u00e9 Nuit Bio"}]},{"@type":"WebSite","@id":"https:\/\/shop-physiolac-staging-interne.leserviceweb.com\/#website","url":"https:\/\/shop-physiolac-staging-interne.leserviceweb.com\/","name":"Eshop Physiolac","description":"Un site utilisant WordPress","publisher":{"@id":"https:\/\/shop-physiolac-staging-interne.leserviceweb.com\/#organization"},"potentialAction":[{"@type":"SearchAction","target":{"@type":"EntryPoint","urlTemplate":"https:\/\/shop-physiolac-staging-interne.leserviceweb.com\/?s={search_term_string}"},"query-input":{"@type":"PropertyValueSpecification","valueRequired":true,"valueName":"search_term_string"}}],"inLanguage":"en-US"},{"@type":"Organization","@id":"https:\/\/shop-physiolac-staging-interne.leserviceweb.com\/#organization","name":"Physiolac","url":"https:\/\/shop-physiolac-staging-interne.leserviceweb.com\/","logo":{"@type":"ImageObject","inLanguage":"en-US","@id":"https:\/\/shop-physiolac-staging-interne.leserviceweb.com\/#\/schema\/logo\/image\/","url":"https:\/\/shop-physiolac-staging-interne.leserviceweb.com\/wp-content\/uploads\/2022\/07\/logo-physiolac-lg.svg","contentUrl":"https:\/\/shop-physiolac-staging-interne.leserviceweb.com\/wp-content\/uploads\/2022\/07\/logo-physiolac-lg.svg","width":"1024","height":"1024","caption":"Physiolac"},"image":{"@id":"https:\/\/shop-physiolac-staging-interne.leserviceweb.com\/#\/schema\/logo\/image\/"},"sameAs":["https:\/\/www.facebook.com\/physiolac.official","https:\/\/www.instagram.com\/physiolac\/"]}]}},"_links":{"self":[{"href":"https:\/\/shop-physiolac-staging-interne.leserviceweb.com\/en\/wp-json\/wp\/v2\/product\/116193","targetHints":{"allow":["GET"]}}],"collection":[{"href":"https:\/\/shop-physiolac-staging-interne.leserviceweb.com\/en\/wp-json\/wp\/v2\/product"}],"about":[{"href":"https:\/\/shop-physiolac-staging-interne.leserviceweb.com\/en\/wp-json\/wp\/v2\/types\/product"}],"wp:featuredmedia":[{"embeddable":true,"href":"https:\/\/shop-physiolac-staging-interne.leserviceweb.com\/en\/wp-json\/wp\/v2\/media\/118092"}],"wp:attachment":[{"href":"https:\/\/shop-physiolac-staging-interne.leserviceweb.com\/en\/wp-json\/wp\/v2\/media?parent=116193"}],"wp:term":[{"taxonomy":"product_brand","embeddable":true,"href":"https:\/\/shop-physiolac-staging-interne.leserviceweb.com\/en\/wp-json\/wp\/v2\/product_brand?post=116193"},{"taxonomy":"product_cat","embeddable":true,"href":"https:\/\/shop-physiolac-staging-interne.leserviceweb.com\/en\/wp-json\/wp\/v2\/product_cat?post=116193"},{"taxonomy":"product_tag","embeddable":true,"href":"https:\/\/shop-physiolac-staging-interne.leserviceweb.com\/en\/wp-json\/wp\/v2\/product_tag?post=116193"}],"curies":[{"name":"wp","href":"https:\/\/api.w.org\/{rel}","templated":true}]}}