{"id":114989,"date":"2023-07-04T16:10:12","date_gmt":"2023-07-04T14:10:12","guid":{"rendered":"https:\/\/shop-physiolac-staging-interne.leserviceweb.com\/?post_type=product&#038;p=114989"},"modified":"2024-10-27T10:15:42","modified_gmt":"2024-10-27T09:15:42","slug":"lait-infantile-bio-1er-age-400gr","status":"publish","type":"product","link":"https:\/\/shop-physiolac-staging-interne.leserviceweb.com\/en\/nos-produits\/lait-infantile-bio-1er-age-400gr\/","title":{"rendered":"Lait infantile Bio 1er \u00e2ge"},"content":{"rendered":"<p>Lait biologique en poudre pour nourrissons de 0 \u00e0 6 mois.<\/p>\n<p>Les Laboratoires Physiolac proposent des produits :<br \/>\n\u2022 sp\u00e9cialement d\u00e9velopp\u00e9s et valid\u00e9s par des experts en nutrition infantile,<br \/>\n\u2022 r\u00e9pondant aux besoins nutritionnels sp\u00e9cifiques des b\u00e9b\u00e9s*,<br \/>\n\u2022 avec un <strong>lait \u00e9cr\u00e9m\u00e9 100% fran\u00e7ais<\/strong>,&nbsp;<br \/>\n\u2022 fabriqu\u00e9s en France,<\/p>\n<p>Physiolac Bio 1, formul\u00e9 <strong>sans huile de palme<\/strong> et <strong>certifi\u00e9 agriculture biologique<\/strong>, contient notamment :<br \/>\n\u2022 du DHA* (om\u00e9ga 3),&nbsp;<br \/>\n\u2022 de la cr\u00e8me de lait Bio,&nbsp;<br \/>\n\u2022 du bisglycinate de fer assimilable.<\/p>\n<p>Le lait Physiolac Bio est fabriqu\u00e9 en Vend\u00e9e par la Laiterie de Montaigu, avec du lait \u00e9cr\u00e9m\u00e9 100% fran\u00e7ais. Le lait Bio utilis\u00e9 dans nos formules est collect\u00e9 aupr\u00e8s des \u00e9leveurs Biolait, engag\u00e9s en faveur du bien-\u00eatre animal conform\u00e9ment aux r\u00e8gles de l\u2019agriculture biologique.<\/p>\n<p><span style=\"font-size:12px\">*Comme l&#8217;exige la l\u00e9gislation pour toutes les pr\u00e9parations pour nourrissons.<\/span><\/p>\n<p><strong>Avis important :&nbsp;Le lait maternel est le meilleur aliment pour le nourrisson. En&nbsp;accord avec votre pharmacien ou votre m\u00e9decin, Physiolac Bio 1 peut s\u2019y substituer ou le compl\u00e9ter si vous ne pouvez pas ou ne souhaitez pas allaiter. Physiolac Bio 1 r\u00e9pond aux besoins nutritionnels sp\u00e9cifiques du nourrisson de la naissance jusqu&#8217;\u00e0 6 mois. Ne changez pas ce lait pour nourrissons sans l\u2019avis de votre pharmacien ou de votre m\u00e9decin.<\/strong><\/p>\n","protected":false},"excerpt":{"rendered":"<p>Physiolac Bio 1 est un lait infantile en poudre destin\u00e9 \u00e0 l&#8217;alimentation du nourrisson de 0 \u00e0 6 mois. Physiolac Bio 1 contient du DHA* (om\u00e9ga 3) et de la cr\u00e8me de lait Bio. Formul\u00e9 sans huile de palme.<\/p>\n<p><span style=\"font-size:12px\">*Comme l&#8217;exige la l\u00e9gislation pour toutes les pr\u00e9parations pour nourrissons.<\/span><\/p>\n","protected":false},"featured_media":118056,"template":"","meta":{"_acf_changed":false,"inline_featured_image":false},"product_brand":[],"product_cat":[27],"product_tag":[],"class_list":{"0":"post-114989","1":"product","2":"type-product","3":"status-publish","4":"has-post-thumbnail","6":"product_cat-lait-infantile-bio","8":"first","9":"instock","10":"taxable","11":"shipping-taxable","12":"purchasable","13":"product-type-simple"},"bundled_by":[],"bundle_stock_status":"instock","bundle_stock_quantity":295,"bundle_virtual":false,"bundle_layout":"","bundle_add_to_cart_form_location":"","bundle_editable_in_cart":false,"bundle_sold_individually_context":"","bundle_item_grouping":"","bundle_min_size":"","bundle_max_size":"","bundle_price":[],"bundled_items":[],"bundle_sell_ids":[],"acf":[],"yoast_head":"<!-- This site is optimized with the Yoast SEO plugin v25.2 - https:\/\/yoast.com\/wordpress\/plugins\/seo\/ -->\n<title>Lait 1er \u00e2ge Bio Relais allaitement - Fabriqu\u00e9 en France | Physiolac<\/title>\n<meta name=\"description\" content=\"D\u00e9couvrez le Lait infantile \u00e9cr\u00e9m\u00e9 Bio 100% Fran\u00e7ais d\u00e8s la naissance 0-6 mois ou lait en relais de l&#039;allaitement. Sans huile de palme. Abonnement lait | Laboratoires Physiolac\" \/>\n<meta name=\"robots\" content=\"noindex, follow, max-snippet:-1, max-image-preview:large, max-video-preview:-1\" \/>\n<meta property=\"og:locale\" content=\"en_US\" \/>\n<meta property=\"og:type\" content=\"article\" \/>\n<meta property=\"og:title\" content=\"Lait 1er \u00e2ge Bio Relais allaitement - Fabriqu\u00e9 en France | Physiolac\" \/>\n<meta property=\"og:description\" content=\"D\u00e9couvrez le Lait infantile \u00e9cr\u00e9m\u00e9 Bio 100% Fran\u00e7ais d\u00e8s la naissance 0-6 mois ou lait en relais de l&#039;allaitement. Sans huile de palme. Abonnement lait | Laboratoires Physiolac\" \/>\n<meta property=\"og:url\" content=\"https:\/\/shop-physiolac-staging-interne.leserviceweb.com\/nos-produits\/lait-infantile-bio-1er-age-400gr\/\" \/>\n<meta property=\"og:site_name\" content=\"Eshop Physiolac\" \/>\n<meta property=\"article:publisher\" content=\"https:\/\/www.facebook.com\/physiolac.official\" \/>\n<meta property=\"article:modified_time\" content=\"2024-10-27T09:15:42+00:00\" \/>\n<meta property=\"og:image\" content=\"https:\/\/shop-physiolac-staging-interne.leserviceweb.com\/wp-content\/uploads\/2023\/07\/LAC-612447-3518646124471-EPS_06-23-1024x1024.png\" \/>\n\t<meta property=\"og:image:width\" content=\"1024\" \/>\n\t<meta property=\"og:image:height\" content=\"1024\" \/>\n\t<meta property=\"og:image:type\" content=\"image\/png\" \/>\n<meta name=\"twitter:card\" content=\"summary_large_image\" \/>\n<meta name=\"twitter:title\" content=\"Lait Infantile Bio 1er \u00e2ge - Kit d&#039;essai - Fabriqu\u00e9 en Vend\u00e9e | Acheter en ligne | Physiolac\" \/>\n<meta name=\"twitter:description\" content=\"Lait infantile Bio pour le biberon de b\u00e9b\u00e9 0-6 mois. Lait Bio en poudre pour nourrissons de 0 \u00e0 6 mois. Kit d&#039;essai. Fabriqu\u00e9 en France | Physiolac\" \/>\n<meta name=\"twitter:image\" content=\"https:\/\/shop-physiolac-staging-interne.leserviceweb.com\/wp-content\/uploads\/2023\/07\/LAC-612447-3518646124471-EPS_06-23.png\" \/>\n<meta name=\"twitter:label1\" content=\"Est. reading time\" \/>\n\t<meta name=\"twitter:data1\" content=\"2 minutes\" \/>\n<script type=\"application\/ld+json\" class=\"yoast-schema-graph\">{\"@context\":\"https:\/\/schema.org\",\"@graph\":[{\"@type\":\"WebPage\",\"@id\":\"https:\/\/shop-physiolac-staging-interne.leserviceweb.com\/nos-produits\/lait-infantile-bio-1er-age-400gr\/\",\"url\":\"https:\/\/shop-physiolac-staging-interne.leserviceweb.com\/nos-produits\/lait-infantile-bio-1er-age-400gr\/\",\"name\":\"Lait 1er \u00e2ge Bio Relais allaitement - Fabriqu\u00e9 en France | Physiolac\",\"isPartOf\":{\"@id\":\"https:\/\/shop-physiolac-staging-interne.leserviceweb.com\/#website\"},\"primaryImageOfPage\":{\"@id\":\"https:\/\/shop-physiolac-staging-interne.leserviceweb.com\/nos-produits\/lait-infantile-bio-1er-age-400gr\/#primaryimage\"},\"image\":{\"@id\":\"https:\/\/shop-physiolac-staging-interne.leserviceweb.com\/nos-produits\/lait-infantile-bio-1er-age-400gr\/#primaryimage\"},\"thumbnailUrl\":\"https:\/\/shop-physiolac-staging-interne.leserviceweb.com\/wp-content\/uploads\/2024\/05\/LAC-612447-3518646124471-EPS_06-23.png\",\"datePublished\":\"2023-07-04T14:10:12+00:00\",\"dateModified\":\"2024-10-27T09:15:42+00:00\",\"description\":\"D\u00e9couvrez le Lait infantile \u00e9cr\u00e9m\u00e9 Bio 100% Fran\u00e7ais d\u00e8s la naissance 0-6 mois ou lait en relais de l'allaitement. Sans huile de palme. Abonnement lait | Laboratoires Physiolac\",\"breadcrumb\":{\"@id\":\"https:\/\/shop-physiolac-staging-interne.leserviceweb.com\/nos-produits\/lait-infantile-bio-1er-age-400gr\/#breadcrumb\"},\"inLanguage\":\"en-US\",\"potentialAction\":[{\"@type\":\"ReadAction\",\"target\":[\"https:\/\/shop-physiolac-staging-interne.leserviceweb.com\/nos-produits\/lait-infantile-bio-1er-age-400gr\/\"]}]},{\"@type\":\"ImageObject\",\"inLanguage\":\"en-US\",\"@id\":\"https:\/\/shop-physiolac-staging-interne.leserviceweb.com\/nos-produits\/lait-infantile-bio-1er-age-400gr\/#primaryimage\",\"url\":\"https:\/\/shop-physiolac-staging-interne.leserviceweb.com\/wp-content\/uploads\/2024\/05\/LAC-612447-3518646124471-EPS_06-23.png\",\"contentUrl\":\"https:\/\/shop-physiolac-staging-interne.leserviceweb.com\/wp-content\/uploads\/2024\/05\/LAC-612447-3518646124471-EPS_06-23.png\",\"width\":1080,\"height\":1080,\"caption\":\"PHYSIOLAC Lait infantile Bio 1er \u00e2ge\"},{\"@type\":\"BreadcrumbList\",\"@id\":\"https:\/\/shop-physiolac-staging-interne.leserviceweb.com\/nos-produits\/lait-infantile-bio-1er-age-400gr\/#breadcrumb\",\"itemListElement\":[{\"@type\":\"ListItem\",\"position\":1,\"name\":\"Accueil\",\"item\":\"https:\/\/shop-physiolac-staging-interne.leserviceweb.com\/\"},{\"@type\":\"ListItem\",\"position\":2,\"name\":\"Nos Produits\",\"item\":\"https:\/\/shop-physiolac-staging-interne.leserviceweb.com\/nos-produits\/\"},{\"@type\":\"ListItem\",\"position\":3,\"name\":\"Lait infantile Bio 1er \u00e2ge\"}]},{\"@type\":\"WebSite\",\"@id\":\"https:\/\/shop-physiolac-staging-interne.leserviceweb.com\/#website\",\"url\":\"https:\/\/shop-physiolac-staging-interne.leserviceweb.com\/\",\"name\":\"Eshop Physiolac\",\"description\":\"Un site utilisant WordPress\",\"publisher\":{\"@id\":\"https:\/\/shop-physiolac-staging-interne.leserviceweb.com\/#organization\"},\"potentialAction\":[{\"@type\":\"SearchAction\",\"target\":{\"@type\":\"EntryPoint\",\"urlTemplate\":\"https:\/\/shop-physiolac-staging-interne.leserviceweb.com\/?s={search_term_string}\"},\"query-input\":{\"@type\":\"PropertyValueSpecification\",\"valueRequired\":true,\"valueName\":\"search_term_string\"}}],\"inLanguage\":\"en-US\"},{\"@type\":\"Organization\",\"@id\":\"https:\/\/shop-physiolac-staging-interne.leserviceweb.com\/#organization\",\"name\":\"Physiolac\",\"url\":\"https:\/\/shop-physiolac-staging-interne.leserviceweb.com\/\",\"logo\":{\"@type\":\"ImageObject\",\"inLanguage\":\"en-US\",\"@id\":\"https:\/\/shop-physiolac-staging-interne.leserviceweb.com\/#\/schema\/logo\/image\/\",\"url\":\"https:\/\/shop-physiolac-staging-interne.leserviceweb.com\/wp-content\/uploads\/2022\/07\/logo-physiolac-lg.svg\",\"contentUrl\":\"https:\/\/shop-physiolac-staging-interne.leserviceweb.com\/wp-content\/uploads\/2022\/07\/logo-physiolac-lg.svg\",\"width\":\"1024\",\"height\":\"1024\",\"caption\":\"Physiolac\"},\"image\":{\"@id\":\"https:\/\/shop-physiolac-staging-interne.leserviceweb.com\/#\/schema\/logo\/image\/\"},\"sameAs\":[\"https:\/\/www.facebook.com\/physiolac.official\",\"https:\/\/www.instagram.com\/physiolac\/\"]}]}<\/script>\n<!-- \/ Yoast SEO plugin. -->","yoast_head_json":{"title":"Lait 1er \u00e2ge Bio Relais allaitement - Fabriqu\u00e9 en France | Physiolac","description":"D\u00e9couvrez le Lait infantile \u00e9cr\u00e9m\u00e9 Bio 100% Fran\u00e7ais d\u00e8s la naissance 0-6 mois ou lait en relais de l'allaitement. Sans huile de palme. Abonnement lait | Laboratoires Physiolac","robots":{"index":"noindex","follow":"follow","max-snippet":"max-snippet:-1","max-image-preview":"max-image-preview:large","max-video-preview":"max-video-preview:-1"},"og_locale":"en_US","og_type":"article","og_title":"Lait 1er \u00e2ge Bio Relais allaitement - Fabriqu\u00e9 en France | Physiolac","og_description":"D\u00e9couvrez le Lait infantile \u00e9cr\u00e9m\u00e9 Bio 100% Fran\u00e7ais d\u00e8s la naissance 0-6 mois ou lait en relais de l'allaitement. Sans huile de palme. Abonnement lait | Laboratoires Physiolac","og_url":"https:\/\/shop-physiolac-staging-interne.leserviceweb.com\/nos-produits\/lait-infantile-bio-1er-age-400gr\/","og_site_name":"Eshop Physiolac","article_publisher":"https:\/\/www.facebook.com\/physiolac.official","article_modified_time":"2024-10-27T09:15:42+00:00","og_image":[{"width":1024,"height":1024,"url":"https:\/\/shop-physiolac-staging-interne.leserviceweb.com\/wp-content\/uploads\/2023\/07\/LAC-612447-3518646124471-EPS_06-23-1024x1024.png","type":"image\/png"}],"twitter_card":"summary_large_image","twitter_title":"Lait Infantile Bio 1er \u00e2ge - Kit d'essai - Fabriqu\u00e9 en Vend\u00e9e | Acheter en ligne | Physiolac","twitter_description":"Lait infantile Bio pour le biberon de b\u00e9b\u00e9 0-6 mois. Lait Bio en poudre pour nourrissons de 0 \u00e0 6 mois. Kit d'essai. Fabriqu\u00e9 en France | Physiolac","twitter_image":"https:\/\/shop-physiolac-staging-interne.leserviceweb.com\/wp-content\/uploads\/2023\/07\/LAC-612447-3518646124471-EPS_06-23.png","twitter_misc":{"Est. reading time":"2 minutes"},"schema":{"@context":"https:\/\/schema.org","@graph":[{"@type":"WebPage","@id":"https:\/\/shop-physiolac-staging-interne.leserviceweb.com\/nos-produits\/lait-infantile-bio-1er-age-400gr\/","url":"https:\/\/shop-physiolac-staging-interne.leserviceweb.com\/nos-produits\/lait-infantile-bio-1er-age-400gr\/","name":"Lait 1er \u00e2ge Bio Relais allaitement - Fabriqu\u00e9 en France | Physiolac","isPartOf":{"@id":"https:\/\/shop-physiolac-staging-interne.leserviceweb.com\/#website"},"primaryImageOfPage":{"@id":"https:\/\/shop-physiolac-staging-interne.leserviceweb.com\/nos-produits\/lait-infantile-bio-1er-age-400gr\/#primaryimage"},"image":{"@id":"https:\/\/shop-physiolac-staging-interne.leserviceweb.com\/nos-produits\/lait-infantile-bio-1er-age-400gr\/#primaryimage"},"thumbnailUrl":"https:\/\/shop-physiolac-staging-interne.leserviceweb.com\/wp-content\/uploads\/2024\/05\/LAC-612447-3518646124471-EPS_06-23.png","datePublished":"2023-07-04T14:10:12+00:00","dateModified":"2024-10-27T09:15:42+00:00","description":"D\u00e9couvrez le Lait infantile \u00e9cr\u00e9m\u00e9 Bio 100% Fran\u00e7ais d\u00e8s la naissance 0-6 mois ou lait en relais de l'allaitement. Sans huile de palme. Abonnement lait | Laboratoires Physiolac","breadcrumb":{"@id":"https:\/\/shop-physiolac-staging-interne.leserviceweb.com\/nos-produits\/lait-infantile-bio-1er-age-400gr\/#breadcrumb"},"inLanguage":"en-US","potentialAction":[{"@type":"ReadAction","target":["https:\/\/shop-physiolac-staging-interne.leserviceweb.com\/nos-produits\/lait-infantile-bio-1er-age-400gr\/"]}]},{"@type":"ImageObject","inLanguage":"en-US","@id":"https:\/\/shop-physiolac-staging-interne.leserviceweb.com\/nos-produits\/lait-infantile-bio-1er-age-400gr\/#primaryimage","url":"https:\/\/shop-physiolac-staging-interne.leserviceweb.com\/wp-content\/uploads\/2024\/05\/LAC-612447-3518646124471-EPS_06-23.png","contentUrl":"https:\/\/shop-physiolac-staging-interne.leserviceweb.com\/wp-content\/uploads\/2024\/05\/LAC-612447-3518646124471-EPS_06-23.png","width":1080,"height":1080,"caption":"PHYSIOLAC Lait infantile Bio 1er \u00e2ge"},{"@type":"BreadcrumbList","@id":"https:\/\/shop-physiolac-staging-interne.leserviceweb.com\/nos-produits\/lait-infantile-bio-1er-age-400gr\/#breadcrumb","itemListElement":[{"@type":"ListItem","position":1,"name":"Accueil","item":"https:\/\/shop-physiolac-staging-interne.leserviceweb.com\/"},{"@type":"ListItem","position":2,"name":"Nos Produits","item":"https:\/\/shop-physiolac-staging-interne.leserviceweb.com\/nos-produits\/"},{"@type":"ListItem","position":3,"name":"Lait infantile Bio 1er \u00e2ge"}]},{"@type":"WebSite","@id":"https:\/\/shop-physiolac-staging-interne.leserviceweb.com\/#website","url":"https:\/\/shop-physiolac-staging-interne.leserviceweb.com\/","name":"Eshop Physiolac","description":"Un site utilisant WordPress","publisher":{"@id":"https:\/\/shop-physiolac-staging-interne.leserviceweb.com\/#organization"},"potentialAction":[{"@type":"SearchAction","target":{"@type":"EntryPoint","urlTemplate":"https:\/\/shop-physiolac-staging-interne.leserviceweb.com\/?s={search_term_string}"},"query-input":{"@type":"PropertyValueSpecification","valueRequired":true,"valueName":"search_term_string"}}],"inLanguage":"en-US"},{"@type":"Organization","@id":"https:\/\/shop-physiolac-staging-interne.leserviceweb.com\/#organization","name":"Physiolac","url":"https:\/\/shop-physiolac-staging-interne.leserviceweb.com\/","logo":{"@type":"ImageObject","inLanguage":"en-US","@id":"https:\/\/shop-physiolac-staging-interne.leserviceweb.com\/#\/schema\/logo\/image\/","url":"https:\/\/shop-physiolac-staging-interne.leserviceweb.com\/wp-content\/uploads\/2022\/07\/logo-physiolac-lg.svg","contentUrl":"https:\/\/shop-physiolac-staging-interne.leserviceweb.com\/wp-content\/uploads\/2022\/07\/logo-physiolac-lg.svg","width":"1024","height":"1024","caption":"Physiolac"},"image":{"@id":"https:\/\/shop-physiolac-staging-interne.leserviceweb.com\/#\/schema\/logo\/image\/"},"sameAs":["https:\/\/www.facebook.com\/physiolac.official","https:\/\/www.instagram.com\/physiolac\/"]}]}},"_links":{"self":[{"href":"https:\/\/shop-physiolac-staging-interne.leserviceweb.com\/en\/wp-json\/wp\/v2\/product\/114989","targetHints":{"allow":["GET"]}}],"collection":[{"href":"https:\/\/shop-physiolac-staging-interne.leserviceweb.com\/en\/wp-json\/wp\/v2\/product"}],"about":[{"href":"https:\/\/shop-physiolac-staging-interne.leserviceweb.com\/en\/wp-json\/wp\/v2\/types\/product"}],"wp:featuredmedia":[{"embeddable":true,"href":"https:\/\/shop-physiolac-staging-interne.leserviceweb.com\/en\/wp-json\/wp\/v2\/media\/118056"}],"wp:attachment":[{"href":"https:\/\/shop-physiolac-staging-interne.leserviceweb.com\/en\/wp-json\/wp\/v2\/media?parent=114989"}],"wp:term":[{"taxonomy":"product_brand","embeddable":true,"href":"https:\/\/shop-physiolac-staging-interne.leserviceweb.com\/en\/wp-json\/wp\/v2\/product_brand?post=114989"},{"taxonomy":"product_cat","embeddable":true,"href":"https:\/\/shop-physiolac-staging-interne.leserviceweb.com\/en\/wp-json\/wp\/v2\/product_cat?post=114989"},{"taxonomy":"product_tag","embeddable":true,"href":"https:\/\/shop-physiolac-staging-interne.leserviceweb.com\/en\/wp-json\/wp\/v2\/product_tag?post=114989"}],"curies":[{"name":"wp","href":"https:\/\/api.w.org\/{rel}","templated":true}]}}