{"id":1064,"date":"2022-07-13T15:38:48","date_gmt":"2022-07-13T13:38:48","guid":{"rendered":"https:\/\/shop-physiolac-staging-interne.leserviceweb.com\/nos-produits\/cereales-bebe-fruits-bio\/"},"modified":"2024-10-29T20:44:42","modified_gmt":"2024-10-29T19:44:42","slug":"cereales-bebe-fruits-bio","status":"publish","type":"product","link":"https:\/\/shop-physiolac-staging-interne.leserviceweb.com\/en\/nos-produits\/cereales-bebe-fruits-bio\/","title":{"rendered":"C\u00e9r\u00e9ales B\u00e9b\u00e9 Fruits Bio"},"content":{"rendered":"<p>Les <strong>c\u00e9r\u00e9ales infantiles Physiolac Bio Fruits&nbsp;<\/strong>sont destin\u00e9es aux enfants de <strong>6 mois et plus<\/strong> pour une premi\u00e8re \u00e9tape de la diversification alimentaire r\u00e9ussie, dans le respect de l\u2019environnement, conform\u00e9ment aux r\u00e8gles de l&#8217;agriculture biologique.<\/p>\n<p>Compos\u00e9es d\u2019un<strong> trio de c\u00e9r\u00e9ales issues de l\u2019agriculture biologique<\/strong>&nbsp;(bl\u00e9, riz, avoine), elles vous accompagnent pour un repas ou un <strong>go\u00fbter \u00e9quilibr\u00e9<\/strong>. Elles sont <strong>sans sucres ajout\u00e9es*<\/strong> et permettent l\u2019introduction du gluten en douceur.&nbsp;<\/p>\n<p>Physiolac a s\u00e9lectionn\u00e9 la <strong>banane, la pomme et la poire<\/strong> pour une saveur fruit\u00e9 appr\u00e9ci\u00e9e des enfants. Ces c\u00e9r\u00e9ales aux fruits peuvent aider lorsque b\u00e9b\u00e9 refuse son biberon de lait nature, pour lui faire d\u00e9couvrir de <strong>nouvelles saveurs<\/strong>, \u00e9veiller sa curiosit\u00e9 et \u00e9duquer ses papilles.<\/p>\n<p>Les c\u00e9r\u00e9ales doivent \u00eatre utilis\u00e9es en compl\u00e9ment du lait infantile, qui reste l\u2019\u00e9l\u00e9ment central de l\u2019alimentation de l\u2019enfant.<br \/>\nInstantan\u00e9es, elles se reconstituent facilement dans un biberon ou dans un bol en bouillie avec du lait maternel exprim\u00e9 ou du lait infantile correspondant \u00e0 l\u2019\u00e2ge de l\u2019enfant.<\/p>\n<p>Elles sont sans conservateurs et sans colorants,&nbsp;conform\u00e9ment \u00e0 la r\u00e9glementation en vigueur sur le mode de production biologique et la r\u00e9glementation des aliments de l&#8217;enfance.<\/p>\n<p>Les c\u00e9r\u00e9ales infantiles Physiolac Bio Fruits peuvent \u00eatre utilis\u00e9es sur conseil de votre pharmacien ou de votre m\u00e9decin d\u00e8s 6 mois. Ce produit doit \u00eatre utilis\u00e9 en compl\u00e9ment et n&#8217;est pas destin\u00e9 \u00e0 remplacer le lait maternel.<\/p>\n<p>*Contient des sucres naturellement pr\u00e9sents.<\/p>\n<p>**Conform\u00e9ment \u00e0 la r\u00e9glementation en vigueur sur l\u2019alimentation infantile.<\/p>\n","protected":false},"excerpt":{"rendered":"<p>Les c\u00e9r\u00e9ales infantiles Physiolac Bio Fruits sont la premi\u00e8re \u00e9tape de la diversification alimentaire de b\u00e9b\u00e9. Sans sucres ajout\u00e9s* et au bon go\u00fbt de fruits, elles s\u2019ajoutent au lait maternel exprim\u00e9 ou au lait infantile correspondant \u00e0 l\u2019\u00e2ge de l\u2019enfant.<\/p>\n","protected":false},"featured_media":118076,"template":"","meta":{"_acf_changed":false,"inline_featured_image":false},"product_brand":[],"product_cat":[25],"product_tag":[],"class_list":{"0":"post-1064","1":"product","2":"type-product","3":"status-publish","4":"has-post-thumbnail","6":"product_cat-cereales-bebe","8":"first","9":"instock","10":"taxable","11":"shipping-taxable","12":"purchasable","13":"product-type-simple"},"bundled_by":[],"bundle_stock_status":"instock","bundle_stock_quantity":62,"bundle_virtual":false,"bundle_layout":"","bundle_add_to_cart_form_location":"","bundle_editable_in_cart":false,"bundle_sold_individually_context":"","bundle_item_grouping":"","bundle_min_size":"","bundle_max_size":"","bundle_price":[],"bundled_items":[],"bundle_sell_ids":[],"acf":[],"yoast_head":"<!-- This site is optimized with the Yoast SEO plugin v25.2 - https:\/\/yoast.com\/wordpress\/plugins\/seo\/ -->\n<title>C\u00e9r\u00e9ales B\u00e9b\u00e9 Fruits Bio - D\u00e8s 6 mois | Physiolac<\/title>\n<meta name=\"description\" content=\"D\u00e9couvrez les C\u00e9r\u00e9ales b\u00e9b\u00e9 Bio fruits d\u00e8s 6 mois. Bl\u00e9, riz, avoine. Sans sucres ajout\u00e9s. C\u00e9r\u00e9ales pour \u00e9paissir le biberon de lait des b\u00e9b\u00e9s ou apporter du go\u00fbt.\" \/>\n<meta name=\"robots\" content=\"noindex, follow, max-snippet:-1, max-image-preview:large, max-video-preview:-1\" \/>\n<meta property=\"og:locale\" content=\"en_US\" \/>\n<meta property=\"og:type\" content=\"article\" \/>\n<meta property=\"og:title\" content=\"C\u00e9r\u00e9ales B\u00e9b\u00e9 Fruits Bio - D\u00e8s 6 mois | Physiolac\" \/>\n<meta property=\"og:description\" content=\"D\u00e9couvrez les C\u00e9r\u00e9ales b\u00e9b\u00e9 Bio fruits d\u00e8s 6 mois. Bl\u00e9, riz, avoine. Sans sucres ajout\u00e9s. C\u00e9r\u00e9ales pour \u00e9paissir le biberon de lait des b\u00e9b\u00e9s ou apporter du go\u00fbt.\" \/>\n<meta property=\"og:url\" content=\"https:\/\/shop-physiolac-staging-interne.leserviceweb.com\/nos-produits\/cereales-bebe-fruits-bio\/\" \/>\n<meta property=\"og:site_name\" content=\"Eshop Physiolac\" \/>\n<meta property=\"article:publisher\" content=\"https:\/\/www.facebook.com\/physiolac.official\" \/>\n<meta property=\"article:modified_time\" content=\"2024-10-29T19:44:42+00:00\" \/>\n<meta property=\"og:image\" content=\"https:\/\/shop-physiolac-staging-interne.leserviceweb.com\/wp-content\/uploads\/2022\/07\/LAC-612451-3518646124518-ES_05-2023-1024x1024.png\" \/>\n\t<meta property=\"og:image:width\" content=\"1024\" \/>\n\t<meta property=\"og:image:height\" content=\"1024\" \/>\n\t<meta property=\"og:image:type\" content=\"image\/png\" \/>\n<meta name=\"twitter:card\" content=\"summary_large_image\" \/>\n<meta name=\"twitter:title\" content=\"C\u00e9r\u00e9ales B\u00e9b\u00e9 Fruits Bio - D\u00e8s 6 mois | Acheter en ligne | Physiolac\" \/>\n<meta name=\"twitter:description\" content=\"C\u00e9r\u00e9ales b\u00e9b\u00e9 Bio fruits d\u00e8s 6 mois. Bl\u00e9, riz, avoine. Sans sucres ajout\u00e9s. C\u00e9r\u00e9ales pour \u00e9paissir le biberon de lait des b\u00e9b\u00e9s ou apporter du go\u00fbt.\" \/>\n<meta name=\"twitter:label1\" content=\"Est. reading time\" \/>\n\t<meta name=\"twitter:data1\" content=\"2 minutes\" \/>\n<script type=\"application\/ld+json\" class=\"yoast-schema-graph\">{\"@context\":\"https:\/\/schema.org\",\"@graph\":[{\"@type\":\"WebPage\",\"@id\":\"https:\/\/shop-physiolac-staging-interne.leserviceweb.com\/nos-produits\/cereales-bebe-fruits-bio\/\",\"url\":\"https:\/\/shop-physiolac-staging-interne.leserviceweb.com\/nos-produits\/cereales-bebe-fruits-bio\/\",\"name\":\"C\u00e9r\u00e9ales B\u00e9b\u00e9 Fruits Bio - D\u00e8s 6 mois | Physiolac\",\"isPartOf\":{\"@id\":\"https:\/\/shop-physiolac-staging-interne.leserviceweb.com\/#website\"},\"primaryImageOfPage\":{\"@id\":\"https:\/\/shop-physiolac-staging-interne.leserviceweb.com\/nos-produits\/cereales-bebe-fruits-bio\/#primaryimage\"},\"image\":{\"@id\":\"https:\/\/shop-physiolac-staging-interne.leserviceweb.com\/nos-produits\/cereales-bebe-fruits-bio\/#primaryimage\"},\"thumbnailUrl\":\"https:\/\/shop-physiolac-staging-interne.leserviceweb.com\/wp-content\/uploads\/2024\/05\/LAC-612451-3518646124518-ES_05-2023.png\",\"datePublished\":\"2022-07-13T13:38:48+00:00\",\"dateModified\":\"2024-10-29T19:44:42+00:00\",\"description\":\"D\u00e9couvrez les C\u00e9r\u00e9ales b\u00e9b\u00e9 Bio fruits d\u00e8s 6 mois. Bl\u00e9, riz, avoine. Sans sucres ajout\u00e9s. C\u00e9r\u00e9ales pour \u00e9paissir le biberon de lait des b\u00e9b\u00e9s ou apporter du go\u00fbt.\",\"breadcrumb\":{\"@id\":\"https:\/\/shop-physiolac-staging-interne.leserviceweb.com\/nos-produits\/cereales-bebe-fruits-bio\/#breadcrumb\"},\"inLanguage\":\"en-US\",\"potentialAction\":[{\"@type\":\"ReadAction\",\"target\":[\"https:\/\/shop-physiolac-staging-interne.leserviceweb.com\/nos-produits\/cereales-bebe-fruits-bio\/\"]}]},{\"@type\":\"ImageObject\",\"inLanguage\":\"en-US\",\"@id\":\"https:\/\/shop-physiolac-staging-interne.leserviceweb.com\/nos-produits\/cereales-bebe-fruits-bio\/#primaryimage\",\"url\":\"https:\/\/shop-physiolac-staging-interne.leserviceweb.com\/wp-content\/uploads\/2024\/05\/LAC-612451-3518646124518-ES_05-2023.png\",\"contentUrl\":\"https:\/\/shop-physiolac-staging-interne.leserviceweb.com\/wp-content\/uploads\/2024\/05\/LAC-612451-3518646124518-ES_05-2023.png\",\"width\":1080,\"height\":1080,\"caption\":\"PHYSIOLAC C\u00e9r\u00e9ales B\u00e9b\u00e9 Fruits Bio\"},{\"@type\":\"BreadcrumbList\",\"@id\":\"https:\/\/shop-physiolac-staging-interne.leserviceweb.com\/nos-produits\/cereales-bebe-fruits-bio\/#breadcrumb\",\"itemListElement\":[{\"@type\":\"ListItem\",\"position\":1,\"name\":\"Accueil\",\"item\":\"https:\/\/shop-physiolac-staging-interne.leserviceweb.com\/\"},{\"@type\":\"ListItem\",\"position\":2,\"name\":\"Nos Produits\",\"item\":\"https:\/\/shop-physiolac-staging-interne.leserviceweb.com\/nos-produits\/\"},{\"@type\":\"ListItem\",\"position\":3,\"name\":\"C\u00e9r\u00e9ales B\u00e9b\u00e9 Fruits Bio\"}]},{\"@type\":\"WebSite\",\"@id\":\"https:\/\/shop-physiolac-staging-interne.leserviceweb.com\/#website\",\"url\":\"https:\/\/shop-physiolac-staging-interne.leserviceweb.com\/\",\"name\":\"Eshop Physiolac\",\"description\":\"Un site utilisant WordPress\",\"publisher\":{\"@id\":\"https:\/\/shop-physiolac-staging-interne.leserviceweb.com\/#organization\"},\"potentialAction\":[{\"@type\":\"SearchAction\",\"target\":{\"@type\":\"EntryPoint\",\"urlTemplate\":\"https:\/\/shop-physiolac-staging-interne.leserviceweb.com\/?s={search_term_string}\"},\"query-input\":{\"@type\":\"PropertyValueSpecification\",\"valueRequired\":true,\"valueName\":\"search_term_string\"}}],\"inLanguage\":\"en-US\"},{\"@type\":\"Organization\",\"@id\":\"https:\/\/shop-physiolac-staging-interne.leserviceweb.com\/#organization\",\"name\":\"Physiolac\",\"url\":\"https:\/\/shop-physiolac-staging-interne.leserviceweb.com\/\",\"logo\":{\"@type\":\"ImageObject\",\"inLanguage\":\"en-US\",\"@id\":\"https:\/\/shop-physiolac-staging-interne.leserviceweb.com\/#\/schema\/logo\/image\/\",\"url\":\"https:\/\/shop-physiolac-staging-interne.leserviceweb.com\/wp-content\/uploads\/2022\/07\/logo-physiolac-lg.svg\",\"contentUrl\":\"https:\/\/shop-physiolac-staging-interne.leserviceweb.com\/wp-content\/uploads\/2022\/07\/logo-physiolac-lg.svg\",\"width\":\"1024\",\"height\":\"1024\",\"caption\":\"Physiolac\"},\"image\":{\"@id\":\"https:\/\/shop-physiolac-staging-interne.leserviceweb.com\/#\/schema\/logo\/image\/\"},\"sameAs\":[\"https:\/\/www.facebook.com\/physiolac.official\",\"https:\/\/www.instagram.com\/physiolac\/\"]}]}<\/script>\n<!-- \/ Yoast SEO plugin. -->","yoast_head_json":{"title":"C\u00e9r\u00e9ales B\u00e9b\u00e9 Fruits Bio - D\u00e8s 6 mois | Physiolac","description":"D\u00e9couvrez les C\u00e9r\u00e9ales b\u00e9b\u00e9 Bio fruits d\u00e8s 6 mois. Bl\u00e9, riz, avoine. Sans sucres ajout\u00e9s. C\u00e9r\u00e9ales pour \u00e9paissir le biberon de lait des b\u00e9b\u00e9s ou apporter du go\u00fbt.","robots":{"index":"noindex","follow":"follow","max-snippet":"max-snippet:-1","max-image-preview":"max-image-preview:large","max-video-preview":"max-video-preview:-1"},"og_locale":"en_US","og_type":"article","og_title":"C\u00e9r\u00e9ales B\u00e9b\u00e9 Fruits Bio - D\u00e8s 6 mois | Physiolac","og_description":"D\u00e9couvrez les C\u00e9r\u00e9ales b\u00e9b\u00e9 Bio fruits d\u00e8s 6 mois. Bl\u00e9, riz, avoine. Sans sucres ajout\u00e9s. C\u00e9r\u00e9ales pour \u00e9paissir le biberon de lait des b\u00e9b\u00e9s ou apporter du go\u00fbt.","og_url":"https:\/\/shop-physiolac-staging-interne.leserviceweb.com\/nos-produits\/cereales-bebe-fruits-bio\/","og_site_name":"Eshop Physiolac","article_publisher":"https:\/\/www.facebook.com\/physiolac.official","article_modified_time":"2024-10-29T19:44:42+00:00","og_image":[{"width":1024,"height":1024,"url":"https:\/\/shop-physiolac-staging-interne.leserviceweb.com\/wp-content\/uploads\/2022\/07\/LAC-612451-3518646124518-ES_05-2023-1024x1024.png","type":"image\/png"}],"twitter_card":"summary_large_image","twitter_title":"C\u00e9r\u00e9ales B\u00e9b\u00e9 Fruits Bio - D\u00e8s 6 mois | Acheter en ligne | Physiolac","twitter_description":"C\u00e9r\u00e9ales b\u00e9b\u00e9 Bio fruits d\u00e8s 6 mois. Bl\u00e9, riz, avoine. Sans sucres ajout\u00e9s. C\u00e9r\u00e9ales pour \u00e9paissir le biberon de lait des b\u00e9b\u00e9s ou apporter du go\u00fbt.","twitter_misc":{"Est. reading time":"2 minutes"},"schema":{"@context":"https:\/\/schema.org","@graph":[{"@type":"WebPage","@id":"https:\/\/shop-physiolac-staging-interne.leserviceweb.com\/nos-produits\/cereales-bebe-fruits-bio\/","url":"https:\/\/shop-physiolac-staging-interne.leserviceweb.com\/nos-produits\/cereales-bebe-fruits-bio\/","name":"C\u00e9r\u00e9ales B\u00e9b\u00e9 Fruits Bio - D\u00e8s 6 mois | Physiolac","isPartOf":{"@id":"https:\/\/shop-physiolac-staging-interne.leserviceweb.com\/#website"},"primaryImageOfPage":{"@id":"https:\/\/shop-physiolac-staging-interne.leserviceweb.com\/nos-produits\/cereales-bebe-fruits-bio\/#primaryimage"},"image":{"@id":"https:\/\/shop-physiolac-staging-interne.leserviceweb.com\/nos-produits\/cereales-bebe-fruits-bio\/#primaryimage"},"thumbnailUrl":"https:\/\/shop-physiolac-staging-interne.leserviceweb.com\/wp-content\/uploads\/2024\/05\/LAC-612451-3518646124518-ES_05-2023.png","datePublished":"2022-07-13T13:38:48+00:00","dateModified":"2024-10-29T19:44:42+00:00","description":"D\u00e9couvrez les C\u00e9r\u00e9ales b\u00e9b\u00e9 Bio fruits d\u00e8s 6 mois. Bl\u00e9, riz, avoine. Sans sucres ajout\u00e9s. C\u00e9r\u00e9ales pour \u00e9paissir le biberon de lait des b\u00e9b\u00e9s ou apporter du go\u00fbt.","breadcrumb":{"@id":"https:\/\/shop-physiolac-staging-interne.leserviceweb.com\/nos-produits\/cereales-bebe-fruits-bio\/#breadcrumb"},"inLanguage":"en-US","potentialAction":[{"@type":"ReadAction","target":["https:\/\/shop-physiolac-staging-interne.leserviceweb.com\/nos-produits\/cereales-bebe-fruits-bio\/"]}]},{"@type":"ImageObject","inLanguage":"en-US","@id":"https:\/\/shop-physiolac-staging-interne.leserviceweb.com\/nos-produits\/cereales-bebe-fruits-bio\/#primaryimage","url":"https:\/\/shop-physiolac-staging-interne.leserviceweb.com\/wp-content\/uploads\/2024\/05\/LAC-612451-3518646124518-ES_05-2023.png","contentUrl":"https:\/\/shop-physiolac-staging-interne.leserviceweb.com\/wp-content\/uploads\/2024\/05\/LAC-612451-3518646124518-ES_05-2023.png","width":1080,"height":1080,"caption":"PHYSIOLAC C\u00e9r\u00e9ales B\u00e9b\u00e9 Fruits Bio"},{"@type":"BreadcrumbList","@id":"https:\/\/shop-physiolac-staging-interne.leserviceweb.com\/nos-produits\/cereales-bebe-fruits-bio\/#breadcrumb","itemListElement":[{"@type":"ListItem","position":1,"name":"Accueil","item":"https:\/\/shop-physiolac-staging-interne.leserviceweb.com\/"},{"@type":"ListItem","position":2,"name":"Nos Produits","item":"https:\/\/shop-physiolac-staging-interne.leserviceweb.com\/nos-produits\/"},{"@type":"ListItem","position":3,"name":"C\u00e9r\u00e9ales B\u00e9b\u00e9 Fruits Bio"}]},{"@type":"WebSite","@id":"https:\/\/shop-physiolac-staging-interne.leserviceweb.com\/#website","url":"https:\/\/shop-physiolac-staging-interne.leserviceweb.com\/","name":"Eshop Physiolac","description":"Un site utilisant WordPress","publisher":{"@id":"https:\/\/shop-physiolac-staging-interne.leserviceweb.com\/#organization"},"potentialAction":[{"@type":"SearchAction","target":{"@type":"EntryPoint","urlTemplate":"https:\/\/shop-physiolac-staging-interne.leserviceweb.com\/?s={search_term_string}"},"query-input":{"@type":"PropertyValueSpecification","valueRequired":true,"valueName":"search_term_string"}}],"inLanguage":"en-US"},{"@type":"Organization","@id":"https:\/\/shop-physiolac-staging-interne.leserviceweb.com\/#organization","name":"Physiolac","url":"https:\/\/shop-physiolac-staging-interne.leserviceweb.com\/","logo":{"@type":"ImageObject","inLanguage":"en-US","@id":"https:\/\/shop-physiolac-staging-interne.leserviceweb.com\/#\/schema\/logo\/image\/","url":"https:\/\/shop-physiolac-staging-interne.leserviceweb.com\/wp-content\/uploads\/2022\/07\/logo-physiolac-lg.svg","contentUrl":"https:\/\/shop-physiolac-staging-interne.leserviceweb.com\/wp-content\/uploads\/2022\/07\/logo-physiolac-lg.svg","width":"1024","height":"1024","caption":"Physiolac"},"image":{"@id":"https:\/\/shop-physiolac-staging-interne.leserviceweb.com\/#\/schema\/logo\/image\/"},"sameAs":["https:\/\/www.facebook.com\/physiolac.official","https:\/\/www.instagram.com\/physiolac\/"]}]}},"_links":{"self":[{"href":"https:\/\/shop-physiolac-staging-interne.leserviceweb.com\/en\/wp-json\/wp\/v2\/product\/1064","targetHints":{"allow":["GET"]}}],"collection":[{"href":"https:\/\/shop-physiolac-staging-interne.leserviceweb.com\/en\/wp-json\/wp\/v2\/product"}],"about":[{"href":"https:\/\/shop-physiolac-staging-interne.leserviceweb.com\/en\/wp-json\/wp\/v2\/types\/product"}],"wp:featuredmedia":[{"embeddable":true,"href":"https:\/\/shop-physiolac-staging-interne.leserviceweb.com\/en\/wp-json\/wp\/v2\/media\/118076"}],"wp:attachment":[{"href":"https:\/\/shop-physiolac-staging-interne.leserviceweb.com\/en\/wp-json\/wp\/v2\/media?parent=1064"}],"wp:term":[{"taxonomy":"product_brand","embeddable":true,"href":"https:\/\/shop-physiolac-staging-interne.leserviceweb.com\/en\/wp-json\/wp\/v2\/product_brand?post=1064"},{"taxonomy":"product_cat","embeddable":true,"href":"https:\/\/shop-physiolac-staging-interne.leserviceweb.com\/en\/wp-json\/wp\/v2\/product_cat?post=1064"},{"taxonomy":"product_tag","embeddable":true,"href":"https:\/\/shop-physiolac-staging-interne.leserviceweb.com\/en\/wp-json\/wp\/v2\/product_tag?post=1064"}],"curies":[{"name":"wp","href":"https:\/\/api.w.org\/{rel}","templated":true}]}}