{"id":1062,"date":"2022-07-13T15:38:09","date_gmt":"2022-07-13T13:38:09","guid":{"rendered":"https:\/\/shop-physiolac-staging-interne.leserviceweb.com\/nos-produits\/lait-infantile-bio-2eme-age\/"},"modified":"2025-03-20T09:30:39","modified_gmt":"2025-03-20T08:30:39","slug":"lait-infantile-bio-2eme-age","status":"publish","type":"product","link":"https:\/\/shop-physiolac-staging-interne.leserviceweb.com\/en\/nos-produits\/lait-infantile-bio-2eme-age\/","title":{"rendered":"Lait infantile Bio 2\u00e8me \u00e2ge"},"content":{"rendered":"<p>Lait de suite biologique en poudre pour nourrissons de 6 \u00e0 12 mois.<\/p>\n<p>Les Laboratoires Physiolac proposent des laits :<br \/>\n\u2022 sp\u00e9cialement d\u00e9velopp\u00e9s et valid\u00e9s par des experts en nutrition infantile,<br \/>\n\u2022 r\u00e9pondant aux besoins nutritionnels sp\u00e9cifiques des b\u00e9b\u00e9s*,<br \/>\n\u2022 avec un <strong>lait \u00e9cr\u00e9m\u00e9 100% fran\u00e7ais<\/strong>,&nbsp;<br \/>\n\u2022 fabriqu\u00e9s en France.<\/p>\n<p>Physiolac Bio 2, formul\u00e9<strong> sans huile de palme <\/strong>et <strong>certifi\u00e9 agriculture biologique<\/strong>,<strong>&nbsp;<\/strong>contient notamment :<br \/>\n\u2022 du DHA* (om\u00e9ga 3),&nbsp;<br \/>\n\u2022 de la <strong>cr\u00e8me de lait Bio<\/strong>,&nbsp;<br \/>\n\u2022 des <strong>fibres Bio<\/strong>&nbsp;GOS et FOS,&nbsp;<br \/>\n\u2022 du bisglycinate de fer assimilable,&nbsp;<br \/>\n\u2022 du fer, du zinc et de la vitamine C pour contribuer au maintien du <strong>bon fonctionnement du syst\u00e8me immunitaire<\/strong>,&nbsp;<br \/>\n\u2022 de la <strong>vitamine D<\/strong> et du calcium pour le maintien d\u2019un bon d\u00e9veloppement osseux.<\/p>\n<p>Le lait Physiolac Bio est fabriqu\u00e9 en Vend\u00e9e par la Laiterie de Montaigu, avec du lait \u00e9cr\u00e9m\u00e9 100% fran\u00e7ais. Le lait Bio utilis\u00e9 dans nos formules est collect\u00e9 aupr\u00e8s des \u00e9leveurs Biolait, engag\u00e9s en faveur du bien-\u00eatre animal conform\u00e9ment aux r\u00e8gles de l\u2019agriculture biologique.<\/p>\n<p><span style=\"font-size:12px\">*Comme l&#8217;exige la l\u00e9gislation pour toutes les pr\u00e9parations de suite.<\/span><\/p>\n<p><strong>Avis important : Le lait maternel est le meilleur aliment pour le nourrisson. En accord avec votre pharmacien ou votre m\u00e9decin, Physiolac Bio 2 peut s\u2019y substituer ou le compl\u00e9ter si vous ne pouvez pas ou ne souhaitez pas allaiter. Physiolac Bio 2 r\u00e9pond aux besoins nutritionnels sp\u00e9cifiques du nourrisson \u00e0 partir de 6 mois. Ne changez pas ce lait de suite sans l\u2019avis de votre pharmacien ou de votre m\u00e9decin. Ce produit est un \u00e9l\u00e9ment d\u2019une alimentation diversifi\u00e9e des nourrissons \u00e0 partir de 6 mois et ne peut remplacer le lait maternel pendant les 6 premiers mois de la vie. La d\u00e9cision d\u2019introduire des aliments compl\u00e9mentaires doit \u00eatre prise sur l\u2019avis des professionnels de sant\u00e9.<\/strong><\/p>\n","protected":false},"excerpt":{"rendered":"<p>Physiolac Bio 2 est un lait infantile en poudre pour b\u00e9b\u00e9s destin\u00e9 \u00e0 l\u2019alimentation du nourrisson d\u00e8s 6 mois et jusqu\u2019\u00e0 12 mois. Il est formul\u00e9 avec de la cr\u00e8me de lait Bio et sans huile de palme. Le lait Bio Physiolac est fabriqu\u00e9 en France et collect\u00e9 dans les \u00e9levages Bio de la coop\u00e9rative Biolait.<\/p>\n","protected":false},"featured_media":118068,"template":"","meta":{"_acf_changed":false,"inline_featured_image":false},"product_brand":[],"product_cat":[27],"product_tag":[],"class_list":{"0":"post-1062","1":"product","2":"type-product","3":"status-publish","4":"has-post-thumbnail","6":"product_cat-lait-infantile-bio","8":"first","9":"instock","10":"taxable","11":"shipping-taxable","12":"purchasable","13":"product-type-simple"},"bundled_by":["1074"],"bundle_stock_status":"instock","bundle_stock_quantity":204,"bundle_virtual":false,"bundle_layout":"","bundle_add_to_cart_form_location":"","bundle_editable_in_cart":false,"bundle_sold_individually_context":"","bundle_item_grouping":"","bundle_min_size":"","bundle_max_size":"","bundle_price":[],"bundled_items":[],"bundle_sell_ids":[],"acf":[],"yoast_head":"<!-- This site is optimized with the Yoast SEO plugin v25.2 - https:\/\/yoast.com\/wordpress\/plugins\/seo\/ -->\n<title>Lait Infantile Bio 2\u00e8me \u00e2ge - 6 \u00e0 12 mois - Fabriqu\u00e9 en France | Physiolac<\/title>\n<meta name=\"description\" content=\"D\u00e9couvrez le Lait infantile BIO pour le biberon de b\u00e9b\u00e9 6 \u00e0 12 mois. Lait de suite 2i\u00e8me \u00e2ge. Sans huile de palme. Fabriqu\u00e9 en France\" \/>\n<meta name=\"robots\" content=\"noindex, follow, max-snippet:-1, max-image-preview:large, max-video-preview:-1\" \/>\n<meta property=\"og:locale\" content=\"en_US\" \/>\n<meta property=\"og:type\" content=\"article\" \/>\n<meta property=\"og:title\" content=\"Lait Infantile Bio 2\u00e8me \u00e2ge - 6 \u00e0 12 mois - Fabriqu\u00e9 en France | Physiolac\" \/>\n<meta property=\"og:description\" content=\"D\u00e9couvrez le Lait infantile BIO pour le biberon de b\u00e9b\u00e9 6 \u00e0 12 mois. Lait de suite 2i\u00e8me \u00e2ge. Sans huile de palme. Fabriqu\u00e9 en France\" \/>\n<meta property=\"og:url\" content=\"https:\/\/shop-physiolac-staging-interne.leserviceweb.com\/nos-produits\/lait-infantile-bio-2eme-age\/\" \/>\n<meta property=\"og:site_name\" content=\"Eshop Physiolac\" \/>\n<meta property=\"article:publisher\" content=\"https:\/\/www.facebook.com\/physiolac.official\" \/>\n<meta property=\"article:modified_time\" content=\"2025-03-20T08:30:39+00:00\" \/>\n<meta property=\"og:image\" content=\"https:\/\/shop-physiolac-staging-interne.leserviceweb.com\/wp-content\/uploads\/2023\/10\/LAC-612417-3518646124174-EPS_06-23-2.webp\" \/>\n\t<meta property=\"og:image:width\" content=\"1080\" \/>\n\t<meta property=\"og:image:height\" content=\"1080\" \/>\n\t<meta property=\"og:image:type\" content=\"image\/webp\" \/>\n<meta name=\"twitter:card\" content=\"summary_large_image\" \/>\n<meta name=\"twitter:title\" content=\"Lait Infantile Bio 2\u00e8me \u00e2ge - 6-12 mois - Fabriqu\u00e9 en Vend\u00e9e | Acheter en ligne | Physiolac\" \/>\n<meta name=\"twitter:description\" content=\"Lait infantile BIO pour le biberon de b\u00e9b\u00e9 6-12 mois. Lait de suite 2i\u00e8me \u00e2ge. Sans huile de palme. Fabriqu\u00e9 en France\" \/>\n<meta name=\"twitter:label1\" content=\"Est. reading time\" \/>\n\t<meta name=\"twitter:data1\" content=\"2 minutes\" \/>\n<script type=\"application\/ld+json\" class=\"yoast-schema-graph\">{\"@context\":\"https:\/\/schema.org\",\"@graph\":[{\"@type\":\"WebPage\",\"@id\":\"https:\/\/shop-physiolac-staging-interne.leserviceweb.com\/nos-produits\/lait-infantile-bio-2eme-age\/\",\"url\":\"https:\/\/shop-physiolac-staging-interne.leserviceweb.com\/nos-produits\/lait-infantile-bio-2eme-age\/\",\"name\":\"Lait Infantile Bio 2\u00e8me \u00e2ge - 6 \u00e0 12 mois - Fabriqu\u00e9 en France | Physiolac\",\"isPartOf\":{\"@id\":\"https:\/\/shop-physiolac-staging-interne.leserviceweb.com\/#website\"},\"primaryImageOfPage\":{\"@id\":\"https:\/\/shop-physiolac-staging-interne.leserviceweb.com\/nos-produits\/lait-infantile-bio-2eme-age\/#primaryimage\"},\"image\":{\"@id\":\"https:\/\/shop-physiolac-staging-interne.leserviceweb.com\/nos-produits\/lait-infantile-bio-2eme-age\/#primaryimage\"},\"thumbnailUrl\":\"https:\/\/shop-physiolac-staging-interne.leserviceweb.com\/wp-content\/uploads\/2024\/05\/LAC-612417-3518646124174-EPS_06-23.png\",\"datePublished\":\"2022-07-13T13:38:09+00:00\",\"dateModified\":\"2025-03-20T08:30:39+00:00\",\"description\":\"D\u00e9couvrez le Lait infantile BIO pour le biberon de b\u00e9b\u00e9 6 \u00e0 12 mois. Lait de suite 2i\u00e8me \u00e2ge. Sans huile de palme. Fabriqu\u00e9 en France\",\"breadcrumb\":{\"@id\":\"https:\/\/shop-physiolac-staging-interne.leserviceweb.com\/nos-produits\/lait-infantile-bio-2eme-age\/#breadcrumb\"},\"inLanguage\":\"en-US\",\"potentialAction\":[{\"@type\":\"ReadAction\",\"target\":[\"https:\/\/shop-physiolac-staging-interne.leserviceweb.com\/nos-produits\/lait-infantile-bio-2eme-age\/\"]}]},{\"@type\":\"ImageObject\",\"inLanguage\":\"en-US\",\"@id\":\"https:\/\/shop-physiolac-staging-interne.leserviceweb.com\/nos-produits\/lait-infantile-bio-2eme-age\/#primaryimage\",\"url\":\"https:\/\/shop-physiolac-staging-interne.leserviceweb.com\/wp-content\/uploads\/2024\/05\/LAC-612417-3518646124174-EPS_06-23.png\",\"contentUrl\":\"https:\/\/shop-physiolac-staging-interne.leserviceweb.com\/wp-content\/uploads\/2024\/05\/LAC-612417-3518646124174-EPS_06-23.png\",\"width\":1080,\"height\":1080,\"caption\":\"PHYSIOLAC Lait infantile Bio 2\u00e8me \u00e2ge\"},{\"@type\":\"BreadcrumbList\",\"@id\":\"https:\/\/shop-physiolac-staging-interne.leserviceweb.com\/nos-produits\/lait-infantile-bio-2eme-age\/#breadcrumb\",\"itemListElement\":[{\"@type\":\"ListItem\",\"position\":1,\"name\":\"Accueil\",\"item\":\"https:\/\/shop-physiolac-staging-interne.leserviceweb.com\/\"},{\"@type\":\"ListItem\",\"position\":2,\"name\":\"Nos Produits\",\"item\":\"https:\/\/shop-physiolac-staging-interne.leserviceweb.com\/nos-produits\/\"},{\"@type\":\"ListItem\",\"position\":3,\"name\":\"Lait infantile Bio 2\u00e8me \u00e2ge\"}]},{\"@type\":\"WebSite\",\"@id\":\"https:\/\/shop-physiolac-staging-interne.leserviceweb.com\/#website\",\"url\":\"https:\/\/shop-physiolac-staging-interne.leserviceweb.com\/\",\"name\":\"Eshop Physiolac\",\"description\":\"Un site utilisant WordPress\",\"publisher\":{\"@id\":\"https:\/\/shop-physiolac-staging-interne.leserviceweb.com\/#organization\"},\"potentialAction\":[{\"@type\":\"SearchAction\",\"target\":{\"@type\":\"EntryPoint\",\"urlTemplate\":\"https:\/\/shop-physiolac-staging-interne.leserviceweb.com\/?s={search_term_string}\"},\"query-input\":{\"@type\":\"PropertyValueSpecification\",\"valueRequired\":true,\"valueName\":\"search_term_string\"}}],\"inLanguage\":\"en-US\"},{\"@type\":\"Organization\",\"@id\":\"https:\/\/shop-physiolac-staging-interne.leserviceweb.com\/#organization\",\"name\":\"Physiolac\",\"url\":\"https:\/\/shop-physiolac-staging-interne.leserviceweb.com\/\",\"logo\":{\"@type\":\"ImageObject\",\"inLanguage\":\"en-US\",\"@id\":\"https:\/\/shop-physiolac-staging-interne.leserviceweb.com\/#\/schema\/logo\/image\/\",\"url\":\"https:\/\/shop-physiolac-staging-interne.leserviceweb.com\/wp-content\/uploads\/2022\/07\/logo-physiolac-lg.svg\",\"contentUrl\":\"https:\/\/shop-physiolac-staging-interne.leserviceweb.com\/wp-content\/uploads\/2022\/07\/logo-physiolac-lg.svg\",\"width\":\"1024\",\"height\":\"1024\",\"caption\":\"Physiolac\"},\"image\":{\"@id\":\"https:\/\/shop-physiolac-staging-interne.leserviceweb.com\/#\/schema\/logo\/image\/\"},\"sameAs\":[\"https:\/\/www.facebook.com\/physiolac.official\",\"https:\/\/www.instagram.com\/physiolac\/\"]}]}<\/script>\n<!-- \/ Yoast SEO plugin. -->","yoast_head_json":{"title":"Lait Infantile Bio 2\u00e8me \u00e2ge - 6 \u00e0 12 mois - Fabriqu\u00e9 en France | Physiolac","description":"D\u00e9couvrez le Lait infantile BIO pour le biberon de b\u00e9b\u00e9 6 \u00e0 12 mois. Lait de suite 2i\u00e8me \u00e2ge. Sans huile de palme. Fabriqu\u00e9 en France","robots":{"index":"noindex","follow":"follow","max-snippet":"max-snippet:-1","max-image-preview":"max-image-preview:large","max-video-preview":"max-video-preview:-1"},"og_locale":"en_US","og_type":"article","og_title":"Lait Infantile Bio 2\u00e8me \u00e2ge - 6 \u00e0 12 mois - Fabriqu\u00e9 en France | Physiolac","og_description":"D\u00e9couvrez le Lait infantile BIO pour le biberon de b\u00e9b\u00e9 6 \u00e0 12 mois. Lait de suite 2i\u00e8me \u00e2ge. Sans huile de palme. Fabriqu\u00e9 en France","og_url":"https:\/\/shop-physiolac-staging-interne.leserviceweb.com\/nos-produits\/lait-infantile-bio-2eme-age\/","og_site_name":"Eshop Physiolac","article_publisher":"https:\/\/www.facebook.com\/physiolac.official","article_modified_time":"2025-03-20T08:30:39+00:00","og_image":[{"width":1080,"height":1080,"url":"https:\/\/shop-physiolac-staging-interne.leserviceweb.com\/wp-content\/uploads\/2023\/10\/LAC-612417-3518646124174-EPS_06-23-2.webp","type":"image\/webp"}],"twitter_card":"summary_large_image","twitter_title":"Lait Infantile Bio 2\u00e8me \u00e2ge - 6-12 mois - Fabriqu\u00e9 en Vend\u00e9e | Acheter en ligne | Physiolac","twitter_description":"Lait infantile BIO pour le biberon de b\u00e9b\u00e9 6-12 mois. Lait de suite 2i\u00e8me \u00e2ge. Sans huile de palme. Fabriqu\u00e9 en France","twitter_misc":{"Est. reading time":"2 minutes"},"schema":{"@context":"https:\/\/schema.org","@graph":[{"@type":"WebPage","@id":"https:\/\/shop-physiolac-staging-interne.leserviceweb.com\/nos-produits\/lait-infantile-bio-2eme-age\/","url":"https:\/\/shop-physiolac-staging-interne.leserviceweb.com\/nos-produits\/lait-infantile-bio-2eme-age\/","name":"Lait Infantile Bio 2\u00e8me \u00e2ge - 6 \u00e0 12 mois - Fabriqu\u00e9 en France | Physiolac","isPartOf":{"@id":"https:\/\/shop-physiolac-staging-interne.leserviceweb.com\/#website"},"primaryImageOfPage":{"@id":"https:\/\/shop-physiolac-staging-interne.leserviceweb.com\/nos-produits\/lait-infantile-bio-2eme-age\/#primaryimage"},"image":{"@id":"https:\/\/shop-physiolac-staging-interne.leserviceweb.com\/nos-produits\/lait-infantile-bio-2eme-age\/#primaryimage"},"thumbnailUrl":"https:\/\/shop-physiolac-staging-interne.leserviceweb.com\/wp-content\/uploads\/2024\/05\/LAC-612417-3518646124174-EPS_06-23.png","datePublished":"2022-07-13T13:38:09+00:00","dateModified":"2025-03-20T08:30:39+00:00","description":"D\u00e9couvrez le Lait infantile BIO pour le biberon de b\u00e9b\u00e9 6 \u00e0 12 mois. Lait de suite 2i\u00e8me \u00e2ge. Sans huile de palme. Fabriqu\u00e9 en France","breadcrumb":{"@id":"https:\/\/shop-physiolac-staging-interne.leserviceweb.com\/nos-produits\/lait-infantile-bio-2eme-age\/#breadcrumb"},"inLanguage":"en-US","potentialAction":[{"@type":"ReadAction","target":["https:\/\/shop-physiolac-staging-interne.leserviceweb.com\/nos-produits\/lait-infantile-bio-2eme-age\/"]}]},{"@type":"ImageObject","inLanguage":"en-US","@id":"https:\/\/shop-physiolac-staging-interne.leserviceweb.com\/nos-produits\/lait-infantile-bio-2eme-age\/#primaryimage","url":"https:\/\/shop-physiolac-staging-interne.leserviceweb.com\/wp-content\/uploads\/2024\/05\/LAC-612417-3518646124174-EPS_06-23.png","contentUrl":"https:\/\/shop-physiolac-staging-interne.leserviceweb.com\/wp-content\/uploads\/2024\/05\/LAC-612417-3518646124174-EPS_06-23.png","width":1080,"height":1080,"caption":"PHYSIOLAC Lait infantile Bio 2\u00e8me \u00e2ge"},{"@type":"BreadcrumbList","@id":"https:\/\/shop-physiolac-staging-interne.leserviceweb.com\/nos-produits\/lait-infantile-bio-2eme-age\/#breadcrumb","itemListElement":[{"@type":"ListItem","position":1,"name":"Accueil","item":"https:\/\/shop-physiolac-staging-interne.leserviceweb.com\/"},{"@type":"ListItem","position":2,"name":"Nos Produits","item":"https:\/\/shop-physiolac-staging-interne.leserviceweb.com\/nos-produits\/"},{"@type":"ListItem","position":3,"name":"Lait infantile Bio 2\u00e8me \u00e2ge"}]},{"@type":"WebSite","@id":"https:\/\/shop-physiolac-staging-interne.leserviceweb.com\/#website","url":"https:\/\/shop-physiolac-staging-interne.leserviceweb.com\/","name":"Eshop Physiolac","description":"Un site utilisant WordPress","publisher":{"@id":"https:\/\/shop-physiolac-staging-interne.leserviceweb.com\/#organization"},"potentialAction":[{"@type":"SearchAction","target":{"@type":"EntryPoint","urlTemplate":"https:\/\/shop-physiolac-staging-interne.leserviceweb.com\/?s={search_term_string}"},"query-input":{"@type":"PropertyValueSpecification","valueRequired":true,"valueName":"search_term_string"}}],"inLanguage":"en-US"},{"@type":"Organization","@id":"https:\/\/shop-physiolac-staging-interne.leserviceweb.com\/#organization","name":"Physiolac","url":"https:\/\/shop-physiolac-staging-interne.leserviceweb.com\/","logo":{"@type":"ImageObject","inLanguage":"en-US","@id":"https:\/\/shop-physiolac-staging-interne.leserviceweb.com\/#\/schema\/logo\/image\/","url":"https:\/\/shop-physiolac-staging-interne.leserviceweb.com\/wp-content\/uploads\/2022\/07\/logo-physiolac-lg.svg","contentUrl":"https:\/\/shop-physiolac-staging-interne.leserviceweb.com\/wp-content\/uploads\/2022\/07\/logo-physiolac-lg.svg","width":"1024","height":"1024","caption":"Physiolac"},"image":{"@id":"https:\/\/shop-physiolac-staging-interne.leserviceweb.com\/#\/schema\/logo\/image\/"},"sameAs":["https:\/\/www.facebook.com\/physiolac.official","https:\/\/www.instagram.com\/physiolac\/"]}]}},"_links":{"self":[{"href":"https:\/\/shop-physiolac-staging-interne.leserviceweb.com\/en\/wp-json\/wp\/v2\/product\/1062","targetHints":{"allow":["GET"]}}],"collection":[{"href":"https:\/\/shop-physiolac-staging-interne.leserviceweb.com\/en\/wp-json\/wp\/v2\/product"}],"about":[{"href":"https:\/\/shop-physiolac-staging-interne.leserviceweb.com\/en\/wp-json\/wp\/v2\/types\/product"}],"wp:featuredmedia":[{"embeddable":true,"href":"https:\/\/shop-physiolac-staging-interne.leserviceweb.com\/en\/wp-json\/wp\/v2\/media\/118068"}],"wp:attachment":[{"href":"https:\/\/shop-physiolac-staging-interne.leserviceweb.com\/en\/wp-json\/wp\/v2\/media?parent=1062"}],"wp:term":[{"taxonomy":"product_brand","embeddable":true,"href":"https:\/\/shop-physiolac-staging-interne.leserviceweb.com\/en\/wp-json\/wp\/v2\/product_brand?post=1062"},{"taxonomy":"product_cat","embeddable":true,"href":"https:\/\/shop-physiolac-staging-interne.leserviceweb.com\/en\/wp-json\/wp\/v2\/product_cat?post=1062"},{"taxonomy":"product_tag","embeddable":true,"href":"https:\/\/shop-physiolac-staging-interne.leserviceweb.com\/en\/wp-json\/wp\/v2\/product_tag?post=1062"}],"curies":[{"name":"wp","href":"https:\/\/api.w.org\/{rel}","templated":true}]}}