{"id":1061,"date":"2022-07-13T15:37:48","date_gmt":"2022-07-13T13:37:48","guid":{"rendered":"https:\/\/shop-physiolac-staging-interne.leserviceweb.com\/nos-produits\/cereales-bebe-legumes-bio\/"},"modified":"2024-10-29T20:44:42","modified_gmt":"2024-10-29T19:44:42","slug":"cereales-bebe-legumes-bio","status":"publish","type":"product","link":"https:\/\/shop-physiolac-staging-interne.leserviceweb.com\/en\/nos-produits\/cereales-bebe-legumes-bio\/","title":{"rendered":"C\u00e9r\u00e9ales B\u00e9b\u00e9 L\u00e9gumes Bio"},"content":{"rendered":"<p>Les <strong>c\u00e9r\u00e9ales infantiles Physiolac Bio L\u00e9gumes<\/strong>, sans sucres ajout\u00e9s* et sans gluten, sont les premiers \u00e9l\u00e9ments de la diversification alimentaire, \u00e9labor\u00e9es pour une adaptation progressive vers une <strong>alimentation vari\u00e9e<\/strong>.&nbsp;<\/p>\n<div>Les c\u00e9r\u00e9ales infantiles Physiolac Bio L\u00e9gumes sont conseill\u00e9es chez le nourrisson <strong>\u00e0 partir de 4 mois<\/strong>** lorsqu\u2019il :<\/div>\n<ul>\n<li>\n<div>est lass\u00e9 de son lait infantile et refuse le biberon de lait nature,<\/div>\n<\/li>\n<li>d\u00e9bute la diversification alimentaire,<\/li>\n<li>a besoin d\u2019un biberon du soir avec ajout de c\u00e9r\u00e9ales et de l\u00e9gumes.<\/li>\n<\/ul>\n<p>Avec les c\u00e9r\u00e9ales infantiles L\u00e9gumes Physiolac Bio offre aux b\u00e9b\u00e9s d\u00e8s 4 mois leurs premi\u00e8res c\u00e9r\u00e9ales, pour une premi\u00e8re \u00e9tape de la diversification alimentaire r\u00e9ussie.<\/p>\n<p>Les c\u00e9r\u00e9ales infantiles Physiolac Bio L\u00e9gumes sont principalement constitu\u00e9es de farine de c\u00e9r\u00e9ales Bio : <strong>riz<\/strong>, <strong>millet<\/strong> et <strong>quinoa<\/strong>. Ces 3 sources de glucides permettent de d\u00e9buter la diversification alimentaire tout en douceur. Les c\u00e9r\u00e9ales infantiles Physiolac Bio aux trois l\u00e9gumes <strong>potiron, carotte, \u00e9pinard<\/strong> sont <strong>d\u00e9pourvues de gluten<\/strong> et sont <strong>sans sucres ajout\u00e9s<\/strong>*, Elles s\u2019ajoutent au lait maternel exprim\u00e9 ou au lait infantile correspondant \u00e0 l\u2019\u00e2ge de l\u2019enfant. Elles sont instantan\u00e9es et ne n\u00e9cessitent pas de cuisson.<\/p>\n<p>Les c\u00e9r\u00e9ales infantiles Physiolac Bio L\u00e9gumes peuvent \u00eatre utilis\u00e9es sur conseil de votre pharmacien ou de votre m\u00e9decin d\u00e8s 4 mois. Ce produit doit \u00eatre utilis\u00e9 en compl\u00e9ment et n&#8217;est pas destin\u00e9 \u00e0 remplacer le lait maternel.<\/p>\n<p>*Contient des sucres naturellement pr\u00e9sents.<\/p>\n<p>**Conform\u00e9ment \u00e0 la r\u00e9glementation en vigueur sur l\u2019alimentation infantile.<\/p>\n","protected":false},"excerpt":{"rendered":"<p>Les c\u00e9r\u00e9ales infantiles Physiolac Bio L\u00e9gumes sont la premi\u00e8re \u00e9tape de la diversification alimentaire de b\u00e9b\u00e9, \u00e0 utiliser d\u00e8s 4 mois. Naturellement d\u00e9pourvues de gluten, sans sucres ajout\u00e9s* et au go\u00fbt de L\u00e9gumes, elles s\u2019ajoutent au lait maternel exprim\u00e9 ou au lait infantile correspondant \u00e0 l\u2019\u00e2ge de l\u2019enfant.<\/p>\n","protected":false},"featured_media":118064,"template":"","meta":{"_acf_changed":false,"inline_featured_image":false},"product_brand":[],"product_cat":[25],"product_tag":[],"class_list":{"0":"post-1061","1":"product","2":"type-product","3":"status-publish","4":"has-post-thumbnail","6":"product_cat-cereales-bebe","8":"first","9":"instock","10":"taxable","11":"shipping-taxable","12":"purchasable","13":"product-type-simple"},"bundled_by":[],"bundle_stock_status":"instock","bundle_stock_quantity":47,"bundle_virtual":false,"bundle_layout":"","bundle_add_to_cart_form_location":"","bundle_editable_in_cart":false,"bundle_sold_individually_context":"","bundle_item_grouping":"","bundle_min_size":"","bundle_max_size":"","bundle_price":[],"bundled_items":[],"bundle_sell_ids":[],"acf":[],"yoast_head":"<!-- This site is optimized with the Yoast SEO plugin v25.2 - https:\/\/yoast.com\/wordpress\/plugins\/seo\/ -->\n<title>C\u00e9r\u00e9ales B\u00e9b\u00e9 L\u00e9gumes Bio - D\u00e8s 4 mois | Acheter en ligne | Physiolac<\/title>\n<meta name=\"description\" content=\"C\u00e9r\u00e9ales b\u00e9b\u00e9 Bio l\u00e9gumes d\u00e8s 4 mois. Riz, millet, quinoa. Sans gluten. C\u00e9r\u00e9ales pour \u00e9paissir le biberon de lait des b\u00e9b\u00e9s ou apporter du go\u00fbt\" \/>\n<meta name=\"robots\" content=\"noindex, follow, max-snippet:-1, max-image-preview:large, max-video-preview:-1\" \/>\n<meta property=\"og:locale\" content=\"en_US\" \/>\n<meta property=\"og:type\" content=\"article\" \/>\n<meta property=\"og:title\" content=\"C\u00e9r\u00e9ales B\u00e9b\u00e9 L\u00e9gumes Bio - D\u00e8s 4 mois | Acheter en ligne | Physiolac\" \/>\n<meta property=\"og:description\" content=\"C\u00e9r\u00e9ales b\u00e9b\u00e9 Bio l\u00e9gumes d\u00e8s 4 mois. Riz, millet, quinoa. Sans gluten. C\u00e9r\u00e9ales pour \u00e9paissir le biberon de lait des b\u00e9b\u00e9s ou apporter du go\u00fbt\" \/>\n<meta property=\"og:url\" content=\"https:\/\/shop-physiolac-staging-interne.leserviceweb.com\/nos-produits\/cereales-bebe-legumes-bio\/\" \/>\n<meta property=\"og:site_name\" content=\"Eshop Physiolac\" \/>\n<meta property=\"article:publisher\" content=\"https:\/\/www.facebook.com\/physiolac.official\" \/>\n<meta property=\"article:modified_time\" content=\"2024-10-29T19:44:42+00:00\" \/>\n<meta name=\"twitter:card\" content=\"summary_large_image\" \/>\n<meta name=\"twitter:title\" content=\"C\u00e9r\u00e9ales B\u00e9b\u00e9 L\u00e9gumes Bio - D\u00e8s 4 mois | Acheter en ligne | Physiolac\" \/>\n<meta name=\"twitter:description\" content=\"C\u00e9r\u00e9ales b\u00e9b\u00e9 Bio l\u00e9gumes d\u00e8s 4 mois. Riz, millet, quinoa. Sans gluten. C\u00e9r\u00e9ales pour \u00e9paissir le biberon de lait des b\u00e9b\u00e9s ou apporter du go\u00fbt\" \/>\n<meta name=\"twitter:label1\" content=\"Est. reading time\" \/>\n\t<meta name=\"twitter:data1\" content=\"2 minutes\" \/>\n<script type=\"application\/ld+json\" class=\"yoast-schema-graph\">{\"@context\":\"https:\/\/schema.org\",\"@graph\":[{\"@type\":\"WebPage\",\"@id\":\"https:\/\/shop-physiolac-staging-interne.leserviceweb.com\/nos-produits\/cereales-bebe-legumes-bio\/\",\"url\":\"https:\/\/shop-physiolac-staging-interne.leserviceweb.com\/nos-produits\/cereales-bebe-legumes-bio\/\",\"name\":\"C\u00e9r\u00e9ales B\u00e9b\u00e9 L\u00e9gumes Bio - D\u00e8s 4 mois | Acheter en ligne | Physiolac\",\"isPartOf\":{\"@id\":\"https:\/\/shop-physiolac-staging-interne.leserviceweb.com\/#website\"},\"primaryImageOfPage\":{\"@id\":\"https:\/\/shop-physiolac-staging-interne.leserviceweb.com\/nos-produits\/cereales-bebe-legumes-bio\/#primaryimage\"},\"image\":{\"@id\":\"https:\/\/shop-physiolac-staging-interne.leserviceweb.com\/nos-produits\/cereales-bebe-legumes-bio\/#primaryimage\"},\"thumbnailUrl\":\"https:\/\/shop-physiolac-staging-interne.leserviceweb.com\/wp-content\/uploads\/2024\/05\/LAC-612408-3518646124082-ES_05-2023.png\",\"datePublished\":\"2022-07-13T13:37:48+00:00\",\"dateModified\":\"2024-10-29T19:44:42+00:00\",\"description\":\"C\u00e9r\u00e9ales b\u00e9b\u00e9 Bio l\u00e9gumes d\u00e8s 4 mois. Riz, millet, quinoa. Sans gluten. C\u00e9r\u00e9ales pour \u00e9paissir le biberon de lait des b\u00e9b\u00e9s ou apporter du go\u00fbt\",\"breadcrumb\":{\"@id\":\"https:\/\/shop-physiolac-staging-interne.leserviceweb.com\/nos-produits\/cereales-bebe-legumes-bio\/#breadcrumb\"},\"inLanguage\":\"en-US\",\"potentialAction\":[{\"@type\":\"ReadAction\",\"target\":[\"https:\/\/shop-physiolac-staging-interne.leserviceweb.com\/nos-produits\/cereales-bebe-legumes-bio\/\"]}]},{\"@type\":\"ImageObject\",\"inLanguage\":\"en-US\",\"@id\":\"https:\/\/shop-physiolac-staging-interne.leserviceweb.com\/nos-produits\/cereales-bebe-legumes-bio\/#primaryimage\",\"url\":\"https:\/\/shop-physiolac-staging-interne.leserviceweb.com\/wp-content\/uploads\/2024\/05\/LAC-612408-3518646124082-ES_05-2023.png\",\"contentUrl\":\"https:\/\/shop-physiolac-staging-interne.leserviceweb.com\/wp-content\/uploads\/2024\/05\/LAC-612408-3518646124082-ES_05-2023.png\",\"width\":1080,\"height\":1080,\"caption\":\"PHYSIOLAC C\u00e9r\u00e9ales B\u00e9b\u00e9 L\u00e9gumes Bio\"},{\"@type\":\"BreadcrumbList\",\"@id\":\"https:\/\/shop-physiolac-staging-interne.leserviceweb.com\/nos-produits\/cereales-bebe-legumes-bio\/#breadcrumb\",\"itemListElement\":[{\"@type\":\"ListItem\",\"position\":1,\"name\":\"Accueil\",\"item\":\"https:\/\/shop-physiolac-staging-interne.leserviceweb.com\/\"},{\"@type\":\"ListItem\",\"position\":2,\"name\":\"Nos Produits\",\"item\":\"https:\/\/shop-physiolac-staging-interne.leserviceweb.com\/nos-produits\/\"},{\"@type\":\"ListItem\",\"position\":3,\"name\":\"C\u00e9r\u00e9ales B\u00e9b\u00e9 L\u00e9gumes Bio\"}]},{\"@type\":\"WebSite\",\"@id\":\"https:\/\/shop-physiolac-staging-interne.leserviceweb.com\/#website\",\"url\":\"https:\/\/shop-physiolac-staging-interne.leserviceweb.com\/\",\"name\":\"Eshop Physiolac\",\"description\":\"Un site utilisant WordPress\",\"publisher\":{\"@id\":\"https:\/\/shop-physiolac-staging-interne.leserviceweb.com\/#organization\"},\"potentialAction\":[{\"@type\":\"SearchAction\",\"target\":{\"@type\":\"EntryPoint\",\"urlTemplate\":\"https:\/\/shop-physiolac-staging-interne.leserviceweb.com\/?s={search_term_string}\"},\"query-input\":{\"@type\":\"PropertyValueSpecification\",\"valueRequired\":true,\"valueName\":\"search_term_string\"}}],\"inLanguage\":\"en-US\"},{\"@type\":\"Organization\",\"@id\":\"https:\/\/shop-physiolac-staging-interne.leserviceweb.com\/#organization\",\"name\":\"Physiolac\",\"url\":\"https:\/\/shop-physiolac-staging-interne.leserviceweb.com\/\",\"logo\":{\"@type\":\"ImageObject\",\"inLanguage\":\"en-US\",\"@id\":\"https:\/\/shop-physiolac-staging-interne.leserviceweb.com\/#\/schema\/logo\/image\/\",\"url\":\"https:\/\/shop-physiolac-staging-interne.leserviceweb.com\/wp-content\/uploads\/2022\/07\/logo-physiolac-lg.svg\",\"contentUrl\":\"https:\/\/shop-physiolac-staging-interne.leserviceweb.com\/wp-content\/uploads\/2022\/07\/logo-physiolac-lg.svg\",\"width\":\"1024\",\"height\":\"1024\",\"caption\":\"Physiolac\"},\"image\":{\"@id\":\"https:\/\/shop-physiolac-staging-interne.leserviceweb.com\/#\/schema\/logo\/image\/\"},\"sameAs\":[\"https:\/\/www.facebook.com\/physiolac.official\",\"https:\/\/www.instagram.com\/physiolac\/\"]}]}<\/script>\n<!-- \/ Yoast SEO plugin. -->","yoast_head_json":{"title":"C\u00e9r\u00e9ales B\u00e9b\u00e9 L\u00e9gumes Bio - D\u00e8s 4 mois | Acheter en ligne | Physiolac","description":"C\u00e9r\u00e9ales b\u00e9b\u00e9 Bio l\u00e9gumes d\u00e8s 4 mois. Riz, millet, quinoa. Sans gluten. C\u00e9r\u00e9ales pour \u00e9paissir le biberon de lait des b\u00e9b\u00e9s ou apporter du go\u00fbt","robots":{"index":"noindex","follow":"follow","max-snippet":"max-snippet:-1","max-image-preview":"max-image-preview:large","max-video-preview":"max-video-preview:-1"},"og_locale":"en_US","og_type":"article","og_title":"C\u00e9r\u00e9ales B\u00e9b\u00e9 L\u00e9gumes Bio - D\u00e8s 4 mois | Acheter en ligne | Physiolac","og_description":"C\u00e9r\u00e9ales b\u00e9b\u00e9 Bio l\u00e9gumes d\u00e8s 4 mois. Riz, millet, quinoa. Sans gluten. C\u00e9r\u00e9ales pour \u00e9paissir le biberon de lait des b\u00e9b\u00e9s ou apporter du go\u00fbt","og_url":"https:\/\/shop-physiolac-staging-interne.leserviceweb.com\/nos-produits\/cereales-bebe-legumes-bio\/","og_site_name":"Eshop Physiolac","article_publisher":"https:\/\/www.facebook.com\/physiolac.official","article_modified_time":"2024-10-29T19:44:42+00:00","twitter_card":"summary_large_image","twitter_title":"C\u00e9r\u00e9ales B\u00e9b\u00e9 L\u00e9gumes Bio - D\u00e8s 4 mois | Acheter en ligne | Physiolac","twitter_description":"C\u00e9r\u00e9ales b\u00e9b\u00e9 Bio l\u00e9gumes d\u00e8s 4 mois. Riz, millet, quinoa. Sans gluten. C\u00e9r\u00e9ales pour \u00e9paissir le biberon de lait des b\u00e9b\u00e9s ou apporter du go\u00fbt","twitter_misc":{"Est. reading time":"2 minutes"},"schema":{"@context":"https:\/\/schema.org","@graph":[{"@type":"WebPage","@id":"https:\/\/shop-physiolac-staging-interne.leserviceweb.com\/nos-produits\/cereales-bebe-legumes-bio\/","url":"https:\/\/shop-physiolac-staging-interne.leserviceweb.com\/nos-produits\/cereales-bebe-legumes-bio\/","name":"C\u00e9r\u00e9ales B\u00e9b\u00e9 L\u00e9gumes Bio - D\u00e8s 4 mois | Acheter en ligne | Physiolac","isPartOf":{"@id":"https:\/\/shop-physiolac-staging-interne.leserviceweb.com\/#website"},"primaryImageOfPage":{"@id":"https:\/\/shop-physiolac-staging-interne.leserviceweb.com\/nos-produits\/cereales-bebe-legumes-bio\/#primaryimage"},"image":{"@id":"https:\/\/shop-physiolac-staging-interne.leserviceweb.com\/nos-produits\/cereales-bebe-legumes-bio\/#primaryimage"},"thumbnailUrl":"https:\/\/shop-physiolac-staging-interne.leserviceweb.com\/wp-content\/uploads\/2024\/05\/LAC-612408-3518646124082-ES_05-2023.png","datePublished":"2022-07-13T13:37:48+00:00","dateModified":"2024-10-29T19:44:42+00:00","description":"C\u00e9r\u00e9ales b\u00e9b\u00e9 Bio l\u00e9gumes d\u00e8s 4 mois. Riz, millet, quinoa. Sans gluten. C\u00e9r\u00e9ales pour \u00e9paissir le biberon de lait des b\u00e9b\u00e9s ou apporter du go\u00fbt","breadcrumb":{"@id":"https:\/\/shop-physiolac-staging-interne.leserviceweb.com\/nos-produits\/cereales-bebe-legumes-bio\/#breadcrumb"},"inLanguage":"en-US","potentialAction":[{"@type":"ReadAction","target":["https:\/\/shop-physiolac-staging-interne.leserviceweb.com\/nos-produits\/cereales-bebe-legumes-bio\/"]}]},{"@type":"ImageObject","inLanguage":"en-US","@id":"https:\/\/shop-physiolac-staging-interne.leserviceweb.com\/nos-produits\/cereales-bebe-legumes-bio\/#primaryimage","url":"https:\/\/shop-physiolac-staging-interne.leserviceweb.com\/wp-content\/uploads\/2024\/05\/LAC-612408-3518646124082-ES_05-2023.png","contentUrl":"https:\/\/shop-physiolac-staging-interne.leserviceweb.com\/wp-content\/uploads\/2024\/05\/LAC-612408-3518646124082-ES_05-2023.png","width":1080,"height":1080,"caption":"PHYSIOLAC C\u00e9r\u00e9ales B\u00e9b\u00e9 L\u00e9gumes Bio"},{"@type":"BreadcrumbList","@id":"https:\/\/shop-physiolac-staging-interne.leserviceweb.com\/nos-produits\/cereales-bebe-legumes-bio\/#breadcrumb","itemListElement":[{"@type":"ListItem","position":1,"name":"Accueil","item":"https:\/\/shop-physiolac-staging-interne.leserviceweb.com\/"},{"@type":"ListItem","position":2,"name":"Nos Produits","item":"https:\/\/shop-physiolac-staging-interne.leserviceweb.com\/nos-produits\/"},{"@type":"ListItem","position":3,"name":"C\u00e9r\u00e9ales B\u00e9b\u00e9 L\u00e9gumes Bio"}]},{"@type":"WebSite","@id":"https:\/\/shop-physiolac-staging-interne.leserviceweb.com\/#website","url":"https:\/\/shop-physiolac-staging-interne.leserviceweb.com\/","name":"Eshop Physiolac","description":"Un site utilisant WordPress","publisher":{"@id":"https:\/\/shop-physiolac-staging-interne.leserviceweb.com\/#organization"},"potentialAction":[{"@type":"SearchAction","target":{"@type":"EntryPoint","urlTemplate":"https:\/\/shop-physiolac-staging-interne.leserviceweb.com\/?s={search_term_string}"},"query-input":{"@type":"PropertyValueSpecification","valueRequired":true,"valueName":"search_term_string"}}],"inLanguage":"en-US"},{"@type":"Organization","@id":"https:\/\/shop-physiolac-staging-interne.leserviceweb.com\/#organization","name":"Physiolac","url":"https:\/\/shop-physiolac-staging-interne.leserviceweb.com\/","logo":{"@type":"ImageObject","inLanguage":"en-US","@id":"https:\/\/shop-physiolac-staging-interne.leserviceweb.com\/#\/schema\/logo\/image\/","url":"https:\/\/shop-physiolac-staging-interne.leserviceweb.com\/wp-content\/uploads\/2022\/07\/logo-physiolac-lg.svg","contentUrl":"https:\/\/shop-physiolac-staging-interne.leserviceweb.com\/wp-content\/uploads\/2022\/07\/logo-physiolac-lg.svg","width":"1024","height":"1024","caption":"Physiolac"},"image":{"@id":"https:\/\/shop-physiolac-staging-interne.leserviceweb.com\/#\/schema\/logo\/image\/"},"sameAs":["https:\/\/www.facebook.com\/physiolac.official","https:\/\/www.instagram.com\/physiolac\/"]}]}},"_links":{"self":[{"href":"https:\/\/shop-physiolac-staging-interne.leserviceweb.com\/en\/wp-json\/wp\/v2\/product\/1061","targetHints":{"allow":["GET"]}}],"collection":[{"href":"https:\/\/shop-physiolac-staging-interne.leserviceweb.com\/en\/wp-json\/wp\/v2\/product"}],"about":[{"href":"https:\/\/shop-physiolac-staging-interne.leserviceweb.com\/en\/wp-json\/wp\/v2\/types\/product"}],"wp:featuredmedia":[{"embeddable":true,"href":"https:\/\/shop-physiolac-staging-interne.leserviceweb.com\/en\/wp-json\/wp\/v2\/media\/118064"}],"wp:attachment":[{"href":"https:\/\/shop-physiolac-staging-interne.leserviceweb.com\/en\/wp-json\/wp\/v2\/media?parent=1061"}],"wp:term":[{"taxonomy":"product_brand","embeddable":true,"href":"https:\/\/shop-physiolac-staging-interne.leserviceweb.com\/en\/wp-json\/wp\/v2\/product_brand?post=1061"},{"taxonomy":"product_cat","embeddable":true,"href":"https:\/\/shop-physiolac-staging-interne.leserviceweb.com\/en\/wp-json\/wp\/v2\/product_cat?post=1061"},{"taxonomy":"product_tag","embeddable":true,"href":"https:\/\/shop-physiolac-staging-interne.leserviceweb.com\/en\/wp-json\/wp\/v2\/product_tag?post=1061"}],"curies":[{"name":"wp","href":"https:\/\/api.w.org\/{rel}","templated":true}]}}