{"id":1058,"date":"2022-07-13T15:36:50","date_gmt":"2022-07-13T13:36:50","guid":{"rendered":"https:\/\/shop-physiolac-staging-interne.leserviceweb.com\/nos-produits\/lait-de-croissance-bio\/"},"modified":"2025-11-06T12:23:57","modified_gmt":"2025-11-06T11:23:57","slug":"lait-de-croissance-bio","status":"publish","type":"product","link":"https:\/\/shop-physiolac-staging-interne.leserviceweb.com\/en\/nos-produits\/lait-de-croissance-bio\/","title":{"rendered":"Lait de croissance Bio"},"content":{"rendered":"<p>Lait infantile Bio 3\u00e8me \u00e2ge. Lait de suite biologique en poudre pour nourrissons \u00e0 partir de 10 mois et aliment lact\u00e9 biologique en poudre pour enfants en bas \u00e2ge de 1 \u00e0 3 ans.<\/p>\n<p>Les Laboratoires Physiolac proposent des laits :<br \/>\n\u2022 sp\u00e9cialement d\u00e9velopp\u00e9s et valid\u00e9s par des experts en nutrition infantile,<br \/>\n\u2022 r\u00e9pondant aux besoins nutritionnels sp\u00e9cifiques des b\u00e9b\u00e9s*,<br \/>\n\u2022 avec un<strong> lait \u00e9cr\u00e9m\u00e9 100% fran\u00e7ais<\/strong>,<br \/>\n\u2022 fabriqu\u00e9s en France.<\/p>\n<p>Physiolac Bio 3, formul\u00e9 <strong>sans huile de palme<\/strong> et <strong>certifi\u00e9 agriculture biologique<\/strong>,\u00a0contient notamment\u00a0:<br \/>\n\u2022 du DHA* (om\u00e9ga 3),<br \/>\n\u2022 de la <strong>cr\u00e8me de lait Bio<\/strong>,<br \/>\n\u2022 des<strong> fibres Bio<\/strong> GOS et FOS,<br \/>\n\u2022 du bisglycinate de fer assimilable,<br \/>\n\u2022 de la <strong>vitamine D<\/strong> n\u00e9cessaire au maintien d\u2019une bonne croissance et d\u2019un bon d\u00e9veloppement osseux.<\/p>\n<p>Le lait Physiolac Bio est fabriqu\u00e9 en Vend\u00e9e par la Laiterie de Montaigu, avec du lait \u00e9cr\u00e9m\u00e9 100% fran\u00e7ais. Le lait Bio utilis\u00e9 dans nos formules est collect\u00e9 aupr\u00e8s des \u00e9leveurs Biolait, engag\u00e9s en faveur du bien-\u00eatre animal conform\u00e9ment aux r\u00e8gles de l\u2019agriculture biologique.<\/p>\n<p>*Comme l&#8217;exige la l\u00e9gislation pour toutes les pr\u00e9parations de suite.<\/p>\n<p><strong>Avis important : Le lait maternel est le meilleur aliment pour le nourrisson. En accord avec votre pharmacien ou votre m\u00e9decin, Physiolac Bio 3 peut s\u2019y substituer ou le compl\u00e9ter si vous ne pouvez pas ou ne souhaitez pas allaiter. Physiolac Bio 3 r\u00e9pond aux besoins nutritionnels sp\u00e9cifiques du nourrisson \u00e0 partir de 10 mois. Ne changez pas ce produit sans l\u2019avis de votre pharmacien ou de votre m\u00e9decin. Ce produit est un \u00e9l\u00e9ment d\u2019une alimentation diversifi\u00e9e des nourrissons et ne peut remplacer le lait maternel pendant les 10 premiers mois de la vie. La d\u00e9cision d\u2019introduire des aliments compl\u00e9mentaires doit \u00eatre prise sur l\u2019avis des professionnels de sant\u00e9. Il est important d\u2019avoir une alimentation vari\u00e9e et \u00e9quilibr\u00e9e.<\/strong><\/p>\n","protected":false},"excerpt":{"rendered":"<p>Physiolac Bio 3 r\u00e9pond aux besoins nutritionnels des b\u00e9b\u00e9s jusqu\u2019\u00e0 3 ans*, en compl\u00e9ment d&#8217;une alimentation diversifi\u00e9e. Il contient de la cr\u00e8me de lait Bio, du DHA*, des fibres Bio GOS et FOS , du bisglycinate de fer et de la vitamine D n\u00e9cessaire au maintien d\u2019une bonne croissance et d\u2019un\u00a0bon d\u00e9veloppement osseux.\u00a0Le lait infantile Physiolac Bio 3 est go\u00fbt nature.<\/p>\n<p>*Comme l&#8217;exige la l\u00e9gislation pour toutes les pr\u00e9parations de suite.<\/p>\n","protected":false},"featured_media":118048,"template":"","meta":{"_acf_changed":false,"inline_featured_image":false},"product_brand":[],"product_cat":[27],"product_tag":[],"class_list":{"0":"post-1058","1":"product","2":"type-product","3":"status-publish","4":"has-post-thumbnail","6":"product_cat-lait-infantile-bio","7":"has-subscription-plans","9":"first","10":"instock","11":"taxable","12":"shipping-taxable","13":"purchasable","14":"product-type-simple"},"bundled_by":["1073"],"bundle_stock_status":"instock","bundle_stock_quantity":194,"bundle_virtual":false,"bundle_layout":"","bundle_add_to_cart_form_location":"","bundle_editable_in_cart":false,"bundle_sold_individually_context":"","bundle_item_grouping":"","bundle_min_size":"","bundle_max_size":"","bundle_price":[],"bundled_items":[],"bundle_sell_ids":[],"acf":[],"yoast_head":"<!-- This site is optimized with the Yoast SEO plugin v25.2 - https:\/\/yoast.com\/wordpress\/plugins\/seo\/ -->\n<title>Lait de Croissance Bio - 10 \u00e0 36 mois - Fabriqu\u00e9 en France | Physiolac<\/title>\n<meta name=\"description\" content=\"D\u00e9couvrez le Lait infantile BIO pour le biberon de b\u00e9b\u00e9 10 \u00e0 36 mois. Lait croissance 3i\u00e8me \u00e2ge. Sans huile de palme. Fabriqu\u00e9 en France\" \/>\n<meta name=\"robots\" content=\"noindex, follow, max-snippet:-1, max-image-preview:large, max-video-preview:-1\" \/>\n<meta property=\"og:locale\" content=\"en_US\" \/>\n<meta property=\"og:type\" content=\"article\" \/>\n<meta property=\"og:title\" content=\"Lait de Croissance Bio - 10 \u00e0 36 mois - Fabriqu\u00e9 en France | Physiolac\" \/>\n<meta property=\"og:description\" content=\"D\u00e9couvrez le Lait infantile BIO pour le biberon de b\u00e9b\u00e9 10 \u00e0 36 mois. Lait croissance 3i\u00e8me \u00e2ge. Sans huile de palme. Fabriqu\u00e9 en France\" \/>\n<meta property=\"og:url\" content=\"https:\/\/shop-physiolac-staging-interne.leserviceweb.com\/nos-produits\/lait-de-croissance-bio\/\" \/>\n<meta property=\"og:site_name\" content=\"Eshop Physiolac\" \/>\n<meta property=\"article:publisher\" content=\"https:\/\/www.facebook.com\/physiolac.official\" \/>\n<meta property=\"article:modified_time\" content=\"2025-11-06T11:23:57+00:00\" \/>\n<meta property=\"og:image\" content=\"https:\/\/shop-physiolac-staging-interne.leserviceweb.com\/wp-content\/uploads\/2023\/10\/LAC-612418-3518646124181-EPS_06-23-2.webp\" \/>\n\t<meta property=\"og:image:width\" content=\"1080\" \/>\n\t<meta property=\"og:image:height\" content=\"1080\" \/>\n\t<meta property=\"og:image:type\" content=\"image\/webp\" \/>\n<meta name=\"twitter:card\" content=\"summary_large_image\" \/>\n<meta name=\"twitter:title\" content=\"Lait de Croissance Bio - 10-36 mois - Fabriqu\u00e9 en Vend\u00e9e | Acheter en ligne | Physiolac\" \/>\n<meta name=\"twitter:description\" content=\"Lait infantile BIO pour le biberon de b\u00e9b\u00e9 10-36 mois. Lait croissance 3i\u00e8me \u00e2ge. Sans huile de palme. Fabriqu\u00e9 en France\" \/>\n<meta name=\"twitter:label1\" content=\"Est. reading time\" \/>\n\t<meta name=\"twitter:data1\" content=\"2 minutes\" \/>\n<script type=\"application\/ld+json\" class=\"yoast-schema-graph\">{\"@context\":\"https:\/\/schema.org\",\"@graph\":[{\"@type\":\"WebPage\",\"@id\":\"https:\/\/shop-physiolac-staging-interne.leserviceweb.com\/nos-produits\/lait-de-croissance-bio\/\",\"url\":\"https:\/\/shop-physiolac-staging-interne.leserviceweb.com\/nos-produits\/lait-de-croissance-bio\/\",\"name\":\"Lait de Croissance Bio - 10 \u00e0 36 mois - Fabriqu\u00e9 en France | Physiolac\",\"isPartOf\":{\"@id\":\"https:\/\/shop-physiolac-staging-interne.leserviceweb.com\/#website\"},\"primaryImageOfPage\":{\"@id\":\"https:\/\/shop-physiolac-staging-interne.leserviceweb.com\/nos-produits\/lait-de-croissance-bio\/#primaryimage\"},\"image\":{\"@id\":\"https:\/\/shop-physiolac-staging-interne.leserviceweb.com\/nos-produits\/lait-de-croissance-bio\/#primaryimage\"},\"thumbnailUrl\":\"https:\/\/shop-physiolac-staging-interne.leserviceweb.com\/wp-content\/uploads\/2024\/05\/LAC-612418-3518646124181-EPS_06-23.png\",\"datePublished\":\"2022-07-13T13:36:50+00:00\",\"dateModified\":\"2025-11-06T11:23:57+00:00\",\"description\":\"D\u00e9couvrez le Lait infantile BIO pour le biberon de b\u00e9b\u00e9 10 \u00e0 36 mois. Lait croissance 3i\u00e8me \u00e2ge. Sans huile de palme. Fabriqu\u00e9 en France\",\"breadcrumb\":{\"@id\":\"https:\/\/shop-physiolac-staging-interne.leserviceweb.com\/nos-produits\/lait-de-croissance-bio\/#breadcrumb\"},\"inLanguage\":\"en-US\",\"potentialAction\":[{\"@type\":\"ReadAction\",\"target\":[\"https:\/\/shop-physiolac-staging-interne.leserviceweb.com\/nos-produits\/lait-de-croissance-bio\/\"]}]},{\"@type\":\"ImageObject\",\"inLanguage\":\"en-US\",\"@id\":\"https:\/\/shop-physiolac-staging-interne.leserviceweb.com\/nos-produits\/lait-de-croissance-bio\/#primaryimage\",\"url\":\"https:\/\/shop-physiolac-staging-interne.leserviceweb.com\/wp-content\/uploads\/2024\/05\/LAC-612418-3518646124181-EPS_06-23.png\",\"contentUrl\":\"https:\/\/shop-physiolac-staging-interne.leserviceweb.com\/wp-content\/uploads\/2024\/05\/LAC-612418-3518646124181-EPS_06-23.png\",\"width\":1080,\"height\":1080,\"caption\":\"PHYSIOLAC Lait de croissance Bio\"},{\"@type\":\"BreadcrumbList\",\"@id\":\"https:\/\/shop-physiolac-staging-interne.leserviceweb.com\/nos-produits\/lait-de-croissance-bio\/#breadcrumb\",\"itemListElement\":[{\"@type\":\"ListItem\",\"position\":1,\"name\":\"Accueil\",\"item\":\"https:\/\/shop-physiolac-staging-interne.leserviceweb.com\/\"},{\"@type\":\"ListItem\",\"position\":2,\"name\":\"Nos Produits\",\"item\":\"https:\/\/shop-physiolac-staging-interne.leserviceweb.com\/nos-produits\/\"},{\"@type\":\"ListItem\",\"position\":3,\"name\":\"Lait de croissance Bio\"}]},{\"@type\":\"WebSite\",\"@id\":\"https:\/\/shop-physiolac-staging-interne.leserviceweb.com\/#website\",\"url\":\"https:\/\/shop-physiolac-staging-interne.leserviceweb.com\/\",\"name\":\"Eshop Physiolac\",\"description\":\"Un site utilisant WordPress\",\"publisher\":{\"@id\":\"https:\/\/shop-physiolac-staging-interne.leserviceweb.com\/#organization\"},\"potentialAction\":[{\"@type\":\"SearchAction\",\"target\":{\"@type\":\"EntryPoint\",\"urlTemplate\":\"https:\/\/shop-physiolac-staging-interne.leserviceweb.com\/?s={search_term_string}\"},\"query-input\":{\"@type\":\"PropertyValueSpecification\",\"valueRequired\":true,\"valueName\":\"search_term_string\"}}],\"inLanguage\":\"en-US\"},{\"@type\":\"Organization\",\"@id\":\"https:\/\/shop-physiolac-staging-interne.leserviceweb.com\/#organization\",\"name\":\"Physiolac\",\"url\":\"https:\/\/shop-physiolac-staging-interne.leserviceweb.com\/\",\"logo\":{\"@type\":\"ImageObject\",\"inLanguage\":\"en-US\",\"@id\":\"https:\/\/shop-physiolac-staging-interne.leserviceweb.com\/#\/schema\/logo\/image\/\",\"url\":\"https:\/\/shop-physiolac-staging-interne.leserviceweb.com\/wp-content\/uploads\/2022\/07\/logo-physiolac-lg.svg\",\"contentUrl\":\"https:\/\/shop-physiolac-staging-interne.leserviceweb.com\/wp-content\/uploads\/2022\/07\/logo-physiolac-lg.svg\",\"width\":\"1024\",\"height\":\"1024\",\"caption\":\"Physiolac\"},\"image\":{\"@id\":\"https:\/\/shop-physiolac-staging-interne.leserviceweb.com\/#\/schema\/logo\/image\/\"},\"sameAs\":[\"https:\/\/www.facebook.com\/physiolac.official\",\"https:\/\/www.instagram.com\/physiolac\/\"]}]}<\/script>\n<!-- \/ Yoast SEO plugin. -->","yoast_head_json":{"title":"Lait de Croissance Bio - 10 \u00e0 36 mois - Fabriqu\u00e9 en France | Physiolac","description":"D\u00e9couvrez le Lait infantile BIO pour le biberon de b\u00e9b\u00e9 10 \u00e0 36 mois. Lait croissance 3i\u00e8me \u00e2ge. Sans huile de palme. Fabriqu\u00e9 en France","robots":{"index":"noindex","follow":"follow","max-snippet":"max-snippet:-1","max-image-preview":"max-image-preview:large","max-video-preview":"max-video-preview:-1"},"og_locale":"en_US","og_type":"article","og_title":"Lait de Croissance Bio - 10 \u00e0 36 mois - Fabriqu\u00e9 en France | Physiolac","og_description":"D\u00e9couvrez le Lait infantile BIO pour le biberon de b\u00e9b\u00e9 10 \u00e0 36 mois. Lait croissance 3i\u00e8me \u00e2ge. Sans huile de palme. Fabriqu\u00e9 en France","og_url":"https:\/\/shop-physiolac-staging-interne.leserviceweb.com\/nos-produits\/lait-de-croissance-bio\/","og_site_name":"Eshop Physiolac","article_publisher":"https:\/\/www.facebook.com\/physiolac.official","article_modified_time":"2025-11-06T11:23:57+00:00","og_image":[{"width":1080,"height":1080,"url":"https:\/\/shop-physiolac-staging-interne.leserviceweb.com\/wp-content\/uploads\/2023\/10\/LAC-612418-3518646124181-EPS_06-23-2.webp","type":"image\/webp"}],"twitter_card":"summary_large_image","twitter_title":"Lait de Croissance Bio - 10-36 mois - Fabriqu\u00e9 en Vend\u00e9e | Acheter en ligne | Physiolac","twitter_description":"Lait infantile BIO pour le biberon de b\u00e9b\u00e9 10-36 mois. Lait croissance 3i\u00e8me \u00e2ge. Sans huile de palme. Fabriqu\u00e9 en France","twitter_misc":{"Est. reading time":"2 minutes"},"schema":{"@context":"https:\/\/schema.org","@graph":[{"@type":"WebPage","@id":"https:\/\/shop-physiolac-staging-interne.leserviceweb.com\/nos-produits\/lait-de-croissance-bio\/","url":"https:\/\/shop-physiolac-staging-interne.leserviceweb.com\/nos-produits\/lait-de-croissance-bio\/","name":"Lait de Croissance Bio - 10 \u00e0 36 mois - Fabriqu\u00e9 en France | Physiolac","isPartOf":{"@id":"https:\/\/shop-physiolac-staging-interne.leserviceweb.com\/#website"},"primaryImageOfPage":{"@id":"https:\/\/shop-physiolac-staging-interne.leserviceweb.com\/nos-produits\/lait-de-croissance-bio\/#primaryimage"},"image":{"@id":"https:\/\/shop-physiolac-staging-interne.leserviceweb.com\/nos-produits\/lait-de-croissance-bio\/#primaryimage"},"thumbnailUrl":"https:\/\/shop-physiolac-staging-interne.leserviceweb.com\/wp-content\/uploads\/2024\/05\/LAC-612418-3518646124181-EPS_06-23.png","datePublished":"2022-07-13T13:36:50+00:00","dateModified":"2025-11-06T11:23:57+00:00","description":"D\u00e9couvrez le Lait infantile BIO pour le biberon de b\u00e9b\u00e9 10 \u00e0 36 mois. Lait croissance 3i\u00e8me \u00e2ge. Sans huile de palme. Fabriqu\u00e9 en France","breadcrumb":{"@id":"https:\/\/shop-physiolac-staging-interne.leserviceweb.com\/nos-produits\/lait-de-croissance-bio\/#breadcrumb"},"inLanguage":"en-US","potentialAction":[{"@type":"ReadAction","target":["https:\/\/shop-physiolac-staging-interne.leserviceweb.com\/nos-produits\/lait-de-croissance-bio\/"]}]},{"@type":"ImageObject","inLanguage":"en-US","@id":"https:\/\/shop-physiolac-staging-interne.leserviceweb.com\/nos-produits\/lait-de-croissance-bio\/#primaryimage","url":"https:\/\/shop-physiolac-staging-interne.leserviceweb.com\/wp-content\/uploads\/2024\/05\/LAC-612418-3518646124181-EPS_06-23.png","contentUrl":"https:\/\/shop-physiolac-staging-interne.leserviceweb.com\/wp-content\/uploads\/2024\/05\/LAC-612418-3518646124181-EPS_06-23.png","width":1080,"height":1080,"caption":"PHYSIOLAC Lait de croissance Bio"},{"@type":"BreadcrumbList","@id":"https:\/\/shop-physiolac-staging-interne.leserviceweb.com\/nos-produits\/lait-de-croissance-bio\/#breadcrumb","itemListElement":[{"@type":"ListItem","position":1,"name":"Accueil","item":"https:\/\/shop-physiolac-staging-interne.leserviceweb.com\/"},{"@type":"ListItem","position":2,"name":"Nos Produits","item":"https:\/\/shop-physiolac-staging-interne.leserviceweb.com\/nos-produits\/"},{"@type":"ListItem","position":3,"name":"Lait de croissance Bio"}]},{"@type":"WebSite","@id":"https:\/\/shop-physiolac-staging-interne.leserviceweb.com\/#website","url":"https:\/\/shop-physiolac-staging-interne.leserviceweb.com\/","name":"Eshop Physiolac","description":"Un site utilisant WordPress","publisher":{"@id":"https:\/\/shop-physiolac-staging-interne.leserviceweb.com\/#organization"},"potentialAction":[{"@type":"SearchAction","target":{"@type":"EntryPoint","urlTemplate":"https:\/\/shop-physiolac-staging-interne.leserviceweb.com\/?s={search_term_string}"},"query-input":{"@type":"PropertyValueSpecification","valueRequired":true,"valueName":"search_term_string"}}],"inLanguage":"en-US"},{"@type":"Organization","@id":"https:\/\/shop-physiolac-staging-interne.leserviceweb.com\/#organization","name":"Physiolac","url":"https:\/\/shop-physiolac-staging-interne.leserviceweb.com\/","logo":{"@type":"ImageObject","inLanguage":"en-US","@id":"https:\/\/shop-physiolac-staging-interne.leserviceweb.com\/#\/schema\/logo\/image\/","url":"https:\/\/shop-physiolac-staging-interne.leserviceweb.com\/wp-content\/uploads\/2022\/07\/logo-physiolac-lg.svg","contentUrl":"https:\/\/shop-physiolac-staging-interne.leserviceweb.com\/wp-content\/uploads\/2022\/07\/logo-physiolac-lg.svg","width":"1024","height":"1024","caption":"Physiolac"},"image":{"@id":"https:\/\/shop-physiolac-staging-interne.leserviceweb.com\/#\/schema\/logo\/image\/"},"sameAs":["https:\/\/www.facebook.com\/physiolac.official","https:\/\/www.instagram.com\/physiolac\/"]}]}},"_links":{"self":[{"href":"https:\/\/shop-physiolac-staging-interne.leserviceweb.com\/en\/wp-json\/wp\/v2\/product\/1058","targetHints":{"allow":["GET"]}}],"collection":[{"href":"https:\/\/shop-physiolac-staging-interne.leserviceweb.com\/en\/wp-json\/wp\/v2\/product"}],"about":[{"href":"https:\/\/shop-physiolac-staging-interne.leserviceweb.com\/en\/wp-json\/wp\/v2\/types\/product"}],"wp:featuredmedia":[{"embeddable":true,"href":"https:\/\/shop-physiolac-staging-interne.leserviceweb.com\/en\/wp-json\/wp\/v2\/media\/118048"}],"wp:attachment":[{"href":"https:\/\/shop-physiolac-staging-interne.leserviceweb.com\/en\/wp-json\/wp\/v2\/media?parent=1058"}],"wp:term":[{"taxonomy":"product_brand","embeddable":true,"href":"https:\/\/shop-physiolac-staging-interne.leserviceweb.com\/en\/wp-json\/wp\/v2\/product_brand?post=1058"},{"taxonomy":"product_cat","embeddable":true,"href":"https:\/\/shop-physiolac-staging-interne.leserviceweb.com\/en\/wp-json\/wp\/v2\/product_cat?post=1058"},{"taxonomy":"product_tag","embeddable":true,"href":"https:\/\/shop-physiolac-staging-interne.leserviceweb.com\/en\/wp-json\/wp\/v2\/product_tag?post=1058"}],"curies":[{"name":"wp","href":"https:\/\/api.w.org\/{rel}","templated":true}]}}