{"id":1057,"date":"2022-07-13T15:36:31","date_gmt":"2022-07-13T13:36:31","guid":{"rendered":"https:\/\/shop-physiolac-staging-interne.leserviceweb.com\/nos-produits\/biscuits-bebe-banane-bio\/"},"modified":"2024-10-21T05:01:00","modified_gmt":"2024-10-21T03:01:00","slug":"biscuits-bebe-banane-bio","status":"publish","type":"product","link":"https:\/\/shop-physiolac-staging-interne.leserviceweb.com\/en\/nos-produits\/biscuits-bebe-banane-bio\/","title":{"rendered":"Biscuits b\u00e9b\u00e9 Banane Bio"},"content":{"rendered":"<p>Les <strong>biscuits Physiolac Bio<\/strong> \u00e0 l\u2019ar\u00f4me naturel de banane sont sp\u00e9cialement \u00e9labor\u00e9s pour les enfants <strong>d\u00e8s 10 mois<\/strong>, afin de <strong>diversifier l\u2019alimentation de b\u00e9b\u00e9.&nbsp;<\/strong><\/p>\n<p>La texture de ce g\u00e2teau pour b\u00e9b\u00e9 est \u00e0 la fois craquante (pour aider \u00e0 la perc\u00e9e des dents) et fondante en bouche (pour aider \u00e0 la d\u00e9glutition). B\u00e9b\u00e9 peut m\u00e2chouiller, sucer, croquer son biscuit dont la taille et la forme ergonomique s\u2019adaptent \u00e0 ses petites mains et d\u00e9veloppent ainsi sa motricit\u00e9 et son autonomie.<\/p>\n<div>Les biscuits Physiolac Bio peuvent se d\u00e9guster de deux fa\u00e7ons diff\u00e9rentes pour le plus grand plaisir de b\u00e9b\u00e9 :<\/div>\n<ul>\n<li>\n<div>directement \u00e0 la main**,<\/div>\n<\/li>\n<li>\n<div>ou \u00e9cras\u00e9 dans du lait en bouillie.<\/div>\n<\/li>\n<\/ul>\n<div>Le biscuit doit toujours \u00eatre d\u00e9gust\u00e9 sous la surveillance permanente d\u2019un adulte.<\/div>\n<div>&nbsp;<\/div>\n<div>Sans conservateurs* ni colorants***, les biscuits Physiolac Bio au&nbsp;<strong>go\u00fbt banane<\/strong>, si appr\u00e9ci\u00e9 de b\u00e9b\u00e9, apportent une note douce et gourmande \u00e0 sa pause go\u00fbter.<br \/>\nPour plus de praticit\u00e9 et une meilleure conservation, les biscuits b\u00e9b\u00e9 Physiolac Bio sont <strong>conditionn\u00e9s en \u00e9tui de 4 g\u00e2teaux<\/strong>. Id\u00e9al pour les sorties en vadrouille !<\/div>\n<div>&nbsp;<\/div>\n<div>* Conform\u00e9ment \u00e0 la r\u00e9glementation sur le mode de production biologique et la r\u00e9glementation des aliments de l&#8217;enfance.<\/div>\n<div>** S\u2019il se tient bien assis et bien droit, s\u2019il a des dents et mange d\u00e9j\u00e0 des morceaux en croquant.<\/div>\n<div>*** Conform\u00e9ment \u00e0 la r\u00e9glementation sur les produits de l\u2019alimentation infantile.<\/div>\n","protected":false},"excerpt":{"rendered":"<p>Mon premier biscuit Bio \u00e0 l&#8217;ar\u00f4me naturel de Banane est adapt\u00e9 aux enfants \u00e0 partir de 10 mois. Sans huile de palme, ce go\u00fbter comble les petites faims de b\u00e9b\u00e9 et l\u2019\u00e9veille \u00e0 une nouvelle texture craquante et fondante. Cet \u00e9tui contient 24 biscuits soit 6 sachets de 4 biscuits.<\/p>\n","protected":false},"featured_media":120583,"template":"","meta":{"_acf_changed":false,"inline_featured_image":false},"product_brand":[],"product_cat":[25],"product_tag":[],"class_list":{"0":"post-1057","1":"product","2":"type-product","3":"status-publish","4":"has-post-thumbnail","6":"product_cat-cereales-bebe","8":"first","9":"outofstock","10":"taxable","11":"shipping-taxable","12":"purchasable","13":"product-type-simple"},"bundled_by":[],"bundle_stock_status":"outofstock","bundle_stock_quantity":-5,"bundle_virtual":false,"bundle_layout":"","bundle_add_to_cart_form_location":"","bundle_editable_in_cart":false,"bundle_sold_individually_context":"","bundle_item_grouping":"","bundle_min_size":"","bundle_max_size":"","bundle_price":[],"bundled_items":[],"bundle_sell_ids":[],"acf":[],"yoast_head":"<!-- This site is optimized with the Yoast SEO plugin v25.2 - https:\/\/yoast.com\/wordpress\/plugins\/seo\/ -->\n<title>Boudoirs B\u00e9b\u00e9 Bio Banane - D\u00e8s 10 mois | Physiolac<\/title>\n<meta name=\"description\" content=\"D\u00e9couvrez les Boudoirs Biscuits B\u00e9b\u00e9 Bio \u00e0 l&#039;ar\u00f4me naturel de banane pour les b\u00e9b\u00e9s d\u00e8s 10 mois \u00e9labor\u00e9 avec une texture fondante. Biscuits certifi\u00e9s Agriculture Biologique sans huile de palme. Diversification alimentaire.\" \/>\n<meta name=\"robots\" content=\"noindex, follow, max-snippet:-1, max-image-preview:large, max-video-preview:-1\" \/>\n<meta property=\"og:locale\" content=\"en_US\" \/>\n<meta property=\"og:type\" content=\"article\" \/>\n<meta property=\"og:title\" content=\"Boudoirs B\u00e9b\u00e9 Bio Banane - D\u00e8s 10 mois | Physiolac\" \/>\n<meta property=\"og:description\" content=\"D\u00e9couvrez les Boudoirs Biscuits B\u00e9b\u00e9 Bio \u00e0 l&#039;ar\u00f4me naturel de banane pour les b\u00e9b\u00e9s d\u00e8s 10 mois \u00e9labor\u00e9 avec une texture fondante. Biscuits certifi\u00e9s Agriculture Biologique sans huile de palme. Diversification alimentaire.\" \/>\n<meta property=\"og:url\" content=\"https:\/\/shop-physiolac-staging-interne.leserviceweb.com\/nos-produits\/biscuits-bebe-banane-bio\/\" \/>\n<meta property=\"og:site_name\" content=\"Eshop Physiolac\" \/>\n<meta property=\"article:publisher\" content=\"https:\/\/www.facebook.com\/physiolac.official\" \/>\n<meta property=\"article:modified_time\" content=\"2024-10-21T03:01:00+00:00\" \/>\n<meta property=\"og:image\" content=\"https:\/\/shop-physiolac-staging-interne.leserviceweb.com\/wp-content\/uploads\/2023\/09\/LAC-612793-3518646127939-ES.webp\" \/>\n\t<meta property=\"og:image:width\" content=\"1080\" \/>\n\t<meta property=\"og:image:height\" content=\"1080\" \/>\n\t<meta property=\"og:image:type\" content=\"image\/webp\" \/>\n<meta name=\"twitter:card\" content=\"summary_large_image\" \/>\n<meta name=\"twitter:title\" content=\"Biscuits B\u00e9b\u00e9 Banane Bio - Fabriqu\u00e9 en France | Acheter en ligne | Physiolac\" \/>\n<meta name=\"twitter:description\" content=\"Biscuit B\u00e9b\u00e9 Bio \u00e0 l&#039;ar\u00f4me naturel de banane pour les b\u00e9b\u00e9s d\u00e8s 10 mois \u00e9labor\u00e9 avec une texture fondante. Biscuits certifi\u00e9s Agriculture Biologique sans huile de palme. Diversification alimentaire.\" \/>\n<meta name=\"twitter:label1\" content=\"Est. reading time\" \/>\n\t<meta name=\"twitter:data1\" content=\"2 minutes\" \/>\n<script type=\"application\/ld+json\" class=\"yoast-schema-graph\">{\"@context\":\"https:\/\/schema.org\",\"@graph\":[{\"@type\":\"WebPage\",\"@id\":\"https:\/\/shop-physiolac-staging-interne.leserviceweb.com\/nos-produits\/biscuits-bebe-banane-bio\/\",\"url\":\"https:\/\/shop-physiolac-staging-interne.leserviceweb.com\/nos-produits\/biscuits-bebe-banane-bio\/\",\"name\":\"Boudoirs B\u00e9b\u00e9 Bio Banane - D\u00e8s 10 mois | Physiolac\",\"isPartOf\":{\"@id\":\"https:\/\/shop-physiolac-staging-interne.leserviceweb.com\/#website\"},\"primaryImageOfPage\":{\"@id\":\"https:\/\/shop-physiolac-staging-interne.leserviceweb.com\/nos-produits\/biscuits-bebe-banane-bio\/#primaryimage\"},\"image\":{\"@id\":\"https:\/\/shop-physiolac-staging-interne.leserviceweb.com\/nos-produits\/biscuits-bebe-banane-bio\/#primaryimage\"},\"thumbnailUrl\":\"https:\/\/shop-physiolac-staging-interne.leserviceweb.com\/wp-content\/uploads\/2024\/10\/LAC-612793-lac-612793-3518646127939-es_1-2.webp\",\"datePublished\":\"2022-07-13T13:36:31+00:00\",\"dateModified\":\"2024-10-21T03:01:00+00:00\",\"description\":\"D\u00e9couvrez les Boudoirs Biscuits B\u00e9b\u00e9 Bio \u00e0 l'ar\u00f4me naturel de banane pour les b\u00e9b\u00e9s d\u00e8s 10 mois \u00e9labor\u00e9 avec une texture fondante. Biscuits certifi\u00e9s Agriculture Biologique sans huile de palme. Diversification alimentaire.\",\"breadcrumb\":{\"@id\":\"https:\/\/shop-physiolac-staging-interne.leserviceweb.com\/nos-produits\/biscuits-bebe-banane-bio\/#breadcrumb\"},\"inLanguage\":\"en-US\",\"potentialAction\":[{\"@type\":\"ReadAction\",\"target\":[\"https:\/\/shop-physiolac-staging-interne.leserviceweb.com\/nos-produits\/biscuits-bebe-banane-bio\/\"]}]},{\"@type\":\"ImageObject\",\"inLanguage\":\"en-US\",\"@id\":\"https:\/\/shop-physiolac-staging-interne.leserviceweb.com\/nos-produits\/biscuits-bebe-banane-bio\/#primaryimage\",\"url\":\"https:\/\/shop-physiolac-staging-interne.leserviceweb.com\/wp-content\/uploads\/2024\/10\/LAC-612793-lac-612793-3518646127939-es_1-2.webp\",\"contentUrl\":\"https:\/\/shop-physiolac-staging-interne.leserviceweb.com\/wp-content\/uploads\/2024\/10\/LAC-612793-lac-612793-3518646127939-es_1-2.webp\",\"width\":1080,\"height\":1080,\"caption\":\"PHYSIOLAC Biscuits b\u00e9b\u00e9 Banane Bio\"},{\"@type\":\"BreadcrumbList\",\"@id\":\"https:\/\/shop-physiolac-staging-interne.leserviceweb.com\/nos-produits\/biscuits-bebe-banane-bio\/#breadcrumb\",\"itemListElement\":[{\"@type\":\"ListItem\",\"position\":1,\"name\":\"Accueil\",\"item\":\"https:\/\/shop-physiolac-staging-interne.leserviceweb.com\/\"},{\"@type\":\"ListItem\",\"position\":2,\"name\":\"Nos Produits\",\"item\":\"https:\/\/shop-physiolac-staging-interne.leserviceweb.com\/nos-produits\/\"},{\"@type\":\"ListItem\",\"position\":3,\"name\":\"Biscuits b\u00e9b\u00e9 Banane Bio\"}]},{\"@type\":\"WebSite\",\"@id\":\"https:\/\/shop-physiolac-staging-interne.leserviceweb.com\/#website\",\"url\":\"https:\/\/shop-physiolac-staging-interne.leserviceweb.com\/\",\"name\":\"Eshop Physiolac\",\"description\":\"Un site utilisant WordPress\",\"publisher\":{\"@id\":\"https:\/\/shop-physiolac-staging-interne.leserviceweb.com\/#organization\"},\"potentialAction\":[{\"@type\":\"SearchAction\",\"target\":{\"@type\":\"EntryPoint\",\"urlTemplate\":\"https:\/\/shop-physiolac-staging-interne.leserviceweb.com\/?s={search_term_string}\"},\"query-input\":{\"@type\":\"PropertyValueSpecification\",\"valueRequired\":true,\"valueName\":\"search_term_string\"}}],\"inLanguage\":\"en-US\"},{\"@type\":\"Organization\",\"@id\":\"https:\/\/shop-physiolac-staging-interne.leserviceweb.com\/#organization\",\"name\":\"Physiolac\",\"url\":\"https:\/\/shop-physiolac-staging-interne.leserviceweb.com\/\",\"logo\":{\"@type\":\"ImageObject\",\"inLanguage\":\"en-US\",\"@id\":\"https:\/\/shop-physiolac-staging-interne.leserviceweb.com\/#\/schema\/logo\/image\/\",\"url\":\"https:\/\/shop-physiolac-staging-interne.leserviceweb.com\/wp-content\/uploads\/2022\/07\/logo-physiolac-lg.svg\",\"contentUrl\":\"https:\/\/shop-physiolac-staging-interne.leserviceweb.com\/wp-content\/uploads\/2022\/07\/logo-physiolac-lg.svg\",\"width\":\"1024\",\"height\":\"1024\",\"caption\":\"Physiolac\"},\"image\":{\"@id\":\"https:\/\/shop-physiolac-staging-interne.leserviceweb.com\/#\/schema\/logo\/image\/\"},\"sameAs\":[\"https:\/\/www.facebook.com\/physiolac.official\",\"https:\/\/www.instagram.com\/physiolac\/\"]}]}<\/script>\n<!-- \/ Yoast SEO plugin. -->","yoast_head_json":{"title":"Boudoirs B\u00e9b\u00e9 Bio Banane - D\u00e8s 10 mois | Physiolac","description":"D\u00e9couvrez les Boudoirs Biscuits B\u00e9b\u00e9 Bio \u00e0 l'ar\u00f4me naturel de banane pour les b\u00e9b\u00e9s d\u00e8s 10 mois \u00e9labor\u00e9 avec une texture fondante. Biscuits certifi\u00e9s Agriculture Biologique sans huile de palme. Diversification alimentaire.","robots":{"index":"noindex","follow":"follow","max-snippet":"max-snippet:-1","max-image-preview":"max-image-preview:large","max-video-preview":"max-video-preview:-1"},"og_locale":"en_US","og_type":"article","og_title":"Boudoirs B\u00e9b\u00e9 Bio Banane - D\u00e8s 10 mois | Physiolac","og_description":"D\u00e9couvrez les Boudoirs Biscuits B\u00e9b\u00e9 Bio \u00e0 l'ar\u00f4me naturel de banane pour les b\u00e9b\u00e9s d\u00e8s 10 mois \u00e9labor\u00e9 avec une texture fondante. Biscuits certifi\u00e9s Agriculture Biologique sans huile de palme. Diversification alimentaire.","og_url":"https:\/\/shop-physiolac-staging-interne.leserviceweb.com\/nos-produits\/biscuits-bebe-banane-bio\/","og_site_name":"Eshop Physiolac","article_publisher":"https:\/\/www.facebook.com\/physiolac.official","article_modified_time":"2024-10-21T03:01:00+00:00","og_image":[{"width":1080,"height":1080,"url":"https:\/\/shop-physiolac-staging-interne.leserviceweb.com\/wp-content\/uploads\/2023\/09\/LAC-612793-3518646127939-ES.webp","type":"image\/webp"}],"twitter_card":"summary_large_image","twitter_title":"Biscuits B\u00e9b\u00e9 Banane Bio - Fabriqu\u00e9 en France | Acheter en ligne | Physiolac","twitter_description":"Biscuit B\u00e9b\u00e9 Bio \u00e0 l'ar\u00f4me naturel de banane pour les b\u00e9b\u00e9s d\u00e8s 10 mois \u00e9labor\u00e9 avec une texture fondante. Biscuits certifi\u00e9s Agriculture Biologique sans huile de palme. Diversification alimentaire.","twitter_misc":{"Est. reading time":"2 minutes"},"schema":{"@context":"https:\/\/schema.org","@graph":[{"@type":"WebPage","@id":"https:\/\/shop-physiolac-staging-interne.leserviceweb.com\/nos-produits\/biscuits-bebe-banane-bio\/","url":"https:\/\/shop-physiolac-staging-interne.leserviceweb.com\/nos-produits\/biscuits-bebe-banane-bio\/","name":"Boudoirs B\u00e9b\u00e9 Bio Banane - D\u00e8s 10 mois | Physiolac","isPartOf":{"@id":"https:\/\/shop-physiolac-staging-interne.leserviceweb.com\/#website"},"primaryImageOfPage":{"@id":"https:\/\/shop-physiolac-staging-interne.leserviceweb.com\/nos-produits\/biscuits-bebe-banane-bio\/#primaryimage"},"image":{"@id":"https:\/\/shop-physiolac-staging-interne.leserviceweb.com\/nos-produits\/biscuits-bebe-banane-bio\/#primaryimage"},"thumbnailUrl":"https:\/\/shop-physiolac-staging-interne.leserviceweb.com\/wp-content\/uploads\/2024\/10\/LAC-612793-lac-612793-3518646127939-es_1-2.webp","datePublished":"2022-07-13T13:36:31+00:00","dateModified":"2024-10-21T03:01:00+00:00","description":"D\u00e9couvrez les Boudoirs Biscuits B\u00e9b\u00e9 Bio \u00e0 l'ar\u00f4me naturel de banane pour les b\u00e9b\u00e9s d\u00e8s 10 mois \u00e9labor\u00e9 avec une texture fondante. Biscuits certifi\u00e9s Agriculture Biologique sans huile de palme. Diversification alimentaire.","breadcrumb":{"@id":"https:\/\/shop-physiolac-staging-interne.leserviceweb.com\/nos-produits\/biscuits-bebe-banane-bio\/#breadcrumb"},"inLanguage":"en-US","potentialAction":[{"@type":"ReadAction","target":["https:\/\/shop-physiolac-staging-interne.leserviceweb.com\/nos-produits\/biscuits-bebe-banane-bio\/"]}]},{"@type":"ImageObject","inLanguage":"en-US","@id":"https:\/\/shop-physiolac-staging-interne.leserviceweb.com\/nos-produits\/biscuits-bebe-banane-bio\/#primaryimage","url":"https:\/\/shop-physiolac-staging-interne.leserviceweb.com\/wp-content\/uploads\/2024\/10\/LAC-612793-lac-612793-3518646127939-es_1-2.webp","contentUrl":"https:\/\/shop-physiolac-staging-interne.leserviceweb.com\/wp-content\/uploads\/2024\/10\/LAC-612793-lac-612793-3518646127939-es_1-2.webp","width":1080,"height":1080,"caption":"PHYSIOLAC Biscuits b\u00e9b\u00e9 Banane Bio"},{"@type":"BreadcrumbList","@id":"https:\/\/shop-physiolac-staging-interne.leserviceweb.com\/nos-produits\/biscuits-bebe-banane-bio\/#breadcrumb","itemListElement":[{"@type":"ListItem","position":1,"name":"Accueil","item":"https:\/\/shop-physiolac-staging-interne.leserviceweb.com\/"},{"@type":"ListItem","position":2,"name":"Nos Produits","item":"https:\/\/shop-physiolac-staging-interne.leserviceweb.com\/nos-produits\/"},{"@type":"ListItem","position":3,"name":"Biscuits b\u00e9b\u00e9 Banane Bio"}]},{"@type":"WebSite","@id":"https:\/\/shop-physiolac-staging-interne.leserviceweb.com\/#website","url":"https:\/\/shop-physiolac-staging-interne.leserviceweb.com\/","name":"Eshop Physiolac","description":"Un site utilisant WordPress","publisher":{"@id":"https:\/\/shop-physiolac-staging-interne.leserviceweb.com\/#organization"},"potentialAction":[{"@type":"SearchAction","target":{"@type":"EntryPoint","urlTemplate":"https:\/\/shop-physiolac-staging-interne.leserviceweb.com\/?s={search_term_string}"},"query-input":{"@type":"PropertyValueSpecification","valueRequired":true,"valueName":"search_term_string"}}],"inLanguage":"en-US"},{"@type":"Organization","@id":"https:\/\/shop-physiolac-staging-interne.leserviceweb.com\/#organization","name":"Physiolac","url":"https:\/\/shop-physiolac-staging-interne.leserviceweb.com\/","logo":{"@type":"ImageObject","inLanguage":"en-US","@id":"https:\/\/shop-physiolac-staging-interne.leserviceweb.com\/#\/schema\/logo\/image\/","url":"https:\/\/shop-physiolac-staging-interne.leserviceweb.com\/wp-content\/uploads\/2022\/07\/logo-physiolac-lg.svg","contentUrl":"https:\/\/shop-physiolac-staging-interne.leserviceweb.com\/wp-content\/uploads\/2022\/07\/logo-physiolac-lg.svg","width":"1024","height":"1024","caption":"Physiolac"},"image":{"@id":"https:\/\/shop-physiolac-staging-interne.leserviceweb.com\/#\/schema\/logo\/image\/"},"sameAs":["https:\/\/www.facebook.com\/physiolac.official","https:\/\/www.instagram.com\/physiolac\/"]}]}},"_links":{"self":[{"href":"https:\/\/shop-physiolac-staging-interne.leserviceweb.com\/en\/wp-json\/wp\/v2\/product\/1057","targetHints":{"allow":["GET"]}}],"collection":[{"href":"https:\/\/shop-physiolac-staging-interne.leserviceweb.com\/en\/wp-json\/wp\/v2\/product"}],"about":[{"href":"https:\/\/shop-physiolac-staging-interne.leserviceweb.com\/en\/wp-json\/wp\/v2\/types\/product"}],"wp:featuredmedia":[{"embeddable":true,"href":"https:\/\/shop-physiolac-staging-interne.leserviceweb.com\/en\/wp-json\/wp\/v2\/media\/120583"}],"wp:attachment":[{"href":"https:\/\/shop-physiolac-staging-interne.leserviceweb.com\/en\/wp-json\/wp\/v2\/media?parent=1057"}],"wp:term":[{"taxonomy":"product_brand","embeddable":true,"href":"https:\/\/shop-physiolac-staging-interne.leserviceweb.com\/en\/wp-json\/wp\/v2\/product_brand?post=1057"},{"taxonomy":"product_cat","embeddable":true,"href":"https:\/\/shop-physiolac-staging-interne.leserviceweb.com\/en\/wp-json\/wp\/v2\/product_cat?post=1057"},{"taxonomy":"product_tag","embeddable":true,"href":"https:\/\/shop-physiolac-staging-interne.leserviceweb.com\/en\/wp-json\/wp\/v2\/product_tag?post=1057"}],"curies":[{"name":"wp","href":"https:\/\/api.w.org\/{rel}","templated":true}]}}